{"id":13149,"date":"2025-06-29T14:51:40","date_gmt":"2025-06-29T12:51:40","guid":{"rendered":"https:\/\/uj.adatbank.ro\/lexikon\/termek\/kozak-marton\/"},"modified":"2025-06-29T14:51:40","modified_gmt":"2025-06-29T12:51:40","slug":"kozak-marton","status":"publish","type":"product","link":"https:\/\/uj.adatbank.ro\/lexikon\/termek\/kozak-marton\/","title":{"rendered":"KOZ\u00c1K M\u00e1rton"},"content":{"rendered":"<p>? \u2020 ? : honv\u00e9d. \u2013 A s\u00e1rosr\u00f3l \u00c1d\u00e1mosra k\u00f6lt\u00f6z\u00f6tt cig\u00e1ny csal\u00e1d tagja. Honv\u00e9d (1848\u201349). <br \/><strong>Irod.:<\/strong> Erd\u00e9lyi unit. 1848\u201349.<\/br><\/p>\n","protected":false},"excerpt":{"rendered":"<p>? \u2020 ? : honv\u00e9d. \u2013 A s\u00e1rosr\u00f3l \u00c1d\u00e1mosra k\u00f6lt\u00f6z\u00f6tt cig\u00e1ny csal\u00e1d tagja. Honv\u00e9d (1848\u201349). Irod.: Erd\u00e9lyi unit. 1848\u201349.<\/p>\n","protected":false},"featured_media":0,"comment_status":"open","ping_status":"closed","template":"","meta":[],"product_brand":[],"product_cat":[137],"product_tag":[],"class_list":{"0":"post-13149","1":"product","2":"type-product","3":"status-publish","5":"product_cat-maros-megyei-eletrajzi-lexikon","7":"first","8":"instock","9":"shipping-taxable","10":"product-type-simple"},"_links":{"self":[{"href":"https:\/\/uj.adatbank.ro\/lexikon\/wp-json\/wp\/v2\/product\/13149","targetHints":{"allow":["GET"]}}],"collection":[{"href":"https:\/\/uj.adatbank.ro\/lexikon\/wp-json\/wp\/v2\/product"}],"about":[{"href":"https:\/\/uj.adatbank.ro\/lexikon\/wp-json\/wp\/v2\/types\/product"}],"replies":[{"embeddable":true,"href":"https:\/\/uj.adatbank.ro\/lexikon\/wp-json\/wp\/v2\/comments?post=13149"}],"wp:attachment":[{"href":"https:\/\/uj.adatbank.ro\/lexikon\/wp-json\/wp\/v2\/media?parent=13149"}],"wp:term":[{"taxonomy":"product_brand","embeddable":true,"href":"https:\/\/uj.adatbank.ro\/lexikon\/wp-json\/wp\/v2\/product_brand?post=13149"},{"taxonomy":"product_cat","embeddable":true,"href":"https:\/\/uj.adatbank.ro\/lexikon\/wp-json\/wp\/v2\/product_cat?post=13149"},{"taxonomy":"product_tag","embeddable":true,"href":"https:\/\/uj.adatbank.ro\/lexikon\/wp-json\/wp\/v2\/product_tag?post=13149"}],"curies":[{"name":"wp","href":"https:\/\/api.w.org\/{rel}","templated":true}]}}