{"id":13150,"date":"2025-06-29T14:51:42","date_gmt":"2025-06-29T12:51:42","guid":{"rendered":"https:\/\/uj.adatbank.ro\/lexikon\/termek\/kozi-putti-albert\/"},"modified":"2025-06-29T14:51:42","modified_gmt":"2025-06-29T12:51:42","slug":"kozi-putti-albert","status":"publish","type":"product","link":"https:\/\/uj.adatbank.ro\/lexikon\/termek\/kozi-putti-albert\/","title":{"rendered":"KOZI (Putti) Albert"},"content":{"rendered":"<p>Nagyteremi, 1916. nov. 26. \u2020 ? : k\u0151m\u0171ves. \u2013 B\u00edr\u00f3s\u00e1g el\u00e9 \u00e1ll\u00edtott\u00e1k. Sz\u00e9kelykakasdon letart\u00f3ztatt\u00e1k mint Jehova-tan\u00fat \u00e9s megv\u00e1dolta a MAT Katonai \u00dcgy\u00e9szs\u00e9ge a t\u00e1rsadalmi rend elleni mesterked\u00e9s v\u00e1dj\u00e1val (1956. m\u00e1j. 18.). <br \/><strong>Irod.:<\/strong> 1956 Erd\u00e9lyben<\/br><\/p>\n","protected":false},"excerpt":{"rendered":"<p>Nagyteremi, 1916. nov. 26. \u2020 ? : k\u0151m\u0171ves. \u2013 B\u00edr\u00f3s\u00e1g el\u00e9 \u00e1ll\u00edtott\u00e1k. Sz\u00e9kelykakasdon letart\u00f3ztatt\u00e1k mint Jehova-tan\u00fat \u00e9s megv\u00e1dolta a MAT Katonai \u00dcgy\u00e9szs\u00e9ge a t\u00e1rsadalmi rend elleni mesterked\u00e9s v\u00e1dj\u00e1val (1956. m\u00e1j. 18.). Irod.: 1956 Erd\u00e9lyben<\/p>\n","protected":false},"featured_media":0,"comment_status":"open","ping_status":"closed","template":"","meta":[],"product_brand":[],"product_cat":[137],"product_tag":[],"class_list":{"0":"post-13150","1":"product","2":"type-product","3":"status-publish","5":"product_cat-maros-megyei-eletrajzi-lexikon","7":"first","8":"instock","9":"shipping-taxable","10":"product-type-simple"},"_links":{"self":[{"href":"https:\/\/uj.adatbank.ro\/lexikon\/wp-json\/wp\/v2\/product\/13150","targetHints":{"allow":["GET"]}}],"collection":[{"href":"https:\/\/uj.adatbank.ro\/lexikon\/wp-json\/wp\/v2\/product"}],"about":[{"href":"https:\/\/uj.adatbank.ro\/lexikon\/wp-json\/wp\/v2\/types\/product"}],"replies":[{"embeddable":true,"href":"https:\/\/uj.adatbank.ro\/lexikon\/wp-json\/wp\/v2\/comments?post=13150"}],"wp:attachment":[{"href":"https:\/\/uj.adatbank.ro\/lexikon\/wp-json\/wp\/v2\/media?parent=13150"}],"wp:term":[{"taxonomy":"product_brand","embeddable":true,"href":"https:\/\/uj.adatbank.ro\/lexikon\/wp-json\/wp\/v2\/product_brand?post=13150"},{"taxonomy":"product_cat","embeddable":true,"href":"https:\/\/uj.adatbank.ro\/lexikon\/wp-json\/wp\/v2\/product_cat?post=13150"},{"taxonomy":"product_tag","embeddable":true,"href":"https:\/\/uj.adatbank.ro\/lexikon\/wp-json\/wp\/v2\/product_tag?post=13150"}],"curies":[{"name":"wp","href":"https:\/\/api.w.org\/{rel}","templated":true}]}}