{"id":13151,"date":"2025-06-29T14:51:44","date_gmt":"2025-06-29T12:51:44","guid":{"rendered":"https:\/\/uj.adatbank.ro\/lexikon\/termek\/kozma-aladar\/"},"modified":"2025-06-29T14:51:44","modified_gmt":"2025-06-29T12:51:44","slug":"kozma-aladar","status":"publish","type":"product","link":"https:\/\/uj.adatbank.ro\/lexikon\/termek\/kozma-aladar\/","title":{"rendered":"KOZMA Alad\u00e1r"},"content":{"rendered":"<p>Medgyes, 1880. \u2020 ?: dics\u0151szentm\u00e1rtoni helyettes p\u00e9nz\u00fcgyigazgat\u00f3. \u2013 Apja v\u00e1rmegyei tisztvisel\u0151 volt. Nagybecskereken \u00e9retts\u00e9gizett, Mv.-en k\u00f6zigazgat\u00e1si tanfolyamot v\u00e9gzett. Dics\u0151szentm\u00e1rtonban p\u00e9nz\u00fcgyi p\u00e1ly\u00e1ra l\u00e9pett, amelyen kiv\u00e1l\u00f3 k\u00e9pess\u00e9gei r\u00e9v\u00e9n hamar haldt el\u0151re: helyettes p\u00e9nz\u00fcgyi igazgat\u00f3nak nevezt\u00e9k ki (1930) s mint ilyen r\u00e1termetts\u00e9ggel vett r\u00e9szt a p\u00e9nz\u00fcgyigazgat\u00f3s\u00e1g \u00fcgyeinek vezet\u00e9s\u00e9ben. Kit\u0171n\u0151 gyors\u00edr\u00f3 volt. <br \/><strong>Irod.:<\/strong> Ki kicsoda?<\/br><\/p>\n","protected":false},"excerpt":{"rendered":"<p>Medgyes, 1880. \u2020 ?: dics\u0151szentm\u00e1rtoni helyettes p\u00e9nz\u00fcgyigazgat\u00f3. \u2013 Apja v\u00e1rmegyei tisztvisel\u0151 volt. Nagybecskereken \u00e9retts\u00e9gizett, Mv.-en k\u00f6zigazgat\u00e1si tanfolyamot v\u00e9gzett. Dics\u0151szentm\u00e1rtonban p\u00e9nz\u00fcgyi p\u00e1ly\u00e1ra l\u00e9pett, amelyen kiv\u00e1l\u00f3 k\u00e9pess\u00e9gei r\u00e9v\u00e9n hamar haldt el\u0151re: helyettes p\u00e9nz\u00fcgyi igazgat\u00f3nak nevezt\u00e9k ki (1930) s mint ilyen r\u00e1termetts\u00e9ggel vett r\u00e9szt a p\u00e9nz\u00fcgyigazgat\u00f3s\u00e1g \u00fcgyeinek vezet\u00e9s\u00e9ben. Kit\u0171n\u0151 gyors\u00edr\u00f3 volt. Irod.: Ki kicsoda?<\/p>\n","protected":false},"featured_media":0,"comment_status":"open","ping_status":"closed","template":"","meta":[],"product_brand":[],"product_cat":[137],"product_tag":[],"class_list":{"0":"post-13151","1":"product","2":"type-product","3":"status-publish","5":"product_cat-maros-megyei-eletrajzi-lexikon","7":"first","8":"instock","9":"shipping-taxable","10":"product-type-simple"},"_links":{"self":[{"href":"https:\/\/uj.adatbank.ro\/lexikon\/wp-json\/wp\/v2\/product\/13151","targetHints":{"allow":["GET"]}}],"collection":[{"href":"https:\/\/uj.adatbank.ro\/lexikon\/wp-json\/wp\/v2\/product"}],"about":[{"href":"https:\/\/uj.adatbank.ro\/lexikon\/wp-json\/wp\/v2\/types\/product"}],"replies":[{"embeddable":true,"href":"https:\/\/uj.adatbank.ro\/lexikon\/wp-json\/wp\/v2\/comments?post=13151"}],"wp:attachment":[{"href":"https:\/\/uj.adatbank.ro\/lexikon\/wp-json\/wp\/v2\/media?parent=13151"}],"wp:term":[{"taxonomy":"product_brand","embeddable":true,"href":"https:\/\/uj.adatbank.ro\/lexikon\/wp-json\/wp\/v2\/product_brand?post=13151"},{"taxonomy":"product_cat","embeddable":true,"href":"https:\/\/uj.adatbank.ro\/lexikon\/wp-json\/wp\/v2\/product_cat?post=13151"},{"taxonomy":"product_tag","embeddable":true,"href":"https:\/\/uj.adatbank.ro\/lexikon\/wp-json\/wp\/v2\/product_tag?post=13151"}],"curies":[{"name":"wp","href":"https:\/\/api.w.org\/{rel}","templated":true}]}}