{"id":13152,"date":"2025-06-29T14:51:48","date_gmt":"2025-06-29T12:51:48","guid":{"rendered":"https:\/\/uj.adatbank.ro\/lexikon\/termek\/kozma-andor\/"},"modified":"2025-06-29T14:51:48","modified_gmt":"2025-06-29T12:51:48","slug":"kozma-andor","status":"publish","type":"product","link":"https:\/\/uj.adatbank.ro\/lexikon\/termek\/kozma-andor\/","title":{"rendered":"KOZMA Andor"},"content":{"rendered":"<p>Mv., 1892., \u2020 Sz\u00e1szr\u00e9gen, ?: keresked\u0151. \u2013 Iskol\u00e1it Mv.-en v\u00e9gezte, majd a keresked\u0151i szakm\u00e1t tanulta \u00f6n\u00e1ll\u00f3 lett Sz\u00e1szr\u00e9genben. Az els\u0151 vh.-ban a 22. gy. e.-ben az olasz \u00e9s orosz fronton harcolt, k\u00e9tszer megsebes\u00fclt, mint tartal\u00e9kos \u0151rmester szerelt le, az I. ez\u00fcst, k\u00e9tszer a II. ez\u00fcst, bronz vit. \u00e9rem \u00e9s a K\u00e1roly Csapatkereszt kit\u00fcntetettje volt. Gyergy\u00f3szentmikl\u00f3son mint ellenforradalm\u00e1r t\u00f6bbedmag\u00e1val a bolsevist\u00e1kat leverte (1918), a vezet\u0151iket Mv. -re sz\u00e1ll\u00edttatta \u00e9s tev\u00e9kenyen r\u00e9szt vett a rend helyre\u00e1ll\u00edt\u00e1s\u00e1ban. A MP tagja, a Polg\u00e1ri Dalk\u00f6r tagja,  a T\u0171zharcos Egyes\u00fclet titk\u00e1ra, a L\u00e9g\u00f3 tan\u00e1cstagja. \u00c9rdemeinek elismer\u00e9s\u00e9\u00fcl kit\u00fcntet\u00e9sben r\u00e9szes\u00fclt: O1, O2 (x2), OB, Kcsk, Seb\u00c9. Vit\u00e9z\u00e9 avatt\u00e1k: 1942. m\u00e1rc. 1. <br \/><strong>Irod.:<\/strong> Berekm\u00e9ri\u2013Nemes; Sz\u00e9kelyf\u00f6ld \u00ed. k.<\/br><\/p>\n","protected":false},"excerpt":{"rendered":"<p>Mv., 1892., \u2020 Sz\u00e1szr\u00e9gen, ?: keresked\u0151. \u2013 Iskol\u00e1it Mv.-en v\u00e9gezte, majd a keresked\u0151i szakm\u00e1t tanulta \u00f6n\u00e1ll\u00f3 lett Sz\u00e1szr\u00e9genben. Az els\u0151 vh.-ban a 22. gy. e.-ben az olasz \u00e9s orosz fronton harcolt, k\u00e9tszer megsebes\u00fclt, mint tartal\u00e9kos \u0151rmester szerelt le, az I. ez\u00fcst, k\u00e9tszer a II. ez\u00fcst, bronz vit. \u00e9rem \u00e9s a K\u00e1roly Csapatkereszt kit\u00fcntetettje volt. Gyergy\u00f3szentmikl\u00f3son [&hellip;]<\/p>\n","protected":false},"featured_media":0,"comment_status":"open","ping_status":"closed","template":"","meta":[],"product_brand":[],"product_cat":[137],"product_tag":[],"class_list":{"0":"post-13152","1":"product","2":"type-product","3":"status-publish","5":"product_cat-maros-megyei-eletrajzi-lexikon","7":"first","8":"instock","9":"shipping-taxable","10":"product-type-simple"},"_links":{"self":[{"href":"https:\/\/uj.adatbank.ro\/lexikon\/wp-json\/wp\/v2\/product\/13152","targetHints":{"allow":["GET"]}}],"collection":[{"href":"https:\/\/uj.adatbank.ro\/lexikon\/wp-json\/wp\/v2\/product"}],"about":[{"href":"https:\/\/uj.adatbank.ro\/lexikon\/wp-json\/wp\/v2\/types\/product"}],"replies":[{"embeddable":true,"href":"https:\/\/uj.adatbank.ro\/lexikon\/wp-json\/wp\/v2\/comments?post=13152"}],"wp:attachment":[{"href":"https:\/\/uj.adatbank.ro\/lexikon\/wp-json\/wp\/v2\/media?parent=13152"}],"wp:term":[{"taxonomy":"product_brand","embeddable":true,"href":"https:\/\/uj.adatbank.ro\/lexikon\/wp-json\/wp\/v2\/product_brand?post=13152"},{"taxonomy":"product_cat","embeddable":true,"href":"https:\/\/uj.adatbank.ro\/lexikon\/wp-json\/wp\/v2\/product_cat?post=13152"},{"taxonomy":"product_tag","embeddable":true,"href":"https:\/\/uj.adatbank.ro\/lexikon\/wp-json\/wp\/v2\/product_tag?post=13152"}],"curies":[{"name":"wp","href":"https:\/\/api.w.org\/{rel}","templated":true}]}}