{"id":13154,"date":"2025-06-29T14:51:51","date_gmt":"2025-06-29T12:51:51","guid":{"rendered":"https:\/\/uj.adatbank.ro\/lexikon\/termek\/kozma-bela-2\/"},"modified":"2025-06-29T14:51:51","modified_gmt":"2025-06-29T12:51:51","slug":"kozma-bela-2","status":"publish","type":"product","link":"https:\/\/uj.adatbank.ro\/lexikon\/termek\/kozma-bela-2\/","title":{"rendered":"KOZMA B\u00e9la"},"content":{"rendered":"<p>1922 ? \u2020 Pipe, 1931. nov. 15.? : keresked\u0151 Mv.-en. \u2013 Feles\u00e9ge: T\u00e9zsla Aranka (1904\u2013). H\u00e1zass\u00e1g (1927). Gyermekeik: Ildik\u00f3 (1927), \u00c1d\u00e1m (1928), Attila (1930). Iskolai tanulm\u00e1nyainak befejez\u00e9se ut\u00e1n kereskedelmi p\u00e1ly\u00e1ra l\u00e9pett, Mv.-en szerezte szakk\u00e9pzetts\u00e9g\u00e9t. Mo.-ra menek\u00fclt a hat\u00f3s\u00e1gok zaklat\u00e1sa el\u0151l. Minden magyar megmozdul\u00e1sban r\u00e9szt vett. <br \/><strong>Irod.:<\/strong> Visnai<\/br><\/p>\n","protected":false},"excerpt":{"rendered":"<p>1922 ? \u2020 Pipe, 1931. nov. 15.? : keresked\u0151 Mv.-en. \u2013 Feles\u00e9ge: T\u00e9zsla Aranka (1904\u2013). H\u00e1zass\u00e1g (1927). Gyermekeik: Ildik\u00f3 (1927), \u00c1d\u00e1m (1928), Attila (1930). Iskolai tanulm\u00e1nyainak befejez\u00e9se ut\u00e1n kereskedelmi p\u00e1ly\u00e1ra l\u00e9pett, Mv.-en szerezte szakk\u00e9pzetts\u00e9g\u00e9t. Mo.-ra menek\u00fclt a hat\u00f3s\u00e1gok zaklat\u00e1sa el\u0151l. Minden magyar megmozdul\u00e1sban r\u00e9szt vett. Irod.: Visnai<\/p>\n","protected":false},"featured_media":0,"comment_status":"open","ping_status":"closed","template":"","meta":[],"product_brand":[],"product_cat":[137],"product_tag":[],"class_list":{"0":"post-13154","1":"product","2":"type-product","3":"status-publish","5":"product_cat-maros-megyei-eletrajzi-lexikon","7":"first","8":"instock","9":"shipping-taxable","10":"product-type-simple"},"_links":{"self":[{"href":"https:\/\/uj.adatbank.ro\/lexikon\/wp-json\/wp\/v2\/product\/13154","targetHints":{"allow":["GET"]}}],"collection":[{"href":"https:\/\/uj.adatbank.ro\/lexikon\/wp-json\/wp\/v2\/product"}],"about":[{"href":"https:\/\/uj.adatbank.ro\/lexikon\/wp-json\/wp\/v2\/types\/product"}],"replies":[{"embeddable":true,"href":"https:\/\/uj.adatbank.ro\/lexikon\/wp-json\/wp\/v2\/comments?post=13154"}],"wp:attachment":[{"href":"https:\/\/uj.adatbank.ro\/lexikon\/wp-json\/wp\/v2\/media?parent=13154"}],"wp:term":[{"taxonomy":"product_brand","embeddable":true,"href":"https:\/\/uj.adatbank.ro\/lexikon\/wp-json\/wp\/v2\/product_brand?post=13154"},{"taxonomy":"product_cat","embeddable":true,"href":"https:\/\/uj.adatbank.ro\/lexikon\/wp-json\/wp\/v2\/product_cat?post=13154"},{"taxonomy":"product_tag","embeddable":true,"href":"https:\/\/uj.adatbank.ro\/lexikon\/wp-json\/wp\/v2\/product_tag?post=13154"}],"curies":[{"name":"wp","href":"https:\/\/api.w.org\/{rel}","templated":true}]}}