{"id":13156,"date":"2025-06-29T14:51:55","date_gmt":"2025-06-29T12:51:55","guid":{"rendered":"https:\/\/uj.adatbank.ro\/lexikon\/termek\/kozma-elek\/"},"modified":"2025-06-29T14:51:55","modified_gmt":"2025-06-29T12:51:55","slug":"kozma-elek","status":"publish","type":"product","link":"https:\/\/uj.adatbank.ro\/lexikon\/termek\/kozma-elek\/","title":{"rendered":"KOZMA Elek"},"content":{"rendered":"<p>Ab\u00e1sfalva, ? \u2020 1884. jan.: : lelk\u00e9sz, tan\u00edt\u00f3. \u2013 Apja: lelk\u00e9sz (\u20201825), anyja: P\u00e9terfi Julianna. Iskol\u00e1it Sz\u00e9kelykereszt\u00faron \u00e9s Kv.-on v\u00e9gezte. Als\u00f3sim\u00e9nfalv\u00e1n lelk\u00e9sz. R\u00e9szt vett a g\u00e1lfalvi csat\u00e1ban. Tan\u00edtott 1848 ut\u00e1n Als\u00f3sim\u00e1nfalv\u00e1n, Kiss\u00e1rm\u00e1son, Szentgeric\u00e9n, j\u00f3 tan\u00edt\u00e1s\u00e1\u00e9rt kit\u00fcntett\u00e9k (1862\u201366). Lelk\u00e9szi szolg\u00e1latot v\u00e9gzett Datkon (1874). <br \/><strong>Irod.:<\/strong> Kelemen; Szentgerice<\/br><\/p>\n","protected":false},"excerpt":{"rendered":"<p>Ab\u00e1sfalva, ? \u2020 1884. jan.: : lelk\u00e9sz, tan\u00edt\u00f3. \u2013 Apja: lelk\u00e9sz (\u20201825), anyja: P\u00e9terfi Julianna. Iskol\u00e1it Sz\u00e9kelykereszt\u00faron \u00e9s Kv.-on v\u00e9gezte. Als\u00f3sim\u00e9nfalv\u00e1n lelk\u00e9sz. R\u00e9szt vett a g\u00e1lfalvi csat\u00e1ban. Tan\u00edtott 1848 ut\u00e1n Als\u00f3sim\u00e1nfalv\u00e1n, Kiss\u00e1rm\u00e1son, Szentgeric\u00e9n, j\u00f3 tan\u00edt\u00e1s\u00e1\u00e9rt kit\u00fcntett\u00e9k (1862\u201366). Lelk\u00e9szi szolg\u00e1latot v\u00e9gzett Datkon (1874). Irod.: Kelemen; Szentgerice<\/p>\n","protected":false},"featured_media":0,"comment_status":"open","ping_status":"closed","template":"","meta":[],"product_brand":[],"product_cat":[137],"product_tag":[],"class_list":{"0":"post-13156","1":"product","2":"type-product","3":"status-publish","5":"product_cat-maros-megyei-eletrajzi-lexikon","7":"first","8":"instock","9":"shipping-taxable","10":"product-type-simple"},"_links":{"self":[{"href":"https:\/\/uj.adatbank.ro\/lexikon\/wp-json\/wp\/v2\/product\/13156","targetHints":{"allow":["GET"]}}],"collection":[{"href":"https:\/\/uj.adatbank.ro\/lexikon\/wp-json\/wp\/v2\/product"}],"about":[{"href":"https:\/\/uj.adatbank.ro\/lexikon\/wp-json\/wp\/v2\/types\/product"}],"replies":[{"embeddable":true,"href":"https:\/\/uj.adatbank.ro\/lexikon\/wp-json\/wp\/v2\/comments?post=13156"}],"wp:attachment":[{"href":"https:\/\/uj.adatbank.ro\/lexikon\/wp-json\/wp\/v2\/media?parent=13156"}],"wp:term":[{"taxonomy":"product_brand","embeddable":true,"href":"https:\/\/uj.adatbank.ro\/lexikon\/wp-json\/wp\/v2\/product_brand?post=13156"},{"taxonomy":"product_cat","embeddable":true,"href":"https:\/\/uj.adatbank.ro\/lexikon\/wp-json\/wp\/v2\/product_cat?post=13156"},{"taxonomy":"product_tag","embeddable":true,"href":"https:\/\/uj.adatbank.ro\/lexikon\/wp-json\/wp\/v2\/product_tag?post=13156"}],"curies":[{"name":"wp","href":"https:\/\/api.w.org\/{rel}","templated":true}]}}