{"id":13158,"date":"2025-06-29T14:51:59","date_gmt":"2025-06-29T12:51:59","guid":{"rendered":"https:\/\/uj.adatbank.ro\/lexikon\/termek\/kozma-erzsebet-veress-zoltanne\/"},"modified":"2025-06-29T14:51:59","modified_gmt":"2025-06-29T12:51:59","slug":"kozma-erzsebet-veress-zoltanne","status":"publish","type":"product","link":"https:\/\/uj.adatbank.ro\/lexikon\/termek\/kozma-erzsebet-veress-zoltanne\/","title":{"rendered":"KOZMA Erzs\u00e9bet; Veress Zolt\u00e1nn\u00e9"},"content":{"rendered":"<p>Mv., 1879. m\u00e1j. 30., \u2020 ? : szobr\u00e1sz. \u2013 Fadrusz tan\u00edtv\u00e1ny, f\u0151leg Fadrusz J\u00e1nos \u00fatmutatat\u00e1sai, majd M\u00f6ller \u00e9p\u00edt\u00e9sz tan\u00e1csai alapj\u00e1n foglalkozott plasztik\u00e1val. T\u00f6bbnyire portr\u00e9kat k\u00e9sz\u00edtett. \u2013 <strong>F. m.:<\/strong> Brassai S\u00e1mulel (Kv., 1901); Zizi (1904); Bl\u00e1thy O. T. (m\u00e1rv\u00e1nyrelief, 1904); gr. Andr\u00e1ssy K\u00e1roly (m\u00e1rv\u00e1ny, 1912); Megmint\u00e1zott egy sor eml\u00e9k\u00e9rmet \u00e9s plakettet, pl. Kov\u00e1ts Gyula, egyet. rektor\u00e9t (1913) \u00e9s m\u00e1sokat. <br \/><strong>Irod.:<\/strong> \u00c9ber; RNL<\/br><\/p>\n","protected":false},"excerpt":{"rendered":"<p>Mv., 1879. m\u00e1j. 30., \u2020 ? : szobr\u00e1sz. \u2013 Fadrusz tan\u00edtv\u00e1ny, f\u0151leg Fadrusz J\u00e1nos \u00fatmutatat\u00e1sai, majd M\u00f6ller \u00e9p\u00edt\u00e9sz tan\u00e1csai alapj\u00e1n foglalkozott plasztik\u00e1val. T\u00f6bbnyire portr\u00e9kat k\u00e9sz\u00edtett. \u2013 F. m.: Brassai S\u00e1mulel (Kv., 1901); Zizi (1904); Bl\u00e1thy O. T. (m\u00e1rv\u00e1nyrelief, 1904); gr. Andr\u00e1ssy K\u00e1roly (m\u00e1rv\u00e1ny, 1912); Megmint\u00e1zott egy sor eml\u00e9k\u00e9rmet \u00e9s plakettet, pl. Kov\u00e1ts Gyula, egyet. rektor\u00e9t [&hellip;]<\/p>\n","protected":false},"featured_media":0,"comment_status":"open","ping_status":"closed","template":"","meta":[],"product_brand":[],"product_cat":[137],"product_tag":[],"class_list":{"0":"post-13158","1":"product","2":"type-product","3":"status-publish","5":"product_cat-maros-megyei-eletrajzi-lexikon","7":"first","8":"instock","9":"shipping-taxable","10":"product-type-simple"},"_links":{"self":[{"href":"https:\/\/uj.adatbank.ro\/lexikon\/wp-json\/wp\/v2\/product\/13158","targetHints":{"allow":["GET"]}}],"collection":[{"href":"https:\/\/uj.adatbank.ro\/lexikon\/wp-json\/wp\/v2\/product"}],"about":[{"href":"https:\/\/uj.adatbank.ro\/lexikon\/wp-json\/wp\/v2\/types\/product"}],"replies":[{"embeddable":true,"href":"https:\/\/uj.adatbank.ro\/lexikon\/wp-json\/wp\/v2\/comments?post=13158"}],"wp:attachment":[{"href":"https:\/\/uj.adatbank.ro\/lexikon\/wp-json\/wp\/v2\/media?parent=13158"}],"wp:term":[{"taxonomy":"product_brand","embeddable":true,"href":"https:\/\/uj.adatbank.ro\/lexikon\/wp-json\/wp\/v2\/product_brand?post=13158"},{"taxonomy":"product_cat","embeddable":true,"href":"https:\/\/uj.adatbank.ro\/lexikon\/wp-json\/wp\/v2\/product_cat?post=13158"},{"taxonomy":"product_tag","embeddable":true,"href":"https:\/\/uj.adatbank.ro\/lexikon\/wp-json\/wp\/v2\/product_tag?post=13158"}],"curies":[{"name":"wp","href":"https:\/\/api.w.org\/{rel}","templated":true}]}}