{"id":13159,"date":"2025-06-29T14:52:00","date_gmt":"2025-06-29T12:52:00","guid":{"rendered":"https:\/\/uj.adatbank.ro\/lexikon\/termek\/kozma-ferenc\/"},"modified":"2025-06-29T14:52:00","modified_gmt":"2025-06-29T12:52:00","slug":"kozma-ferenc","status":"publish","type":"product","link":"https:\/\/uj.adatbank.ro\/lexikon\/termek\/kozma-ferenc\/","title":{"rendered":"KOZMA Ferenc"},"content":{"rendered":"<p>? \u2020 Szentgerice, ?: unit. lelk\u00e9sz, az el\u0151z\u0151nek fia. Szentgeric\u00e9n szolg\u00e1lt (1789\u20131833). Az \u0151 paps\u00e1ga idej\u00e9n \u00e9p\u00edtettek a k\u00f6z\u00e9pkorb\u00f3l sz\u00e1rmaz\u00f3 templomhoz tornyot (1791\u201393). Ebben a templomban tartottak az unit\u00e1riusok zsinatot (1672, 1696, 1716, 1756, 1789, 1865). K. F. egyh\u00e1zi m\u0171veket, besz\u00e9deket \u00e9s Kazinczy Ferenccel val\u00f3 levelez\u00e9s\u00e9t hagyta h\u00e1tra. Sz\u00edndarabokat is ford\u00edtott m. nyelvre. <br \/><strong>Irod.:<\/strong> Szentgerice<\/br><\/p>\n","protected":false},"excerpt":{"rendered":"<p>? \u2020 Szentgerice, ?: unit. lelk\u00e9sz, az el\u0151z\u0151nek fia. Szentgeric\u00e9n szolg\u00e1lt (1789\u20131833). Az \u0151 paps\u00e1ga idej\u00e9n \u00e9p\u00edtettek a k\u00f6z\u00e9pkorb\u00f3l sz\u00e1rmaz\u00f3 templomhoz tornyot (1791\u201393). Ebben a templomban tartottak az unit\u00e1riusok zsinatot (1672, 1696, 1716, 1756, 1789, 1865). K. F. egyh\u00e1zi m\u0171veket, besz\u00e9deket \u00e9s Kazinczy Ferenccel val\u00f3 levelez\u00e9s\u00e9t hagyta h\u00e1tra. Sz\u00edndarabokat is ford\u00edtott m. nyelvre. Irod.: Szentgerice<\/p>\n","protected":false},"featured_media":0,"comment_status":"open","ping_status":"closed","template":"","meta":[],"product_brand":[],"product_cat":[137],"product_tag":[],"class_list":{"0":"post-13159","1":"product","2":"type-product","3":"status-publish","5":"product_cat-maros-megyei-eletrajzi-lexikon","7":"first","8":"instock","9":"shipping-taxable","10":"product-type-simple"},"_links":{"self":[{"href":"https:\/\/uj.adatbank.ro\/lexikon\/wp-json\/wp\/v2\/product\/13159","targetHints":{"allow":["GET"]}}],"collection":[{"href":"https:\/\/uj.adatbank.ro\/lexikon\/wp-json\/wp\/v2\/product"}],"about":[{"href":"https:\/\/uj.adatbank.ro\/lexikon\/wp-json\/wp\/v2\/types\/product"}],"replies":[{"embeddable":true,"href":"https:\/\/uj.adatbank.ro\/lexikon\/wp-json\/wp\/v2\/comments?post=13159"}],"wp:attachment":[{"href":"https:\/\/uj.adatbank.ro\/lexikon\/wp-json\/wp\/v2\/media?parent=13159"}],"wp:term":[{"taxonomy":"product_brand","embeddable":true,"href":"https:\/\/uj.adatbank.ro\/lexikon\/wp-json\/wp\/v2\/product_brand?post=13159"},{"taxonomy":"product_cat","embeddable":true,"href":"https:\/\/uj.adatbank.ro\/lexikon\/wp-json\/wp\/v2\/product_cat?post=13159"},{"taxonomy":"product_tag","embeddable":true,"href":"https:\/\/uj.adatbank.ro\/lexikon\/wp-json\/wp\/v2\/product_tag?post=13159"}],"curies":[{"name":"wp","href":"https:\/\/api.w.org\/{rel}","templated":true}]}}