{"id":13165,"date":"2025-06-29T14:52:13","date_gmt":"2025-06-29T12:52:13","guid":{"rendered":"https:\/\/uj.adatbank.ro\/lexikon\/termek\/kozma-gyula-kezdiszentleleki\/"},"modified":"2025-06-29T14:52:13","modified_gmt":"2025-06-29T12:52:13","slug":"kozma-gyula-kezdiszentleleki","status":"publish","type":"product","link":"https:\/\/uj.adatbank.ro\/lexikon\/termek\/kozma-gyula-kezdiszentleleki\/","title":{"rendered":"KOZMA Gyula, k\u00e9zdiszentl\u00e9leki"},"content":{"rendered":"<p>? \u2020 Bp., 1912. dec. 8.: b\u00edr\u00f3. \u2013 K. J\u00e1nos \u00e9s Szathm\u00e1ri P. Ida fia. Feles\u00e9ge: kov\u00e1sznai \u00e9s farkaslaki Hints Karolina. Gyermekei: K. Gyula, cs. kir. husz\u00e1rf\u0151hadnagy (1874 \u2013 Bp., 1913. aug. 8.); dr. Kozma Imre (1876 \u2013 Mv., 1914. nov. 10.), feles\u00e9ge Ziegler C\u00e9cile; K. Erzs\u00e9bet Veress Zolt\u00e1nn\u00e9. \u2013 Kir. f\u0151\u00fcgy\u00e9sz. Az EMKE mv.-i v\u00e1rosi v\u00e1lasztm\u00e1ny\u00e1nak alap\u00edt\u00f3tagja (1885). <br \/><strong>Irod.:<\/strong> Gy\u00e1szjelent\u0151; S\u00e1ndor<\/br><\/p>\n","protected":false},"excerpt":{"rendered":"<p>? \u2020 Bp., 1912. dec. 8.: b\u00edr\u00f3. \u2013 K. J\u00e1nos \u00e9s Szathm\u00e1ri P. Ida fia. Feles\u00e9ge: kov\u00e1sznai \u00e9s farkaslaki Hints Karolina. Gyermekei: K. Gyula, cs. kir. husz\u00e1rf\u0151hadnagy (1874 \u2013 Bp., 1913. aug. 8.); dr. Kozma Imre (1876 \u2013 Mv., 1914. nov. 10.), feles\u00e9ge Ziegler C\u00e9cile; K. Erzs\u00e9bet Veress Zolt\u00e1nn\u00e9. \u2013 Kir. f\u0151\u00fcgy\u00e9sz. Az EMKE mv.-i [&hellip;]<\/p>\n","protected":false},"featured_media":0,"comment_status":"open","ping_status":"closed","template":"","meta":[],"product_brand":[],"product_cat":[137],"product_tag":[],"class_list":{"0":"post-13165","1":"product","2":"type-product","3":"status-publish","5":"product_cat-maros-megyei-eletrajzi-lexikon","7":"first","8":"instock","9":"shipping-taxable","10":"product-type-simple"},"_links":{"self":[{"href":"https:\/\/uj.adatbank.ro\/lexikon\/wp-json\/wp\/v2\/product\/13165","targetHints":{"allow":["GET"]}}],"collection":[{"href":"https:\/\/uj.adatbank.ro\/lexikon\/wp-json\/wp\/v2\/product"}],"about":[{"href":"https:\/\/uj.adatbank.ro\/lexikon\/wp-json\/wp\/v2\/types\/product"}],"replies":[{"embeddable":true,"href":"https:\/\/uj.adatbank.ro\/lexikon\/wp-json\/wp\/v2\/comments?post=13165"}],"wp:attachment":[{"href":"https:\/\/uj.adatbank.ro\/lexikon\/wp-json\/wp\/v2\/media?parent=13165"}],"wp:term":[{"taxonomy":"product_brand","embeddable":true,"href":"https:\/\/uj.adatbank.ro\/lexikon\/wp-json\/wp\/v2\/product_brand?post=13165"},{"taxonomy":"product_cat","embeddable":true,"href":"https:\/\/uj.adatbank.ro\/lexikon\/wp-json\/wp\/v2\/product_cat?post=13165"},{"taxonomy":"product_tag","embeddable":true,"href":"https:\/\/uj.adatbank.ro\/lexikon\/wp-json\/wp\/v2\/product_tag?post=13165"}],"curies":[{"name":"wp","href":"https:\/\/api.w.org\/{rel}","templated":true}]}}