{"id":13167,"date":"2025-06-29T14:52:18","date_gmt":"2025-06-29T12:52:18","guid":{"rendered":"https:\/\/uj.adatbank.ro\/lexikon\/termek\/kozma-imre\/"},"modified":"2025-06-29T14:52:18","modified_gmt":"2025-06-29T12:52:18","slug":"kozma-imre","status":"publish","type":"product","link":"https:\/\/uj.adatbank.ro\/lexikon\/termek\/kozma-imre\/","title":{"rendered":"KOZMA Imre"},"content":{"rendered":"<p>? \u2020 Marosludas, ? : ref. lelk\u00e9sz. \u2013 Marosludasi ref. egyh\u00e1z lelk\u00e9sze (1904. nov. 1. \u2013 1933. m\u00e1rc. 18.). <br \/><strong>Irod.:<\/strong> Szekeres Ad\u00e9l: 110 \u00e9ve szakadatlan (N\u00fa., 1998. dec. 16.)<\/br><\/p>\n","protected":false},"excerpt":{"rendered":"<p>? \u2020 Marosludas, ? : ref. lelk\u00e9sz. \u2013 Marosludasi ref. egyh\u00e1z lelk\u00e9sze (1904. nov. 1. \u2013 1933. m\u00e1rc. 18.). Irod.: Szekeres Ad\u00e9l: 110 \u00e9ve szakadatlan (N\u00fa., 1998. dec. 16.)<\/p>\n","protected":false},"featured_media":0,"comment_status":"open","ping_status":"closed","template":"","meta":[],"product_brand":[],"product_cat":[137],"product_tag":[],"class_list":{"0":"post-13167","1":"product","2":"type-product","3":"status-publish","5":"product_cat-maros-megyei-eletrajzi-lexikon","7":"first","8":"instock","9":"shipping-taxable","10":"product-type-simple"},"_links":{"self":[{"href":"https:\/\/uj.adatbank.ro\/lexikon\/wp-json\/wp\/v2\/product\/13167","targetHints":{"allow":["GET"]}}],"collection":[{"href":"https:\/\/uj.adatbank.ro\/lexikon\/wp-json\/wp\/v2\/product"}],"about":[{"href":"https:\/\/uj.adatbank.ro\/lexikon\/wp-json\/wp\/v2\/types\/product"}],"replies":[{"embeddable":true,"href":"https:\/\/uj.adatbank.ro\/lexikon\/wp-json\/wp\/v2\/comments?post=13167"}],"wp:attachment":[{"href":"https:\/\/uj.adatbank.ro\/lexikon\/wp-json\/wp\/v2\/media?parent=13167"}],"wp:term":[{"taxonomy":"product_brand","embeddable":true,"href":"https:\/\/uj.adatbank.ro\/lexikon\/wp-json\/wp\/v2\/product_brand?post=13167"},{"taxonomy":"product_cat","embeddable":true,"href":"https:\/\/uj.adatbank.ro\/lexikon\/wp-json\/wp\/v2\/product_cat?post=13167"},{"taxonomy":"product_tag","embeddable":true,"href":"https:\/\/uj.adatbank.ro\/lexikon\/wp-json\/wp\/v2\/product_tag?post=13167"}],"curies":[{"name":"wp","href":"https:\/\/api.w.org\/{rel}","templated":true}]}}