{"id":13169,"date":"2025-06-29T14:52:21","date_gmt":"2025-06-29T12:52:21","guid":{"rendered":"https:\/\/uj.adatbank.ro\/lexikon\/termek\/kozma-iren-leopold-iren\/"},"modified":"2025-06-29T14:52:21","modified_gmt":"2025-06-29T12:52:21","slug":"kozma-iren-leopold-iren","status":"publish","type":"product","link":"https:\/\/uj.adatbank.ro\/lexikon\/termek\/kozma-iren-leopold-iren\/","title":{"rendered":"KOZMA Ir\u00e9n; Leopold Ir\u00e9n"},"content":{"rendered":"<p>D\u00e9s, 1929. \u00e1pr. 9., \u2020 Bp., 2003. nov. 15.: tan\u00e1r. \u2013 F\u00e9rje: Kozma B\u00e9la. \u2013 D\u00e9sen \u00e9retts\u00e9gizett (1948). A kv.-i egyetemen v\u00e9gzett a T\u00f6rt\u00e9nelem-Filoz\u00f3fia karon (1948\u201352). K\u00f6zben D\u00e9sakn\u00e1n tan\u00edtott (1950\u201352). Sz\u00e1szr\u00e9genben tan\u00edtott (1952), majd a mv.-i Ref. Koll.-ban \u00e9s ut\u00f3diskol\u00e1iban (Rangheti, Bolyai Farkas L\u00edc). <br \/><strong>Irod.:<\/strong> inf. Horv\u00e1th Szabolcs tan\u00e1rt\u00f3l; Sk\u00f3la<\/br><\/p>\n","protected":false},"excerpt":{"rendered":"<p>D\u00e9s, 1929. \u00e1pr. 9., \u2020 Bp., 2003. nov. 15.: tan\u00e1r. \u2013 F\u00e9rje: Kozma B\u00e9la. \u2013 D\u00e9sen \u00e9retts\u00e9gizett (1948). A kv.-i egyetemen v\u00e9gzett a T\u00f6rt\u00e9nelem-Filoz\u00f3fia karon (1948\u201352). K\u00f6zben D\u00e9sakn\u00e1n tan\u00edtott (1950\u201352). Sz\u00e1szr\u00e9genben tan\u00edtott (1952), majd a mv.-i Ref. Koll.-ban \u00e9s ut\u00f3diskol\u00e1iban (Rangheti, Bolyai Farkas L\u00edc). Irod.: inf. Horv\u00e1th Szabolcs tan\u00e1rt\u00f3l; Sk\u00f3la<\/p>\n","protected":false},"featured_media":0,"comment_status":"open","ping_status":"closed","template":"","meta":[],"product_brand":[],"product_cat":[137],"product_tag":[],"class_list":{"0":"post-13169","1":"product","2":"type-product","3":"status-publish","5":"product_cat-maros-megyei-eletrajzi-lexikon","7":"first","8":"instock","9":"shipping-taxable","10":"product-type-simple"},"_links":{"self":[{"href":"https:\/\/uj.adatbank.ro\/lexikon\/wp-json\/wp\/v2\/product\/13169","targetHints":{"allow":["GET"]}}],"collection":[{"href":"https:\/\/uj.adatbank.ro\/lexikon\/wp-json\/wp\/v2\/product"}],"about":[{"href":"https:\/\/uj.adatbank.ro\/lexikon\/wp-json\/wp\/v2\/types\/product"}],"replies":[{"embeddable":true,"href":"https:\/\/uj.adatbank.ro\/lexikon\/wp-json\/wp\/v2\/comments?post=13169"}],"wp:attachment":[{"href":"https:\/\/uj.adatbank.ro\/lexikon\/wp-json\/wp\/v2\/media?parent=13169"}],"wp:term":[{"taxonomy":"product_brand","embeddable":true,"href":"https:\/\/uj.adatbank.ro\/lexikon\/wp-json\/wp\/v2\/product_brand?post=13169"},{"taxonomy":"product_cat","embeddable":true,"href":"https:\/\/uj.adatbank.ro\/lexikon\/wp-json\/wp\/v2\/product_cat?post=13169"},{"taxonomy":"product_tag","embeddable":true,"href":"https:\/\/uj.adatbank.ro\/lexikon\/wp-json\/wp\/v2\/product_tag?post=13169"}],"curies":[{"name":"wp","href":"https:\/\/api.w.org\/{rel}","templated":true}]}}