{"id":13174,"date":"2025-06-29T14:52:32","date_gmt":"2025-06-29T12:52:32","guid":{"rendered":"https:\/\/uj.adatbank.ro\/lexikon\/termek\/kozma-janos-3\/"},"modified":"2025-06-29T14:52:32","modified_gmt":"2025-06-29T12:52:32","slug":"kozma-janos-3","status":"publish","type":"product","link":"https:\/\/uj.adatbank.ro\/lexikon\/termek\/kozma-janos-3\/","title":{"rendered":"KOZMA J\u00e1nos"},"content":{"rendered":"<p>1920.?, \u2020 Mv., 2002. j\u00fan. 9.: tan\u00e1r. \u2013 Feles\u00e9ge K\u00e1lm\u00e1n Jol\u00e1n. A makfalvi polg\u00e1ri iskola igazgat\u00f3ja (1943- 45), tan\u00e1ra (1945\u201346, 1947\u201348). <br \/><strong>Irod.:<\/strong> Makfalvi isk. t\u00f6rt.; [Nekrol\u00f3g] (N\u00fa., 2002. j\u00fan. 10.)<\/br><\/p>\n","protected":false},"excerpt":{"rendered":"<p>1920.?, \u2020 Mv., 2002. j\u00fan. 9.: tan\u00e1r. \u2013 Feles\u00e9ge K\u00e1lm\u00e1n Jol\u00e1n. A makfalvi polg\u00e1ri iskola igazgat\u00f3ja (1943- 45), tan\u00e1ra (1945\u201346, 1947\u201348). Irod.: Makfalvi isk. t\u00f6rt.; [Nekrol\u00f3g] (N\u00fa., 2002. j\u00fan. 10.)<\/p>\n","protected":false},"featured_media":0,"comment_status":"open","ping_status":"closed","template":"","meta":[],"product_brand":[],"product_cat":[137],"product_tag":[],"class_list":{"0":"post-13174","1":"product","2":"type-product","3":"status-publish","5":"product_cat-maros-megyei-eletrajzi-lexikon","7":"first","8":"instock","9":"shipping-taxable","10":"product-type-simple"},"_links":{"self":[{"href":"https:\/\/uj.adatbank.ro\/lexikon\/wp-json\/wp\/v2\/product\/13174","targetHints":{"allow":["GET"]}}],"collection":[{"href":"https:\/\/uj.adatbank.ro\/lexikon\/wp-json\/wp\/v2\/product"}],"about":[{"href":"https:\/\/uj.adatbank.ro\/lexikon\/wp-json\/wp\/v2\/types\/product"}],"replies":[{"embeddable":true,"href":"https:\/\/uj.adatbank.ro\/lexikon\/wp-json\/wp\/v2\/comments?post=13174"}],"wp:attachment":[{"href":"https:\/\/uj.adatbank.ro\/lexikon\/wp-json\/wp\/v2\/media?parent=13174"}],"wp:term":[{"taxonomy":"product_brand","embeddable":true,"href":"https:\/\/uj.adatbank.ro\/lexikon\/wp-json\/wp\/v2\/product_brand?post=13174"},{"taxonomy":"product_cat","embeddable":true,"href":"https:\/\/uj.adatbank.ro\/lexikon\/wp-json\/wp\/v2\/product_cat?post=13174"},{"taxonomy":"product_tag","embeddable":true,"href":"https:\/\/uj.adatbank.ro\/lexikon\/wp-json\/wp\/v2\/product_tag?post=13174"}],"curies":[{"name":"wp","href":"https:\/\/api.w.org\/{rel}","templated":true}]}}