{"id":13175,"date":"2025-06-29T14:52:33","date_gmt":"2025-06-29T12:52:33","guid":{"rendered":"https:\/\/uj.adatbank.ro\/lexikon\/termek\/kozma-janosne-kalman-jolan-kozma-jolan\/"},"modified":"2025-06-29T14:52:33","modified_gmt":"2025-06-29T12:52:33","slug":"kozma-janosne-kalman-jolan-kozma-jolan","status":"publish","type":"product","link":"https:\/\/uj.adatbank.ro\/lexikon\/termek\/kozma-janosne-kalman-jolan-kozma-jolan\/","title":{"rendered":"KOZMA J\u00e1nosn\u00e9; K\u00e1lm\u00e1n Jol\u00e1n, Kozma Jol\u00e1n"},"content":{"rendered":"<p>1922 ? \u2020 Mv., 2001. j\u00fal. 29.: tan\u00e1rn\u0151. \u2013 A makfalvi polg\u00e1ri iskol\u00e1ban tan\u00edtott (1943\u201345). A Mv.-i 3-as iskola tan\u00e1ra is volt. <br \/><strong>Irod.:<\/strong> Makfalvi isk. t\u00f6rt.; Nekrol\u00f3g (N\u00fa 2001., j\u00fal 31)<\/br><\/p>\n","protected":false},"excerpt":{"rendered":"<p>1922 ? \u2020 Mv., 2001. j\u00fal. 29.: tan\u00e1rn\u0151. \u2013 A makfalvi polg\u00e1ri iskol\u00e1ban tan\u00edtott (1943\u201345). A Mv.-i 3-as iskola tan\u00e1ra is volt. Irod.: Makfalvi isk. t\u00f6rt.; Nekrol\u00f3g (N\u00fa 2001., j\u00fal 31)<\/p>\n","protected":false},"featured_media":0,"comment_status":"open","ping_status":"closed","template":"","meta":[],"product_brand":[],"product_cat":[137],"product_tag":[],"class_list":{"0":"post-13175","1":"product","2":"type-product","3":"status-publish","5":"product_cat-maros-megyei-eletrajzi-lexikon","7":"first","8":"instock","9":"shipping-taxable","10":"product-type-simple"},"_links":{"self":[{"href":"https:\/\/uj.adatbank.ro\/lexikon\/wp-json\/wp\/v2\/product\/13175","targetHints":{"allow":["GET"]}}],"collection":[{"href":"https:\/\/uj.adatbank.ro\/lexikon\/wp-json\/wp\/v2\/product"}],"about":[{"href":"https:\/\/uj.adatbank.ro\/lexikon\/wp-json\/wp\/v2\/types\/product"}],"replies":[{"embeddable":true,"href":"https:\/\/uj.adatbank.ro\/lexikon\/wp-json\/wp\/v2\/comments?post=13175"}],"wp:attachment":[{"href":"https:\/\/uj.adatbank.ro\/lexikon\/wp-json\/wp\/v2\/media?parent=13175"}],"wp:term":[{"taxonomy":"product_brand","embeddable":true,"href":"https:\/\/uj.adatbank.ro\/lexikon\/wp-json\/wp\/v2\/product_brand?post=13175"},{"taxonomy":"product_cat","embeddable":true,"href":"https:\/\/uj.adatbank.ro\/lexikon\/wp-json\/wp\/v2\/product_cat?post=13175"},{"taxonomy":"product_tag","embeddable":true,"href":"https:\/\/uj.adatbank.ro\/lexikon\/wp-json\/wp\/v2\/product_tag?post=13175"}],"curies":[{"name":"wp","href":"https:\/\/api.w.org\/{rel}","templated":true}]}}