{"id":13176,"date":"2025-06-29T14:52:35","date_gmt":"2025-06-29T12:52:35","guid":{"rendered":"https:\/\/uj.adatbank.ro\/lexikon\/termek\/kozma-jeno-%c2%a7-kissolymosi\/"},"modified":"2025-06-29T14:52:35","modified_gmt":"2025-06-29T12:52:35","slug":"kozma-jeno-%c2%a7-kissolymosi","status":"publish","type":"product","link":"https:\/\/uj.adatbank.ro\/lexikon\/termek\/kozma-jeno-%c2%a7-kissolymosi\/","title":{"rendered":"KOZMA Jen\u0151, \u00a7 kissolymosi"},"content":{"rendered":"<p>1856.? \u2020 Bp., 1921. dec. 19.: orvos-igazgat\u00f3. \u2013 Testv\u00e9r: K. Anna szepesl\u0151csei Engel Imr\u00e9n\u00e9. Feles\u00e9ge: nemeszigethi Warga Ir\u00e9n. Gyermekeik: K. Ir\u00e9n Zakari\u00e1s J\u00f3zsefn\u00e9; K. Margit Riedl Lajosn\u00e9A mv.-i \u00e1llami k\u00f3rh\u00e1z igazgat\u00f3ja (1900 k. \u2013). Frankfurtban tal\u00e1lkozott Paul Ehrlich-el akit\u0151l kapott 20 fiola Salvarsant \u00e9s amelyet sikeresen alkalmazott a v\u00e1s\u00e1rhelyi betegeken (1910). Az els\u0151 vh. idej\u00e9n a Mv.-en alakult V\u00f6r\u00f6s Kereszt egylet fi\u00f3kj\u00e1nak f\u00e9rfi eln\u00f6ks\u00e9gi tagja. Repatri\u00e1lt Mo.-ra (1920). <br \/><strong>Irod.:<\/strong> Bak\u00f3 Csongor-Istv\u00e1n: R\u00f3mai katolikus k\u00f3rh\u00e1zi lelkigondoz\u00e1s Mv.-en \u2013 t\u00f6rt\u00e9neti \u00e1ttekint\u00e9s (K\u00f6zpont, 1911. j\u00fan. 1\u20137); Eml\u00e9kk\u00f6nyv a K. M. Term\u00e9szettudom\u00e1nyi T\u00e1rsulat f\u00e9lsz\u00e1zados jubileum\u00e1n (Bp., 1892); Gy\u00e1szjelent\u0151; Id\u0151t\u00e1r 3; Mv. \u00e9s a h\u00e1bor\u00fa 1.; Rugonfalvi Kiss<\/br><\/p>\n","protected":false},"excerpt":{"rendered":"<p>1856.? \u2020 Bp., 1921. dec. 19.: orvos-igazgat\u00f3. \u2013 Testv\u00e9r: K. Anna szepesl\u0151csei Engel Imr\u00e9n\u00e9. Feles\u00e9ge: nemeszigethi Warga Ir\u00e9n. Gyermekeik: K. Ir\u00e9n Zakari\u00e1s J\u00f3zsefn\u00e9; K. Margit Riedl Lajosn\u00e9A mv.-i \u00e1llami k\u00f3rh\u00e1z igazgat\u00f3ja (1900 k. \u2013). Frankfurtban tal\u00e1lkozott Paul Ehrlich-el akit\u0151l kapott 20 fiola Salvarsant \u00e9s amelyet sikeresen alkalmazott a v\u00e1s\u00e1rhelyi betegeken (1910). Az els\u0151 vh. idej\u00e9n [&hellip;]<\/p>\n","protected":false},"featured_media":0,"comment_status":"open","ping_status":"closed","template":"","meta":[],"product_brand":[],"product_cat":[137],"product_tag":[],"class_list":{"0":"post-13176","1":"product","2":"type-product","3":"status-publish","5":"product_cat-maros-megyei-eletrajzi-lexikon","7":"first","8":"instock","9":"shipping-taxable","10":"product-type-simple"},"_links":{"self":[{"href":"https:\/\/uj.adatbank.ro\/lexikon\/wp-json\/wp\/v2\/product\/13176","targetHints":{"allow":["GET"]}}],"collection":[{"href":"https:\/\/uj.adatbank.ro\/lexikon\/wp-json\/wp\/v2\/product"}],"about":[{"href":"https:\/\/uj.adatbank.ro\/lexikon\/wp-json\/wp\/v2\/types\/product"}],"replies":[{"embeddable":true,"href":"https:\/\/uj.adatbank.ro\/lexikon\/wp-json\/wp\/v2\/comments?post=13176"}],"wp:attachment":[{"href":"https:\/\/uj.adatbank.ro\/lexikon\/wp-json\/wp\/v2\/media?parent=13176"}],"wp:term":[{"taxonomy":"product_brand","embeddable":true,"href":"https:\/\/uj.adatbank.ro\/lexikon\/wp-json\/wp\/v2\/product_brand?post=13176"},{"taxonomy":"product_cat","embeddable":true,"href":"https:\/\/uj.adatbank.ro\/lexikon\/wp-json\/wp\/v2\/product_cat?post=13176"},{"taxonomy":"product_tag","embeddable":true,"href":"https:\/\/uj.adatbank.ro\/lexikon\/wp-json\/wp\/v2\/product_tag?post=13176"}],"curies":[{"name":"wp","href":"https:\/\/api.w.org\/{rel}","templated":true}]}}