{"id":13177,"date":"2025-06-29T14:52:37","date_gmt":"2025-06-29T12:52:37","guid":{"rendered":"https:\/\/uj.adatbank.ro\/lexikon\/termek\/kozma-jozsef-oszkar\/"},"modified":"2025-06-29T14:52:37","modified_gmt":"2025-06-29T12:52:37","slug":"kozma-jozsef-oszkar","status":"publish","type":"product","link":"https:\/\/uj.adatbank.ro\/lexikon\/termek\/kozma-jozsef-oszkar\/","title":{"rendered":"KOZMA J\u00f3zsef Oszk\u00e1r"},"content":{"rendered":"<p>D\u00e9va, 1919., \u2020 Mv., 1993. febr. 27.: orvos, radiol\u00f3gus. A marosszentgy\u00f6rgyi r. k. templom s\u00edrkertj\u00e9ben nyugszik. \u2013 Feles\u00e9ge. Kozma Gabriella Anna, f\u0151technikus (1935\u20132006). \u2013 D\u00e9v\u00e1n v\u00e9gezte a k\u00f6z\u00e9piskol\u00e1t \u00e9s az orvosi Ferenc J\u00f3zsef TE (1944) Kv.-on (1944). Beh\u00edvt\u00e1k a hadseregbe, fogs\u00e1gban a feladata az orvosi k\u00e9sz\u00fcl\u00e9kek jav\u00edt\u00e1sa, karbantart\u00e1sa volt. A mv.-i R. K. Gimn\u00e1zumban eg\u00e9szs\u00e9gtanat tan\u00edtott, iskolaorvos volt (1944\u201348). Mv.-en az orvosi \u00e9s Gy\u00f3gyszer\u00e9szeti Int\u00e9zet R\u00f6ntgen katedr\u00e1j\u00e1n dolgozott nyugd\u00edjaz\u00e1s\u00e1ig. F\u0151orvos a mv.-i Onkol\u00f3gia Klinik\u00e1n. Dr. Krepsz Iv\u00e1n vezet\u00e9s\u00e9vel l\u00e9trehozta a nukle\u00e1ris medicina keret\u00e9be tartoz\u00f3 izot\u00f3p-laborat\u00f3riumot, a mv.-i kobaltter\u00e1pia megalap\u00edt\u00f3ja. S\u00edreml\u00e9ke van a marosszentgy\u00f6rgyi r. k. termplom kertj\u00e9ben. \u2013 <strong>F. m.:<\/strong> <strong>t\u00e1rssz.:<\/strong> A r\u00e1kellenes k\u00fczdelem k\u00f6zpontos\u00edt\u00e1sa (Krepsz Iv\u00e1nnal; Cluj, 1948). <br \/><strong>Irod.:<\/strong> Genersich; Kiss-P- P; Komj\u00e1tszegi; [Nekrol\u00f3g] (N\u00fa., 1993. m\u00e1rc. 2.; 1993. m\u00e1rc. 4.); Nemes Gyula: Szakr\u00e1lis eml\u00e9kek. = P\u00e1l-Antal \u2013 Simon; R. k. okt. \u2013 1; R. k. okt. \u20132; T\u00f3th\u2013G\u00e1bor<\/br><\/p>\n","protected":false},"excerpt":{"rendered":"<p>D\u00e9va, 1919., \u2020 Mv., 1993. febr. 27.: orvos, radiol\u00f3gus. A marosszentgy\u00f6rgyi r. k. templom s\u00edrkertj\u00e9ben nyugszik. \u2013 Feles\u00e9ge. Kozma Gabriella Anna, f\u0151technikus (1935\u20132006). \u2013 D\u00e9v\u00e1n v\u00e9gezte a k\u00f6z\u00e9piskol\u00e1t \u00e9s az orvosi Ferenc J\u00f3zsef TE (1944) Kv.-on (1944). Beh\u00edvt\u00e1k a hadseregbe, fogs\u00e1gban a feladata az orvosi k\u00e9sz\u00fcl\u00e9kek jav\u00edt\u00e1sa, karbantart\u00e1sa volt. A mv.-i R. K. Gimn\u00e1zumban eg\u00e9szs\u00e9gtanat [&hellip;]<\/p>\n","protected":false},"featured_media":0,"comment_status":"open","ping_status":"closed","template":"","meta":[],"product_brand":[],"product_cat":[137],"product_tag":[],"class_list":{"0":"post-13177","1":"product","2":"type-product","3":"status-publish","5":"product_cat-maros-megyei-eletrajzi-lexikon","7":"first","8":"instock","9":"shipping-taxable","10":"product-type-simple"},"_links":{"self":[{"href":"https:\/\/uj.adatbank.ro\/lexikon\/wp-json\/wp\/v2\/product\/13177","targetHints":{"allow":["GET"]}}],"collection":[{"href":"https:\/\/uj.adatbank.ro\/lexikon\/wp-json\/wp\/v2\/product"}],"about":[{"href":"https:\/\/uj.adatbank.ro\/lexikon\/wp-json\/wp\/v2\/types\/product"}],"replies":[{"embeddable":true,"href":"https:\/\/uj.adatbank.ro\/lexikon\/wp-json\/wp\/v2\/comments?post=13177"}],"wp:attachment":[{"href":"https:\/\/uj.adatbank.ro\/lexikon\/wp-json\/wp\/v2\/media?parent=13177"}],"wp:term":[{"taxonomy":"product_brand","embeddable":true,"href":"https:\/\/uj.adatbank.ro\/lexikon\/wp-json\/wp\/v2\/product_brand?post=13177"},{"taxonomy":"product_cat","embeddable":true,"href":"https:\/\/uj.adatbank.ro\/lexikon\/wp-json\/wp\/v2\/product_cat?post=13177"},{"taxonomy":"product_tag","embeddable":true,"href":"https:\/\/uj.adatbank.ro\/lexikon\/wp-json\/wp\/v2\/product_tag?post=13177"}],"curies":[{"name":"wp","href":"https:\/\/api.w.org\/{rel}","templated":true}]}}