{"id":13178,"date":"2025-06-29T14:52:40","date_gmt":"2025-06-29T12:52:40","guid":{"rendered":"https:\/\/uj.adatbank.ro\/lexikon\/termek\/kozma-laszlo\/"},"modified":"2025-06-29T14:52:40","modified_gmt":"2025-06-29T12:52:40","slug":"kozma-laszlo","status":"publish","type":"product","link":"https:\/\/uj.adatbank.ro\/lexikon\/termek\/kozma-laszlo\/","title":{"rendered":"KOZMA L\u00e1szl\u00f3"},"content":{"rendered":"<p>Szentgerice, 1810. m\u00e1rc. 6. \u2020 Kv., 1874. dec. 4.: \u00fcgyv\u00e9d. \u2013 K. Gergely, lelk\u00e9sz (\u20201849) \u00e9s Pataki Anna fia. &#8211; A kir. Guberniumn\u00e1l szolg\u00e1lt. Honv\u00e9d hadb\u00edr\u00f3k\u00e9nt vett r\u00e9szt a szabads\u00e1gharcban. Aradon fogs\u00e1gba esett \u00e9s besorozt\u00e1k az osztr\u00e1k hadseregbe. Olaszo.-ban katona 2 \u00e9vig, W\u00fcttenberg herceg szabad\u00edtotta ki. \u00dcgyv\u00e9d (1861\u2013) \u00fajra Kv.-on a b\u00edr\u00f3s\u00e1g feloszl\u00e1s\u00e1ig. \u2013 <strong>F. m.:<\/strong> Napl\u00f3. <br \/><strong>Irod.:<\/strong> Kozma Ferenc: Kozma Gergely (Ker. Magvet\u0151, 1876); Kelemen<\/br><\/p>\n","protected":false},"excerpt":{"rendered":"<p>Szentgerice, 1810. m\u00e1rc. 6. \u2020 Kv., 1874. dec. 4.: \u00fcgyv\u00e9d. \u2013 K. Gergely, lelk\u00e9sz (\u20201849) \u00e9s Pataki Anna fia. &#8211; A kir. Guberniumn\u00e1l szolg\u00e1lt. Honv\u00e9d hadb\u00edr\u00f3k\u00e9nt vett r\u00e9szt a szabads\u00e1gharcban. Aradon fogs\u00e1gba esett \u00e9s besorozt\u00e1k az osztr\u00e1k hadseregbe. Olaszo.-ban katona 2 \u00e9vig, W\u00fcttenberg herceg szabad\u00edtotta ki. \u00dcgyv\u00e9d (1861\u2013) \u00fajra Kv.-on a b\u00edr\u00f3s\u00e1g feloszl\u00e1s\u00e1ig. \u2013 F. [&hellip;]<\/p>\n","protected":false},"featured_media":0,"comment_status":"open","ping_status":"closed","template":"","meta":[],"product_brand":[],"product_cat":[137],"product_tag":[],"class_list":{"0":"post-13178","1":"product","2":"type-product","3":"status-publish","5":"product_cat-maros-megyei-eletrajzi-lexikon","7":"first","8":"instock","9":"shipping-taxable","10":"product-type-simple"},"_links":{"self":[{"href":"https:\/\/uj.adatbank.ro\/lexikon\/wp-json\/wp\/v2\/product\/13178","targetHints":{"allow":["GET"]}}],"collection":[{"href":"https:\/\/uj.adatbank.ro\/lexikon\/wp-json\/wp\/v2\/product"}],"about":[{"href":"https:\/\/uj.adatbank.ro\/lexikon\/wp-json\/wp\/v2\/types\/product"}],"replies":[{"embeddable":true,"href":"https:\/\/uj.adatbank.ro\/lexikon\/wp-json\/wp\/v2\/comments?post=13178"}],"wp:attachment":[{"href":"https:\/\/uj.adatbank.ro\/lexikon\/wp-json\/wp\/v2\/media?parent=13178"}],"wp:term":[{"taxonomy":"product_brand","embeddable":true,"href":"https:\/\/uj.adatbank.ro\/lexikon\/wp-json\/wp\/v2\/product_brand?post=13178"},{"taxonomy":"product_cat","embeddable":true,"href":"https:\/\/uj.adatbank.ro\/lexikon\/wp-json\/wp\/v2\/product_cat?post=13178"},{"taxonomy":"product_tag","embeddable":true,"href":"https:\/\/uj.adatbank.ro\/lexikon\/wp-json\/wp\/v2\/product_tag?post=13178"}],"curies":[{"name":"wp","href":"https:\/\/api.w.org\/{rel}","templated":true}]}}