{"id":13179,"date":"2025-06-29T14:52:41","date_gmt":"2025-06-29T12:52:41","guid":{"rendered":"https:\/\/uj.adatbank.ro\/lexikon\/termek\/kozma-lorinc\/"},"modified":"2025-06-29T14:52:41","modified_gmt":"2025-06-29T12:52:41","slug":"kozma-lorinc","status":"publish","type":"product","link":"https:\/\/uj.adatbank.ro\/lexikon\/termek\/kozma-lorinc\/","title":{"rendered":"KOZMA L\u0151rinc"},"content":{"rendered":"<p>? \u2020 ? : unit. lelk\u00e9sz. \u2013 A kv.-i Unit. Koll.-ban tanult (1834\u201340. Sz\u0151kefalv\u00e1n m\u0171k\u00f6d\u00f6tt (1840\u201345). <br \/><strong>Irod.:<\/strong> Nagy L\u00e1szl\u00f3<\/br><\/p>\n","protected":false},"excerpt":{"rendered":"<p>? \u2020 ? : unit. lelk\u00e9sz. \u2013 A kv.-i Unit. Koll.-ban tanult (1834\u201340. Sz\u0151kefalv\u00e1n m\u0171k\u00f6d\u00f6tt (1840\u201345). Irod.: Nagy L\u00e1szl\u00f3<\/p>\n","protected":false},"featured_media":0,"comment_status":"open","ping_status":"closed","template":"","meta":[],"product_brand":[],"product_cat":[137],"product_tag":[],"class_list":{"0":"post-13179","1":"product","2":"type-product","3":"status-publish","5":"product_cat-maros-megyei-eletrajzi-lexikon","7":"first","8":"instock","9":"shipping-taxable","10":"product-type-simple"},"_links":{"self":[{"href":"https:\/\/uj.adatbank.ro\/lexikon\/wp-json\/wp\/v2\/product\/13179","targetHints":{"allow":["GET"]}}],"collection":[{"href":"https:\/\/uj.adatbank.ro\/lexikon\/wp-json\/wp\/v2\/product"}],"about":[{"href":"https:\/\/uj.adatbank.ro\/lexikon\/wp-json\/wp\/v2\/types\/product"}],"replies":[{"embeddable":true,"href":"https:\/\/uj.adatbank.ro\/lexikon\/wp-json\/wp\/v2\/comments?post=13179"}],"wp:attachment":[{"href":"https:\/\/uj.adatbank.ro\/lexikon\/wp-json\/wp\/v2\/media?parent=13179"}],"wp:term":[{"taxonomy":"product_brand","embeddable":true,"href":"https:\/\/uj.adatbank.ro\/lexikon\/wp-json\/wp\/v2\/product_brand?post=13179"},{"taxonomy":"product_cat","embeddable":true,"href":"https:\/\/uj.adatbank.ro\/lexikon\/wp-json\/wp\/v2\/product_cat?post=13179"},{"taxonomy":"product_tag","embeddable":true,"href":"https:\/\/uj.adatbank.ro\/lexikon\/wp-json\/wp\/v2\/product_tag?post=13179"}],"curies":[{"name":"wp","href":"https:\/\/api.w.org\/{rel}","templated":true}]}}