{"id":13182,"date":"2025-06-29T14:52:46","date_gmt":"2025-06-29T12:52:46","guid":{"rendered":"https:\/\/uj.adatbank.ro\/lexikon\/termek\/kozma-matyas-%c2%a7\/"},"modified":"2025-06-29T14:52:46","modified_gmt":"2025-06-29T12:52:46","slug":"kozma-matyas-%c2%a7","status":"publish","type":"product","link":"https:\/\/uj.adatbank.ro\/lexikon\/termek\/kozma-matyas-%c2%a7\/","title":{"rendered":"KOZMA M\u00e1ty\u00e1s, \u00a7"},"content":{"rendered":"<p>Mv., 1929. j\u00fal. 23., \u2020 T\u00f6lgyes, 1994. szept. 26., Mv.-en temett\u00e9k el: zeneszerz\u0151, orgonam\u0171v\u00e9sz, tan\u00e1r, K. G\u00e9za zeneszerz\u0151 fia. \u2013 Feles\u00e9ge: J\u00e1szber\u00e9nyi Emese. \u2013 Mv.-en a r. k. gimn. tanul\u00f3ja (1936\u201348), \u00e9retts\u00e9gizett a Ref. Gimn.-ban (1948); zenei tanulm\u00e1nyait a v\u00e1rosi Zeneiskol\u00e1ban kezdte, nagy \u00e9rdekl\u0151d\u00e9st mutatott az orgona ir\u00e1nt, Zsizsmann Jen\u0151 \u00e9s Metz Piroska, Trozner-Erkel Sarolta, Chovan Richard, K. G\u00e9za tan\u00edtv\u00e1nya, majd Kv.-on a Gh. Dima Zenem\u0171v\u00e9szeti F\u0151iskol\u00e1n Halmos Gy\u00f6rgy, Delly Szab\u00f3 G\u00e9za tan\u00edtv\u00e1nya, ahol zeneszerz\u00e9s \u00e9s orgonaszakon szerzett oklevelet (1954). Kv.-on a Gh. Dima Zenem\u0171v\u00e9szeti F\u0151iskola gyakornoka, Eisikovits Max \u00e9s Jod\u00e1l G\u00e1bor tan\u00edtv\u00e1nya (1954\u201355). Mv. -re kapta kinevez\u00e9s\u00e9t, a Filharm\u00f3nia orgonist\u00e1ja (1955\u201357). A Mv.-i R\u00e1di\u00f3studi\u00f3 megalakul\u00e1sakor a zeneoszt\u00e1ly vezet\u0151je lett (1957. okt. \u201359), ott sz\u00e1mos zenei hangfelv\u00e9telt k\u00e9sz\u00edtett n\u00e9pi egy\u00fcttesekkel, \u00e9nekesekkel, kamaraegy\u00fcttesekkel. A Mv.-i Filharm\u00f3nia igazgat\u00f3ja (1959\u201366). Rendezte Andr\u00e1ssi M\u00e1rtonnal \u00e9s vez\u00e9nyelte Szirmay Albert : M\u00e9zeskal\u00e1cs c. operettj\u00e9t (1957) az \u00c1llami Sz\u00e9kely Sz\u00ednh\u00e1zban. Orgon\u00e1n k\u00f6zrem\u0171k\u00f6d\u00f6tt N. Machiavelli : Mandragora; Heltai Jen\u0151 : A n\u00e9ma levente el\u0151ad\u00e1s\u00e1n; az \u00e9nekeket betan\u00edtotta Szirmai Albert : M\u00e9zeskal\u00e1cs c. m\u0171v\u00e9ben; a zen\u00e9t szerezte Shakespeare : A makrancos h\u00f6lgy c el\u0151ad\u00e1s\u00e1hoz a mv.-i Sz\u00e9kely Sz\u00ednh\u00e1zban. Tan\u00e1r a Mv.-i Tan\u00e1rk\u00e9pz\u0151 F\u0151iskola zeneszak\u00e1n, zenet\u00f6rt\u00e9netet, \u00f6sszhangzattant tan\u00edtott (1966\u201373). Az \u00c1llami \u00c9nek- \u00e9s T\u00e1ncegy\u00fcttes m\u0171v\u00e9szeti titk\u00e1ra (1973\u201378), korrepetitor (1978\u201380). A Filharm\u00f3nia orgona sz\u00f3list\u00e1ja nyugd\u00edjaz\u00e1s\u00e1ig (1980\u201390). Feladat\u00e1nak tartotta a Kult\u00farpalota orgon\u00e1j\u00e1nak \u00e1t\u00e9p\u00edt\u00e9s\u00e9t, ezt meg is val\u00f3s\u00edtotta (1980). sz\u00f3l\u00f3 orgonistak\u00e9nt ill. k\u00eds\u00e9r\u0151k\u00e9nt l\u00e9pett fel (1955\u201390). Hangversenyezett az orsz\u00e1gban \u00e9s k\u00fclf\u00f6ld\u00f6n (Riga, Tallin, Vilnius). A Rom\u00e1niai Zeneszerz\u0151k Sz\u00f6vets\u00e9g\u00e9nek tagja (1959\u2013). Kutat\u00e1si ter\u00fclete : posztromantika, Enescu Mv.-en, a harm\u00f3nia szerkezeti szerepe. Szerzem\u00e9nyeit, cikkeit az El\u0151re, M\u0171vel\u0151d\u00e9s, Utunk, \u00daj \u00c9let, V. Z., Igaz Sz\u00f3, Muzica, Ref. Szemle k\u00f6z\u00f6lte. \u00cdrt sz\u00e1mos orgonam\u0171vet, t\u00e1nck\u00f6ltem\u00e9nyt (a Maros M\u0171v\u00e9szegy\u00fcttes h\u00e1zi szerz\u0151je), n\u00e9pdalfeldolgoz\u00e1st, t\u00e1ncszvittet, zongoradarabot, dalt (Puskin, \u015et. O. Iosif; Salamon Ern\u0151, Magyari Lajos, Dsida Jen\u0151, Kir\u00e1ly L\u00e1szl\u00f3, \u00c1prily, Paul Verlain, Goethe verseire); k\u00f3rusm\u0171vet (Csokonai, Veress Zolt\u00e1n, Sz\u00e9kely J\u00e1nos, Szil\u00e1gyi Domokos, Tam\u00e1s M\u00e1ria, Jancsik P\u00e1l, St. O. Iosif verseire). Orsz\u00e1gos d\u00edjai : orgona II. d\u00edj (1981), I. d\u00edj (1985); II. d\u00edj a kamarazenekarral (1985\u201387). \u2013 <strong>F. m.:<\/strong> kompoz\u00edci\u00f3k: Colages: zongoradarabok; Piroska \u00e9s a farkas : k\u00eds\u00e9r\u0151zene (1949); Szolg\u00e1ld a haz\u00e1t : T\u00f6megdal (1952); H\u00e1rom v\u00e1lasz\u00fati n\u00e9pdal (1956); A Szent Anna- t\u00f3 ballad\u00e1ja : t\u00e1ncj\u00e1t\u00e9k (1957v. 59); Balettszvit zenekarra (1959); Orgonaverseny (1961\u201365; lemezfelv\u00e9tel 1975); Memento : T\u00e9m\u00e1s t\u00e1nc (1962); Piros r\u00f3zs\u00e1k: N\u00e9pdalszvit (1962); T\u00e9ma \u00e9s vari\u00e1ci\u00f3k orgon\u00e1ra (1963); Lakodalom: Balettzene (1963); A kommunista ballad\u00e1ja : t\u00e1ncj\u00e1t\u00e9k Aragon ut\u00e1n (1963); K\u00e9t dal (1964); N\u00e9met t\u00e1nc (1964); Zenekari nyit\u00e1ny (1964); H\u00e1rom balett (1965); K\u00f3rusm\u0171 Szil\u00e1gyi Domokos vers\u00e9re (1965); Klarin\u00e9t tri\u00f3 (1965); Tisztelet a h\u0151s\u00f6knek: Zenekari nyit\u00e1ny (1967); Vl\u0103stare noi: C\u00eentec de mas\u0103 pentru cor mixt (Tg. M., 1967); Toccata trio et ricercare (1968); B\u00edbor vir\u00e1g: T\u00e9m\u00e1s t\u00e1nc (1971); K\u00f6penyes kardos kom\u00e9di\u00e1k (A mell.: Dalbet\u00e9tek Kiss L\u00e1szl\u00f3 Kutyav\u00e1s\u00e1r c. zen\u00e9s vigj\u00e1t\u00e9k\u00e1hoz: Zongorakivonat K. M. zen\u00e9je; Mv., 1971); In memoriam D\u00f3zsa: orat\u00f3rium (1978); Partita: orgonasz\u00f3l\u00f3 (1979); Dialog con magister in organo Joannes Kajoni (1980); Temesv\u00e1r \u2013 zongoradarab (1989); T\u00fckr\u00f6k \u2013 zongor\u00e1ra (1989); Bagatell \u2013 heged\u0171re \u00e9s zongor\u00e1ra (1989); Romantikus h\u00e1rmask\u00e9p (olt\u00e1rk\u00e9p)( 1990); H\u00e1rom zongoradarab (1992); <strong>F. lemezei:<\/strong> Liszt m\u0171vek (Electrecord, ST-ECE 01984); hangkazetta: Orgonaj\u00e1t\u00e9k: V\u00e1logat\u00e1s a Mv.-i R\u00e1di\u00f3 felv\u00e9teleib\u0151l \/Borb\u00e9ly Zolt\u00e1n zenei, J\u00e1szber\u00e9nyi Emese felell\u0151s szerk (Sepsiszentgy\u00f6rgy, Dancs Market Records, 1999). \u2013 <strong>F. m.:<\/strong> Egyetemes zenet\u00f6rt\u00e9net: F\u0151iskolai jegyzet 1\u20132. (Mv., 1968, 1971); K\u00f6penyes kardos kom\u00e9di\u00e1k (Dalbet\u00e9tek Kiss L\u00e1szl\u00f3 Kutyav\u00e1s\u00e1r c. zen\u00e9s vigj\u00e1t\u00e9k\u00e1hoz. Zongorakivonat. (Mv., 1971); Mv. \u00e9s Enescu = Zenetudom\u00e1nyi \u00cdr\u00e1sok (Buk., 1980); Zenetudom\u00e1nyi \u00edr\u00e1sok. 1980. (Szerkesztette Benk\u0151 Andr\u00e1s, Buk., 1980); k\u00e9zirata: A mv.-i M\u0171vel\u0151d\u00e9si Palota orgon\u00e1j\u00e1r\u00f3l. <br \/><strong>Irod.:<\/strong> Benk\u0151 Andr\u00e1s: K. M. (M\u0171vel\u0151d\u00e9s, 3. sz., 1970); Benk\u0151 Andr\u00e1s: Magister in organo (A H\u00e9t, 37. sz., 1989); Bartis Ferenc: Ami\u00f3ta orgona l\u00e9tezik (\u00daj \u00c9let, 13. sz., 1971); Clujeni ai sec XX; Elekes M-A. 2007; Hubesz Valter: K. M. (V. Z., 1967. jan. 14.); Hal\u00e1sz Lajos: Albert Schweitzer nemcsak mint muzsikus, hanem mint ember is p\u00e9ldak\u00e9pem (V. Z., 1973. \u00e1pr. 1.); Horv\u00e1th Bea; J\u00e1szber\u00e9nyi Emes\u00e9t\u0151l kapott inf.; K\u00e1lm\u00e1n M\u00e1ria: Interj\u00fa a zeneszerz\u0151 \u00e9s orgonam\u0171v\u00e9sz K. M. -sal (V. Z., 1975. szept. 27.); Katona-K\u00f6t\u0151; KKACs; Katona Szab\u00f3 Istv\u00e1n: Az \u00daj \u00c9let lexikona, 92. (\u00daj \u00c9let, 8. sz. 1974.); Koch M\u00e1ria: K. M. orgonam\u0171v\u00e9szn\u00e9l (1980. nov. 15.); Kov\u00e1cs Levente; Kusz\u00e1lik; MIIB; Muzicieni din Rom.; Mv.-i R. K. okt.; Nagy Mikl\u00f3s Kund: A mesterhangszer vonz\u00e1s\u00e1ban (V. Z., 1989. szept. 30.); [Nekrol\u00f3g](N\u00fa., 1994. szept. 27.; Cs\u00edki Boldizs\u00e1r: B\u00facs\u00fa K. M. -t\u00f3l, N\u00fa., 1994. szept. 28.); RMIL; RMKK; R\u00daL; Sava-Vartolomei; Sz\u00e9kely D\u00e9nes 2005; Sz\u00e9kely Sz. Z.; Todea 2013; Verest\u00f3y Ilona: Kort\u00e1rsak voltunk (Erd\u00e9lyi Figyel\u0151, 3. sz., 1994); Viharban; Zenetud. \u00edr\u00e1sok 1998<\/br><\/p>\n","protected":false},"excerpt":{"rendered":"<p>Mv., 1929. j\u00fal. 23., \u2020 T\u00f6lgyes, 1994. szept. 26., Mv.-en temett\u00e9k el: zeneszerz\u0151, orgonam\u0171v\u00e9sz, tan\u00e1r, K. G\u00e9za zeneszerz\u0151 fia. \u2013 Feles\u00e9ge: J\u00e1szber\u00e9nyi Emese. \u2013 Mv.-en a r. k. gimn. tanul\u00f3ja (1936\u201348), \u00e9retts\u00e9gizett a Ref. Gimn.-ban (1948); zenei tanulm\u00e1nyait a v\u00e1rosi Zeneiskol\u00e1ban kezdte, nagy \u00e9rdekl\u0151d\u00e9st mutatott az orgona ir\u00e1nt, Zsizsmann Jen\u0151 \u00e9s Metz Piroska, Trozner-Erkel Sarolta, [&hellip;]<\/p>\n","protected":false},"featured_media":0,"comment_status":"open","ping_status":"closed","template":"","meta":[],"product_brand":[],"product_cat":[137],"product_tag":[],"class_list":{"0":"post-13182","1":"product","2":"type-product","3":"status-publish","5":"product_cat-maros-megyei-eletrajzi-lexikon","7":"first","8":"instock","9":"shipping-taxable","10":"product-type-simple"},"_links":{"self":[{"href":"https:\/\/uj.adatbank.ro\/lexikon\/wp-json\/wp\/v2\/product\/13182","targetHints":{"allow":["GET"]}}],"collection":[{"href":"https:\/\/uj.adatbank.ro\/lexikon\/wp-json\/wp\/v2\/product"}],"about":[{"href":"https:\/\/uj.adatbank.ro\/lexikon\/wp-json\/wp\/v2\/types\/product"}],"replies":[{"embeddable":true,"href":"https:\/\/uj.adatbank.ro\/lexikon\/wp-json\/wp\/v2\/comments?post=13182"}],"wp:attachment":[{"href":"https:\/\/uj.adatbank.ro\/lexikon\/wp-json\/wp\/v2\/media?parent=13182"}],"wp:term":[{"taxonomy":"product_brand","embeddable":true,"href":"https:\/\/uj.adatbank.ro\/lexikon\/wp-json\/wp\/v2\/product_brand?post=13182"},{"taxonomy":"product_cat","embeddable":true,"href":"https:\/\/uj.adatbank.ro\/lexikon\/wp-json\/wp\/v2\/product_cat?post=13182"},{"taxonomy":"product_tag","embeddable":true,"href":"https:\/\/uj.adatbank.ro\/lexikon\/wp-json\/wp\/v2\/product_tag?post=13182"}],"curies":[{"name":"wp","href":"https:\/\/api.w.org\/{rel}","templated":true}]}}