{"id":13184,"date":"2025-06-29T14:52:51","date_gmt":"2025-06-29T12:52:51","guid":{"rendered":"https:\/\/uj.adatbank.ro\/lexikon\/termek\/kozma-mihaly-galfalvi-kozma-mihaly-nyaradgalfalvi\/"},"modified":"2025-06-29T14:52:51","modified_gmt":"2025-06-29T12:52:51","slug":"kozma-mihaly-galfalvi-kozma-mihaly-nyaradgalfalvi","status":"publish","type":"product","link":"https:\/\/uj.adatbank.ro\/lexikon\/termek\/kozma-mihaly-galfalvi-kozma-mihaly-nyaradgalfalvi\/","title":{"rendered":"KOZMA Mih\u00e1ly, G\u00e1lfalvi Kozma Mih\u00e1ly, ny\u00e1r\u00e1dg\u00e1lfalvi"},"content":{"rendered":"<p>? \u2020 ?: mennyezetfest\u0151- asztalos-, \u00e1csmester. \u2013 Csal\u00e1dja Ny\u00e1r\u00e1dg\u00e1lfalv\u00e1n t\u00f6rzs\u00f6k\u00f6s sz\u00e9kely l\u00f3f\u0151 familia. K\u00f6z\u00fcl\u00fck J\u00e1nos Bethlen G\u00e1bor alatt a l\u00f3f\u0151sz\u00e9kelyek k\u00f6z\u00f6tt lustr\u00e1lt (1614). Mih\u00e1ly falub\u00edr\u00f3 (1636), val\u00f3sz\u00edn\u0171leg apja volt a fest\u0151nek. \u00c9let\u00e9r\u0151l semmi biztosat nem tudunk. Ny\u00e1r\u00e1dg\u00e1lfalv\u00e1r\u00f3l k\u00f6lt\u00f6z\u00f6tt Sz\u00e9kesre (1665). Kazett\u00e1s, 60 t\u00e1bl\u00e1b\u00f3l \u00e1ll\u00f3 mennyezetet \u00e9s \u00faj karzatot \u00e9p\u00edtett a ny\u00e1r\u00e1dszentm\u00e1rtoni unit\u00e1rius templom r\u00e9sz\u00e9re Havadi Andr\u00e1s mesterrel (1667). A szentgericei unit\u00e1rius m\u0171eml\u00e9k templom \u00e9kess\u00e9ge, a haj\u00f3t d\u00edsz\u00edt\u0151 79 t\u00e1bl\u00e1b\u00f3l \u00e1ll\u00f3 festett kazett\u00e1s deszkamennyezetet k\u00e9sz\u00edtette (1670. \u00e1pr. 4. -\u00e9n fejezte be). Legink\u00e1bb n\u00f6v\u00e9nyi- \u00e9s vir\u00e1gmot\u00edvumokat, kisebb sz\u00e1mban mlrtani d\u00edsz\u00edtm\u00e9nyeket, a szentgericein egy sor pikkelyt\u00e1bl\u00e1t, ezenk\u00edv\u00fcl n\u00e9h\u00e1ny \u00e1llatot kigy\u00f3, delfin, k\u00e9tfej\u0171 sast festet. Bodroki J\u00e1nos sz\u00e9kesi \u00e1csmesterrel dolgoztak a csejdi, f\u00e1b\u00f3l \u00e9p\u00fclt templom \u00e9s harangl\u00e1b k\u00e9sz\u00edt\u00e9s\u00e9n\u00e9l (1681). <br \/><strong>Irod.:<\/strong> B\u00edr\u00f3; Csejd \u2013T\u00f3falva; \u00c9ber; Kelemen Lajos 2009, Keresztes Gyula: A szentgericei unit\u00e1rius templom (N\u00fa., 1999. okt. 23), Kelemen Lajos 1977; Lesty\u00e1n \u2013 templomok 1.; Moln\u00e1r; Ny\u00e1r\u00e1d mente; P\u00e9terfy 2005; Sepsisz\u00e9ki; Szab\u00f3\u2013K\u00e1llai; Szab\u00f3 L\u00e1szl\u00f3: M. fest\u0151m\u0171v\u00e9szet (Bp., 1916); Szentgerice; Vilhelm K\u00e1roly<\/br><\/p>\n","protected":false},"excerpt":{"rendered":"<p>? \u2020 ?: mennyezetfest\u0151- asztalos-, \u00e1csmester. \u2013 Csal\u00e1dja Ny\u00e1r\u00e1dg\u00e1lfalv\u00e1n t\u00f6rzs\u00f6k\u00f6s sz\u00e9kely l\u00f3f\u0151 familia. K\u00f6z\u00fcl\u00fck J\u00e1nos Bethlen G\u00e1bor alatt a l\u00f3f\u0151sz\u00e9kelyek k\u00f6z\u00f6tt lustr\u00e1lt (1614). Mih\u00e1ly falub\u00edr\u00f3 (1636), val\u00f3sz\u00edn\u0171leg apja volt a fest\u0151nek. \u00c9let\u00e9r\u0151l semmi biztosat nem tudunk. Ny\u00e1r\u00e1dg\u00e1lfalv\u00e1r\u00f3l k\u00f6lt\u00f6z\u00f6tt Sz\u00e9kesre (1665). Kazett\u00e1s, 60 t\u00e1bl\u00e1b\u00f3l \u00e1ll\u00f3 mennyezetet \u00e9s \u00faj karzatot \u00e9p\u00edtett a ny\u00e1r\u00e1dszentm\u00e1rtoni unit\u00e1rius templom r\u00e9sz\u00e9re Havadi [&hellip;]<\/p>\n","protected":false},"featured_media":0,"comment_status":"open","ping_status":"closed","template":"","meta":[],"product_brand":[],"product_cat":[137],"product_tag":[],"class_list":{"0":"post-13184","1":"product","2":"type-product","3":"status-publish","5":"product_cat-maros-megyei-eletrajzi-lexikon","7":"first","8":"instock","9":"shipping-taxable","10":"product-type-simple"},"_links":{"self":[{"href":"https:\/\/uj.adatbank.ro\/lexikon\/wp-json\/wp\/v2\/product\/13184","targetHints":{"allow":["GET"]}}],"collection":[{"href":"https:\/\/uj.adatbank.ro\/lexikon\/wp-json\/wp\/v2\/product"}],"about":[{"href":"https:\/\/uj.adatbank.ro\/lexikon\/wp-json\/wp\/v2\/types\/product"}],"replies":[{"embeddable":true,"href":"https:\/\/uj.adatbank.ro\/lexikon\/wp-json\/wp\/v2\/comments?post=13184"}],"wp:attachment":[{"href":"https:\/\/uj.adatbank.ro\/lexikon\/wp-json\/wp\/v2\/media?parent=13184"}],"wp:term":[{"taxonomy":"product_brand","embeddable":true,"href":"https:\/\/uj.adatbank.ro\/lexikon\/wp-json\/wp\/v2\/product_brand?post=13184"},{"taxonomy":"product_cat","embeddable":true,"href":"https:\/\/uj.adatbank.ro\/lexikon\/wp-json\/wp\/v2\/product_cat?post=13184"},{"taxonomy":"product_tag","embeddable":true,"href":"https:\/\/uj.adatbank.ro\/lexikon\/wp-json\/wp\/v2\/product_tag?post=13184"}],"curies":[{"name":"wp","href":"https:\/\/api.w.org\/{rel}","templated":true}]}}