{"id":13185,"date":"2025-06-29T14:52:54","date_gmt":"2025-06-29T12:52:54","guid":{"rendered":"https:\/\/uj.adatbank.ro\/lexikon\/termek\/kozma-mihaly-kezdiszentleleki\/"},"modified":"2025-06-29T14:52:54","modified_gmt":"2025-06-29T12:52:54","slug":"kozma-mihaly-kezdiszentleleki","status":"publish","type":"product","link":"https:\/\/uj.adatbank.ro\/lexikon\/termek\/kozma-mihaly-kezdiszentleleki\/","title":{"rendered":"KOZMA Mih\u00e1ly, k\u00e9zdiszentl\u00e9leki"},"content":{"rendered":"<p>Torock\u00f3szentgy\u00f6rgy, 1723. aug. 5 v. 6., \u2020 Szentgerice, 1798. szept. 3. v. 8.: unit. esperes- lelk\u00e9sz, egyh\u00e1zt\u00f6rt\u00e9net\u00edr\u00f3. \u2013 Fiai: Mih\u00e1ly, tordai rektor, majd b\u00e1gyoni pap; J\u00f3zsef, kv.-i \u00fcgyv\u00e9d; J\u00e1nos, cs\u00f3kfalvi pap. K. Gergely apja. A csal\u00e1d a protest\u00e1nsok \u00fcld\u00f6z\u00e9se k\u00f6vetkezt\u00e9ben k\u00f6lt\u00f6z\u00f6tt Erd\u00e9lybe, nemess\u00e9get nyert (1646). Tanulm\u00e1nyait a sz\u00fcl\u0151i h\u00e1zon kiv\u00fcl a tordai \u00e9s a kv.-i unit. Koll.-ban (1743\u2013) v\u00e9gezte. Ny\u00e1r\u00e1dszentl\u00e1szl\u00f3n pap (1751\u201371) \u00e9s k\u00e9s\u0151bb marossz\u00e9ki egyh\u00e1zker\u00fcleti jegyz\u0151 lett; Szentgeric\u00e9n pap (1771\u201398) egyh\u00e1zi tan\u00e1csos, f\u0151jegyz\u0151 \u00e9s esperes, zsinati eln\u00f6k (1774), Marosk\u00f6vesden esperes helyettes, esperes hal\u00e1l\u00e1ig 1780. jan. 4. \u2013). Mint rendtart\u00f3, szervez\u0151 tehets\u00e9g \u00e9s mint egyh\u00e1zi \u00edr\u00f3 egyar\u00e1nt kiv\u00e1l\u00f3 volt. Dolgozott egyh\u00e1za t\u00f6rt\u00e9net\u00e9n, \u00edrt 12 k\u00f6tetnyi egyh\u00e1zi besz\u00e9det, k\u00f6ny\u00f6rg\u00e9st \u00e9s verseket is. A marosk\u00f6ri unit esperess\u00e9g sz\u00e1m\u00e1ra egy nagy jegyz\u0151k\u00f6nyvet \u00faj\u00edtott meg (1780) amelynek eredetij\u00e9t a c\u00edmlap bels\u0151 oldal\u00e1n olvashat\u00f3 feljegyz\u00e9s szerint m\u00e1r 1680-ban \u00faj\u00edtott\u00e1k s majd 1721 ben \u00fajb\u00f3l le\u00edrt\u00e1k. Ebb\u0151l az ut\u00f3bbib\u00f3l m\u00e1solta le a r\u00e1nk maradt p\u00e9ld\u00e1nyt s kib\u0151v\u00edtette m\u00e9g az id\u0151k\u00f6zben hozott hat\u00e1rozatokkal \u00e9s az adom\u00e1nyoz\u00e1sok jegyz\u00e9k\u00e9vel, amelyet k\u00e9s\u0151bb esperess\u00e9ge alatt is jegyzett (1780\u201383). A K\u00e9nosi-Uzoni-f\u00e9le latin nyelv\u0171 Unit\u00e1rius egyh\u00e1z t\u00f6rt\u00e9net\u00e9nek folytat\u00f3ja (1778\u201398), melyb\u0151l \u0151 maga latinul befejezte a m\u00e1sodik k\u00f6nyvet, folytatta a t\u00f6rt\u00e9net\u00edr\u00e1st (1778\u201392) h\u00e1rom k\u00f6tetet \u00edrt. Hal\u00e1la ut\u00e1n fia K. J\u00e1nos, cs\u00f3kfalvi pap folytatta. K\u00e9ziratai is maradtak fent. \u2013 <strong>F. m.:<\/strong> Temet\u00e9si alapig\u00e9k az \u00f3 \u00e9s \u00faj testamentomb\u00f3l \u00f6sszeszedegette. b\u0151v\u00edtette \u00e9s sajt\u00f3 al\u00e1 rendezte Kozma Ferenc (Kv., 1875); <strong>K\u00e9ziratban:<\/strong> Szent \u00c1brah\u00e1mi Lombard Mih\u00e1ly \u00e1ltal \u00edrt \u00e9s kiadott : Summa universiae theologiae Christianae secundum unitarios magyar ford\u00edt\u00e1sa; Egyh\u00e1zi besz\u00e9dei 12 k\u00f6tetben \u00e9s H\u00e1laad\u00f3 k\u00f6ny\u00f6rg\u00e9sek egy k\u00f6tetben (Szentgerice, 1773), ut\u00f3bbiak ma is haszn\u00e1latban vannak; Versei : Bizonyos id\u0151kre, nevezetes alkalmatoss\u00e1gokra val\u00f3 magyar \u00e9s de\u00e1k k\u00f6sz\u00f6nt\u0151 versek \u00e9s \u00e9nekek (Szentgerice, 1771). <br \/><strong>Irod.:<\/strong> Bi\u00e1s; Ga\u00e1l 2001; Guly\u00e1s; Kelemen; Kelemen Lajos 1982; K\u00e9nosi-Uzoni 1., 2.; MAM\u0170L, Ny\u00e1r\u00e1dszentl\u00e1szl\u00f3; Rugonfalvi Kiss; Sz\u00e9kely S\u00e1ndor: Az unitaria vall\u00e1s t\u00f6rt\u00e9nete Erd\u00e9lyben (Kv., 1839); Szentgerice; Szinnyei<\/br><\/p>\n","protected":false},"excerpt":{"rendered":"<p>Torock\u00f3szentgy\u00f6rgy, 1723. aug. 5 v. 6., \u2020 Szentgerice, 1798. szept. 3. v. 8.: unit. esperes- lelk\u00e9sz, egyh\u00e1zt\u00f6rt\u00e9net\u00edr\u00f3. \u2013 Fiai: Mih\u00e1ly, tordai rektor, majd b\u00e1gyoni pap; J\u00f3zsef, kv.-i \u00fcgyv\u00e9d; J\u00e1nos, cs\u00f3kfalvi pap. K. Gergely apja. A csal\u00e1d a protest\u00e1nsok \u00fcld\u00f6z\u00e9se k\u00f6vetkezt\u00e9ben k\u00f6lt\u00f6z\u00f6tt Erd\u00e9lybe, nemess\u00e9get nyert (1646). Tanulm\u00e1nyait a sz\u00fcl\u0151i h\u00e1zon kiv\u00fcl a tordai \u00e9s a kv.-i [&hellip;]<\/p>\n","protected":false},"featured_media":0,"comment_status":"open","ping_status":"closed","template":"","meta":[],"product_brand":[],"product_cat":[137],"product_tag":[],"class_list":{"0":"post-13185","1":"product","2":"type-product","3":"status-publish","5":"product_cat-maros-megyei-eletrajzi-lexikon","7":"first","8":"instock","9":"shipping-taxable","10":"product-type-simple"},"_links":{"self":[{"href":"https:\/\/uj.adatbank.ro\/lexikon\/wp-json\/wp\/v2\/product\/13185","targetHints":{"allow":["GET"]}}],"collection":[{"href":"https:\/\/uj.adatbank.ro\/lexikon\/wp-json\/wp\/v2\/product"}],"about":[{"href":"https:\/\/uj.adatbank.ro\/lexikon\/wp-json\/wp\/v2\/types\/product"}],"replies":[{"embeddable":true,"href":"https:\/\/uj.adatbank.ro\/lexikon\/wp-json\/wp\/v2\/comments?post=13185"}],"wp:attachment":[{"href":"https:\/\/uj.adatbank.ro\/lexikon\/wp-json\/wp\/v2\/media?parent=13185"}],"wp:term":[{"taxonomy":"product_brand","embeddable":true,"href":"https:\/\/uj.adatbank.ro\/lexikon\/wp-json\/wp\/v2\/product_brand?post=13185"},{"taxonomy":"product_cat","embeddable":true,"href":"https:\/\/uj.adatbank.ro\/lexikon\/wp-json\/wp\/v2\/product_cat?post=13185"},{"taxonomy":"product_tag","embeddable":true,"href":"https:\/\/uj.adatbank.ro\/lexikon\/wp-json\/wp\/v2\/product_tag?post=13185"}],"curies":[{"name":"wp","href":"https:\/\/api.w.org\/{rel}","templated":true}]}}