{"id":13186,"date":"2025-06-29T14:52:55","date_gmt":"2025-06-29T12:52:55","guid":{"rendered":"https:\/\/uj.adatbank.ro\/lexikon\/termek\/kozma-odon\/"},"modified":"2025-06-29T14:52:55","modified_gmt":"2025-06-29T12:52:55","slug":"kozma-odon","status":"publish","type":"product","link":"https:\/\/uj.adatbank.ro\/lexikon\/termek\/kozma-odon\/","title":{"rendered":"KOZMA \u00d6d\u00f6n"},"content":{"rendered":"<p>Gyergy\u00f3alfalu, 1930. febr. 8., \u2020 ? : mez\u0151gazd\u00e1sz. \u2013 Mv.-en a Mez\u0151gazdas\u00e1gi Iskol\u00e1ban \u00e9retts\u00e9gizett (1948), majd a kv.-i Mez\u0151gazdas\u00e1gi F\u0151iskol\u00e1n szerzett oklevelet (1952). A Maros MAT Mez\u0151gazdas\u00e1gi oszt\u00e1ly\u00e1n m\u00e9rn\u00f6k (1952\u201354); a V\u00f6r\u00f6s Z\u00e1szl\u00f3 \u00fajs\u00e1g\u00edr\u00f3ja (1954\u201362); f\u0151m\u00e9rn\u00f6k a ny\u00e1r\u00e1dg\u00e1lfalvi (1962\u201367), az ernyei MgTSz \u2013n\u00e9l (1967\u201390). A mv.-i Kis\u00e1llatteny\u00e9szt\u0151k Egyes\u00fclet\u00e9nek alap\u00edt\u00f3ja \u00e9s els\u0151 titk\u00e1ra (1955\u2013). Kutat\u00e1si ter\u00fclete : genetikai vonatkoz\u00e1s\u00fa ny\u00falteny\u00e9szt\u00e9s, a gyapjas rex ny\u00fal kiteny\u00e9szt\u0151je. <br \/><strong>Irod.:<\/strong> APM; KKACs; RMKK<\/br><\/p>\n","protected":false},"excerpt":{"rendered":"<p>Gyergy\u00f3alfalu, 1930. febr. 8., \u2020 ? : mez\u0151gazd\u00e1sz. \u2013 Mv.-en a Mez\u0151gazdas\u00e1gi Iskol\u00e1ban \u00e9retts\u00e9gizett (1948), majd a kv.-i Mez\u0151gazdas\u00e1gi F\u0151iskol\u00e1n szerzett oklevelet (1952). A Maros MAT Mez\u0151gazdas\u00e1gi oszt\u00e1ly\u00e1n m\u00e9rn\u00f6k (1952\u201354); a V\u00f6r\u00f6s Z\u00e1szl\u00f3 \u00fajs\u00e1g\u00edr\u00f3ja (1954\u201362); f\u0151m\u00e9rn\u00f6k a ny\u00e1r\u00e1dg\u00e1lfalvi (1962\u201367), az ernyei MgTSz \u2013n\u00e9l (1967\u201390). A mv.-i Kis\u00e1llatteny\u00e9szt\u0151k Egyes\u00fclet\u00e9nek alap\u00edt\u00f3ja \u00e9s els\u0151 titk\u00e1ra (1955\u2013). Kutat\u00e1si ter\u00fclete [&hellip;]<\/p>\n","protected":false},"featured_media":0,"comment_status":"open","ping_status":"closed","template":"","meta":[],"product_brand":[],"product_cat":[137],"product_tag":[],"class_list":{"0":"post-13186","1":"product","2":"type-product","3":"status-publish","5":"product_cat-maros-megyei-eletrajzi-lexikon","7":"first","8":"instock","9":"shipping-taxable","10":"product-type-simple"},"_links":{"self":[{"href":"https:\/\/uj.adatbank.ro\/lexikon\/wp-json\/wp\/v2\/product\/13186","targetHints":{"allow":["GET"]}}],"collection":[{"href":"https:\/\/uj.adatbank.ro\/lexikon\/wp-json\/wp\/v2\/product"}],"about":[{"href":"https:\/\/uj.adatbank.ro\/lexikon\/wp-json\/wp\/v2\/types\/product"}],"replies":[{"embeddable":true,"href":"https:\/\/uj.adatbank.ro\/lexikon\/wp-json\/wp\/v2\/comments?post=13186"}],"wp:attachment":[{"href":"https:\/\/uj.adatbank.ro\/lexikon\/wp-json\/wp\/v2\/media?parent=13186"}],"wp:term":[{"taxonomy":"product_brand","embeddable":true,"href":"https:\/\/uj.adatbank.ro\/lexikon\/wp-json\/wp\/v2\/product_brand?post=13186"},{"taxonomy":"product_cat","embeddable":true,"href":"https:\/\/uj.adatbank.ro\/lexikon\/wp-json\/wp\/v2\/product_cat?post=13186"},{"taxonomy":"product_tag","embeddable":true,"href":"https:\/\/uj.adatbank.ro\/lexikon\/wp-json\/wp\/v2\/product_tag?post=13186"}],"curies":[{"name":"wp","href":"https:\/\/api.w.org\/{rel}","templated":true}]}}