{"id":13187,"date":"2025-06-29T14:52:57","date_gmt":"2025-06-29T12:52:57","guid":{"rendered":"https:\/\/uj.adatbank.ro\/lexikon\/termek\/kozma-pal\/"},"modified":"2025-06-29T14:52:57","modified_gmt":"2025-06-29T12:52:57","slug":"kozma-pal","status":"publish","type":"product","link":"https:\/\/uj.adatbank.ro\/lexikon\/termek\/kozma-pal\/","title":{"rendered":"KOZMA P\u00e1l"},"content":{"rendered":"<p>? \u2020 ? : tan\u00edt\u00f3. \u2013 Iskolamester volt Rav\u00e1ban (1806\u201318). Az ekl\u00e9zsia orgon\u00e1t v\u00e1s\u00e1rolt a templomba, s mivel \u0151 nem tudta kezelni, k\u00e9rte az elhelyez\u00e9s\u00e9t (1818). <br \/><strong>Irod.:<\/strong> Rava<\/br><\/p>\n","protected":false},"excerpt":{"rendered":"<p>? \u2020 ? : tan\u00edt\u00f3. \u2013 Iskolamester volt Rav\u00e1ban (1806\u201318). Az ekl\u00e9zsia orgon\u00e1t v\u00e1s\u00e1rolt a templomba, s mivel \u0151 nem tudta kezelni, k\u00e9rte az elhelyez\u00e9s\u00e9t (1818). Irod.: Rava<\/p>\n","protected":false},"featured_media":0,"comment_status":"open","ping_status":"closed","template":"","meta":[],"product_brand":[],"product_cat":[137],"product_tag":[],"class_list":{"0":"post-13187","1":"product","2":"type-product","3":"status-publish","5":"product_cat-maros-megyei-eletrajzi-lexikon","7":"first","8":"instock","9":"shipping-taxable","10":"product-type-simple"},"_links":{"self":[{"href":"https:\/\/uj.adatbank.ro\/lexikon\/wp-json\/wp\/v2\/product\/13187","targetHints":{"allow":["GET"]}}],"collection":[{"href":"https:\/\/uj.adatbank.ro\/lexikon\/wp-json\/wp\/v2\/product"}],"about":[{"href":"https:\/\/uj.adatbank.ro\/lexikon\/wp-json\/wp\/v2\/types\/product"}],"replies":[{"embeddable":true,"href":"https:\/\/uj.adatbank.ro\/lexikon\/wp-json\/wp\/v2\/comments?post=13187"}],"wp:attachment":[{"href":"https:\/\/uj.adatbank.ro\/lexikon\/wp-json\/wp\/v2\/media?parent=13187"}],"wp:term":[{"taxonomy":"product_brand","embeddable":true,"href":"https:\/\/uj.adatbank.ro\/lexikon\/wp-json\/wp\/v2\/product_brand?post=13187"},{"taxonomy":"product_cat","embeddable":true,"href":"https:\/\/uj.adatbank.ro\/lexikon\/wp-json\/wp\/v2\/product_cat?post=13187"},{"taxonomy":"product_tag","embeddable":true,"href":"https:\/\/uj.adatbank.ro\/lexikon\/wp-json\/wp\/v2\/product_tag?post=13187"}],"curies":[{"name":"wp","href":"https:\/\/api.w.org\/{rel}","templated":true}]}}