{"id":13188,"date":"2025-06-29T14:53:00","date_gmt":"2025-06-29T12:53:00","guid":{"rendered":"https:\/\/uj.adatbank.ro\/lexikon\/termek\/kozma-simon\/"},"modified":"2025-06-29T14:53:00","modified_gmt":"2025-06-29T12:53:00","slug":"kozma-simon","status":"publish","type":"product","link":"https:\/\/uj.adatbank.ro\/lexikon\/termek\/kozma-simon\/","title":{"rendered":"KOZMA Simon"},"content":{"rendered":"<p>Fut\u00e1sfalva, 1809. febr. 22., \u2020 1879. \u00e1pr. 5.: r. k. pap. &#8211; A b\u00e9csi P\u00e1zm\u00e1neumban tanult. papp\u00e1 szentelt\u00e9k (1832. \u00e1pr. 27.). K\u00e1pl\u00e1n Zalatn\u00e1n, Nagyszebenben (1833). Pl\u00e9b\u00e1nos Sz\u0151kefalv\u00e1n \u00e9s Abosfalv\u00e1n (1834\u201337), Kadicsfalv\u00e1n, Ny\u00fajt\u00f3don, \u00c1kosfalv\u00e1n (1853\u201363). Oroszhegyen (1863) D\u00e9sakn\u00e1n, Verestoronyban, Fut\u00e1sfalv\u00e1n volt pl\u00e9b\u00e1nos (1864\u201376). <br \/><strong>Irod.:<\/strong> Ferenczi S\u00e1ndor 2009; Nagy L\u00e1szl\u00f3; Szolnok-Dobola v\u00e1rmegye monogr\u00e1fi\u00e1ja http: \/\/ www. mek. oszk. hu<\/br><\/p>\n","protected":false},"excerpt":{"rendered":"<p>Fut\u00e1sfalva, 1809. febr. 22., \u2020 1879. \u00e1pr. 5.: r. k. pap. &#8211; A b\u00e9csi P\u00e1zm\u00e1neumban tanult. papp\u00e1 szentelt\u00e9k (1832. \u00e1pr. 27.). K\u00e1pl\u00e1n Zalatn\u00e1n, Nagyszebenben (1833). Pl\u00e9b\u00e1nos Sz\u0151kefalv\u00e1n \u00e9s Abosfalv\u00e1n (1834\u201337), Kadicsfalv\u00e1n, Ny\u00fajt\u00f3don, \u00c1kosfalv\u00e1n (1853\u201363). Oroszhegyen (1863) D\u00e9sakn\u00e1n, Verestoronyban, Fut\u00e1sfalv\u00e1n volt pl\u00e9b\u00e1nos (1864\u201376). Irod.: Ferenczi S\u00e1ndor 2009; Nagy L\u00e1szl\u00f3; Szolnok-Dobola v\u00e1rmegye monogr\u00e1fi\u00e1ja http: \/\/ www. mek. [&hellip;]<\/p>\n","protected":false},"featured_media":0,"comment_status":"open","ping_status":"closed","template":"","meta":[],"product_brand":[],"product_cat":[137],"product_tag":[],"class_list":{"0":"post-13188","1":"product","2":"type-product","3":"status-publish","5":"product_cat-maros-megyei-eletrajzi-lexikon","7":"first","8":"instock","9":"shipping-taxable","10":"product-type-simple"},"_links":{"self":[{"href":"https:\/\/uj.adatbank.ro\/lexikon\/wp-json\/wp\/v2\/product\/13188","targetHints":{"allow":["GET"]}}],"collection":[{"href":"https:\/\/uj.adatbank.ro\/lexikon\/wp-json\/wp\/v2\/product"}],"about":[{"href":"https:\/\/uj.adatbank.ro\/lexikon\/wp-json\/wp\/v2\/types\/product"}],"replies":[{"embeddable":true,"href":"https:\/\/uj.adatbank.ro\/lexikon\/wp-json\/wp\/v2\/comments?post=13188"}],"wp:attachment":[{"href":"https:\/\/uj.adatbank.ro\/lexikon\/wp-json\/wp\/v2\/media?parent=13188"}],"wp:term":[{"taxonomy":"product_brand","embeddable":true,"href":"https:\/\/uj.adatbank.ro\/lexikon\/wp-json\/wp\/v2\/product_brand?post=13188"},{"taxonomy":"product_cat","embeddable":true,"href":"https:\/\/uj.adatbank.ro\/lexikon\/wp-json\/wp\/v2\/product_cat?post=13188"},{"taxonomy":"product_tag","embeddable":true,"href":"https:\/\/uj.adatbank.ro\/lexikon\/wp-json\/wp\/v2\/product_tag?post=13188"}],"curies":[{"name":"wp","href":"https:\/\/api.w.org\/{rel}","templated":true}]}}