{"id":13189,"date":"2025-06-29T14:53:02","date_gmt":"2025-06-29T12:53:02","guid":{"rendered":"https:\/\/uj.adatbank.ro\/lexikon\/termek\/kozma-tamas\/"},"modified":"2025-06-29T14:53:02","modified_gmt":"2025-06-29T12:53:02","slug":"kozma-tamas","status":"publish","type":"product","link":"https:\/\/uj.adatbank.ro\/lexikon\/termek\/kozma-tamas\/","title":{"rendered":"KOZMA Tam\u00e1s"},"content":{"rendered":"<p>1753, \u2020 S\u00e1romberke, 1814. febr. 14.: tan\u00edt\u00f3. \u2013 Mv.-en subsscrib\u00e1lt (1768). S\u00e1romberk\u00e9n tan\u00edtott 43 \u00e9ven \u00e1t (1771\u20131814). Ell\u00e1tta a \u00bbnot\u00e1riusi\u00ab teend\u0151ket is. <br \/><strong>Irod.:<\/strong> B\u00f6jthe Andor: A G\u00f6rg\u00e9nyi ev. ref. egyh\u00e1zmegye t\u00f6rt\u00e9nete [k\u00e9zirat]; \u0150sz, S\u00e1romberke<\/br><\/p>\n","protected":false},"excerpt":{"rendered":"<p>1753, \u2020 S\u00e1romberke, 1814. febr. 14.: tan\u00edt\u00f3. \u2013 Mv.-en subsscrib\u00e1lt (1768). S\u00e1romberk\u00e9n tan\u00edtott 43 \u00e9ven \u00e1t (1771\u20131814). Ell\u00e1tta a \u00bbnot\u00e1riusi\u00ab teend\u0151ket is. Irod.: B\u00f6jthe Andor: A G\u00f6rg\u00e9nyi ev. ref. egyh\u00e1zmegye t\u00f6rt\u00e9nete [k\u00e9zirat]; \u0150sz, S\u00e1romberke<\/p>\n","protected":false},"featured_media":0,"comment_status":"open","ping_status":"closed","template":"","meta":[],"product_brand":[],"product_cat":[137],"product_tag":[],"class_list":{"0":"post-13189","1":"product","2":"type-product","3":"status-publish","5":"product_cat-maros-megyei-eletrajzi-lexikon","7":"first","8":"instock","9":"shipping-taxable","10":"product-type-simple"},"_links":{"self":[{"href":"https:\/\/uj.adatbank.ro\/lexikon\/wp-json\/wp\/v2\/product\/13189","targetHints":{"allow":["GET"]}}],"collection":[{"href":"https:\/\/uj.adatbank.ro\/lexikon\/wp-json\/wp\/v2\/product"}],"about":[{"href":"https:\/\/uj.adatbank.ro\/lexikon\/wp-json\/wp\/v2\/types\/product"}],"replies":[{"embeddable":true,"href":"https:\/\/uj.adatbank.ro\/lexikon\/wp-json\/wp\/v2\/comments?post=13189"}],"wp:attachment":[{"href":"https:\/\/uj.adatbank.ro\/lexikon\/wp-json\/wp\/v2\/media?parent=13189"}],"wp:term":[{"taxonomy":"product_brand","embeddable":true,"href":"https:\/\/uj.adatbank.ro\/lexikon\/wp-json\/wp\/v2\/product_brand?post=13189"},{"taxonomy":"product_cat","embeddable":true,"href":"https:\/\/uj.adatbank.ro\/lexikon\/wp-json\/wp\/v2\/product_cat?post=13189"},{"taxonomy":"product_tag","embeddable":true,"href":"https:\/\/uj.adatbank.ro\/lexikon\/wp-json\/wp\/v2\/product_tag?post=13189"}],"curies":[{"name":"wp","href":"https:\/\/api.w.org\/{rel}","templated":true}]}}