{"id":13190,"date":"2025-06-29T14:53:04","date_gmt":"2025-06-29T12:53:04","guid":{"rendered":"https:\/\/uj.adatbank.ro\/lexikon\/termek\/kozma-tamas-2\/"},"modified":"2025-06-29T14:53:04","modified_gmt":"2025-06-29T12:53:04","slug":"kozma-tamas-2","status":"publish","type":"product","link":"https:\/\/uj.adatbank.ro\/lexikon\/termek\/kozma-tamas-2\/","title":{"rendered":"KOZMA Tam\u00e1s"},"content":{"rendered":"<p>Szentgerice, 1825. j\u00fal. 29. \u2020 ? : lelk\u00e9sz. \u2013 Apja: Gergely (\u20201849), anyja Pataki Anna. \u2013 Szolg\u00e1lati helyei: S\u00e1rd, Recsenye, Cseh\u00e9tfalva. <br \/><strong>Irod.:<\/strong> Kelemen<\/br><\/p>\n","protected":false},"excerpt":{"rendered":"<p>Szentgerice, 1825. j\u00fal. 29. \u2020 ? : lelk\u00e9sz. \u2013 Apja: Gergely (\u20201849), anyja Pataki Anna. \u2013 Szolg\u00e1lati helyei: S\u00e1rd, Recsenye, Cseh\u00e9tfalva. Irod.: Kelemen<\/p>\n","protected":false},"featured_media":0,"comment_status":"open","ping_status":"closed","template":"","meta":[],"product_brand":[],"product_cat":[137],"product_tag":[],"class_list":{"0":"post-13190","1":"product","2":"type-product","3":"status-publish","5":"product_cat-maros-megyei-eletrajzi-lexikon","7":"first","8":"instock","9":"shipping-taxable","10":"product-type-simple"},"_links":{"self":[{"href":"https:\/\/uj.adatbank.ro\/lexikon\/wp-json\/wp\/v2\/product\/13190","targetHints":{"allow":["GET"]}}],"collection":[{"href":"https:\/\/uj.adatbank.ro\/lexikon\/wp-json\/wp\/v2\/product"}],"about":[{"href":"https:\/\/uj.adatbank.ro\/lexikon\/wp-json\/wp\/v2\/types\/product"}],"replies":[{"embeddable":true,"href":"https:\/\/uj.adatbank.ro\/lexikon\/wp-json\/wp\/v2\/comments?post=13190"}],"wp:attachment":[{"href":"https:\/\/uj.adatbank.ro\/lexikon\/wp-json\/wp\/v2\/media?parent=13190"}],"wp:term":[{"taxonomy":"product_brand","embeddable":true,"href":"https:\/\/uj.adatbank.ro\/lexikon\/wp-json\/wp\/v2\/product_brand?post=13190"},{"taxonomy":"product_cat","embeddable":true,"href":"https:\/\/uj.adatbank.ro\/lexikon\/wp-json\/wp\/v2\/product_cat?post=13190"},{"taxonomy":"product_tag","embeddable":true,"href":"https:\/\/uj.adatbank.ro\/lexikon\/wp-json\/wp\/v2\/product_tag?post=13190"}],"curies":[{"name":"wp","href":"https:\/\/api.w.org\/{rel}","templated":true}]}}