{"id":13197,"date":"2025-06-29T14:53:18","date_gmt":"2025-06-29T12:53:18","guid":{"rendered":"https:\/\/uj.adatbank.ro\/lexikon\/termek\/krafft-laszlo-%c2%a7-kraft-laszlo\/"},"modified":"2025-06-29T14:53:18","modified_gmt":"2025-06-29T12:53:18","slug":"krafft-laszlo-%c2%a7-kraft-laszlo","status":"publish","type":"product","link":"https:\/\/uj.adatbank.ro\/lexikon\/termek\/krafft-laszlo-%c2%a7-kraft-laszlo\/","title":{"rendered":"KRAFFT L\u00e1szl\u00f3, \u00a7 Kraft L\u00e1szl\u00f3"},"content":{"rendered":"<p>Bar\u00f3t, 1930. m\u00e1rc 18., \u2020 Mv., 1976. m\u00e1rc. 2.: grafikus, fest\u0151m\u0171v\u00e9sz. \u2013 Tanult Kv.-on a Ion Andreescu Int\u00e9zetben v\u00e9gzett (1955). \u00d6szt\u0151nd\u00edjjal. Sz\u00e9kelyudvarhelyen \u00e9lt, festett, rajzolt, karikat\u00far\u00e1kat k\u00e9sz\u00edtett. \u00c1tk\u00f6lt\u00f6z\u00f6tt Mv. -re. El\u0151sz\u00f6r Mv.-en szerepelt ki\u00e1ll\u00edt\u00e1son (1955). A M\u0171v\u00e9szet c. lap k\u00e9pz\u0151m\u0171v\u00e9szeti p\u00e1ly\u00e1zat\u00e1n III. grafikai dijat nyert (1958) T\u00f6mbh\u00e1z \u00e9p\u00edt\u00e9se c. v\u00edzfestm\u00e9ny\u00e9vel. \u2013 <strong>F. ki\u00e1ll.:<\/strong> Sz\u00e9kelyudvarhely (1953, 1969); Petrozs\u00e9ny (1953); Mv. (1969). <br \/><strong>Irod.:<\/strong> Banner; Bal\u00e1zs Imre: Tehets\u00e9g \u2013 igennel \u00e9s nemmel: Szubjekt\u00edv gondolatok K. L. grafikai ki\u00e1ll\u00edt\u00e1s\u00e1r\u00f3l (V. Z., 1969. m\u00e1j. 15.); Katona Szab\u00f3 Istv\u00e1n: Az \u00daj \u00c9let lexikona, 97. (\u00daj \u00c9let, 13. sz. 1974.); Moln\u00e1r; Nekrol\u00f3g (\u00daj \u00c9let, 5, sz. 1976); Szab\u00f3\u2013K\u00e1llai<\/br><\/p>\n","protected":false},"excerpt":{"rendered":"<p>Bar\u00f3t, 1930. m\u00e1rc 18., \u2020 Mv., 1976. m\u00e1rc. 2.: grafikus, fest\u0151m\u0171v\u00e9sz. \u2013 Tanult Kv.-on a Ion Andreescu Int\u00e9zetben v\u00e9gzett (1955). \u00d6szt\u0151nd\u00edjjal. Sz\u00e9kelyudvarhelyen \u00e9lt, festett, rajzolt, karikat\u00far\u00e1kat k\u00e9sz\u00edtett. \u00c1tk\u00f6lt\u00f6z\u00f6tt Mv. -re. El\u0151sz\u00f6r Mv.-en szerepelt ki\u00e1ll\u00edt\u00e1son (1955). A M\u0171v\u00e9szet c. lap k\u00e9pz\u0151m\u0171v\u00e9szeti p\u00e1ly\u00e1zat\u00e1n III. grafikai dijat nyert (1958) T\u00f6mbh\u00e1z \u00e9p\u00edt\u00e9se c. v\u00edzfestm\u00e9ny\u00e9vel. \u2013 F. ki\u00e1ll.: Sz\u00e9kelyudvarhely (1953, [&hellip;]<\/p>\n","protected":false},"featured_media":0,"comment_status":"open","ping_status":"closed","template":"","meta":[],"product_brand":[],"product_cat":[137],"product_tag":[],"class_list":{"0":"post-13197","1":"product","2":"type-product","3":"status-publish","5":"product_cat-maros-megyei-eletrajzi-lexikon","7":"first","8":"instock","9":"shipping-taxable","10":"product-type-simple"},"_links":{"self":[{"href":"https:\/\/uj.adatbank.ro\/lexikon\/wp-json\/wp\/v2\/product\/13197","targetHints":{"allow":["GET"]}}],"collection":[{"href":"https:\/\/uj.adatbank.ro\/lexikon\/wp-json\/wp\/v2\/product"}],"about":[{"href":"https:\/\/uj.adatbank.ro\/lexikon\/wp-json\/wp\/v2\/types\/product"}],"replies":[{"embeddable":true,"href":"https:\/\/uj.adatbank.ro\/lexikon\/wp-json\/wp\/v2\/comments?post=13197"}],"wp:attachment":[{"href":"https:\/\/uj.adatbank.ro\/lexikon\/wp-json\/wp\/v2\/media?parent=13197"}],"wp:term":[{"taxonomy":"product_brand","embeddable":true,"href":"https:\/\/uj.adatbank.ro\/lexikon\/wp-json\/wp\/v2\/product_brand?post=13197"},{"taxonomy":"product_cat","embeddable":true,"href":"https:\/\/uj.adatbank.ro\/lexikon\/wp-json\/wp\/v2\/product_cat?post=13197"},{"taxonomy":"product_tag","embeddable":true,"href":"https:\/\/uj.adatbank.ro\/lexikon\/wp-json\/wp\/v2\/product_tag?post=13197"}],"curies":[{"name":"wp","href":"https:\/\/api.w.org\/{rel}","templated":true}]}}