{"id":13199,"date":"2025-06-29T14:53:23","date_gmt":"2025-06-29T12:53:23","guid":{"rendered":"https:\/\/uj.adatbank.ro\/lexikon\/termek\/kraft-gertrude\/"},"modified":"2025-06-29T14:53:23","modified_gmt":"2025-06-29T12:53:23","slug":"kraft-gertrude","status":"publish","type":"product","link":"https:\/\/uj.adatbank.ro\/lexikon\/termek\/kraft-gertrude\/","title":{"rendered":"KRAFT Gertrude"},"content":{"rendered":"<p>? \u2020 ? : f\u00f6ldbirtokos. \u2013 Z\u00e1gorban a f\u00f6ldoszt\u00e1s alkalm\u00e1val birtokaib\u00f3l kisaj\u00e1t\u00edtottak 150 n\u00f6. beltelket iskola \u00e9p\u00edt\u00e9se c\u00e9lj\u00e1b\u00f3l (1923. j\u00fal. 27). <br \/><strong>Irod.:<\/strong> Prozan<\/br><\/p>\n","protected":false},"excerpt":{"rendered":"<p>? \u2020 ? : f\u00f6ldbirtokos. \u2013 Z\u00e1gorban a f\u00f6ldoszt\u00e1s alkalm\u00e1val birtokaib\u00f3l kisaj\u00e1t\u00edtottak 150 n\u00f6. beltelket iskola \u00e9p\u00edt\u00e9se c\u00e9lj\u00e1b\u00f3l (1923. j\u00fal. 27). Irod.: Prozan<\/p>\n","protected":false},"featured_media":0,"comment_status":"open","ping_status":"closed","template":"","meta":[],"product_brand":[],"product_cat":[137],"product_tag":[],"class_list":{"0":"post-13199","1":"product","2":"type-product","3":"status-publish","5":"product_cat-maros-megyei-eletrajzi-lexikon","7":"first","8":"instock","9":"shipping-taxable","10":"product-type-simple"},"_links":{"self":[{"href":"https:\/\/uj.adatbank.ro\/lexikon\/wp-json\/wp\/v2\/product\/13199","targetHints":{"allow":["GET"]}}],"collection":[{"href":"https:\/\/uj.adatbank.ro\/lexikon\/wp-json\/wp\/v2\/product"}],"about":[{"href":"https:\/\/uj.adatbank.ro\/lexikon\/wp-json\/wp\/v2\/types\/product"}],"replies":[{"embeddable":true,"href":"https:\/\/uj.adatbank.ro\/lexikon\/wp-json\/wp\/v2\/comments?post=13199"}],"wp:attachment":[{"href":"https:\/\/uj.adatbank.ro\/lexikon\/wp-json\/wp\/v2\/media?parent=13199"}],"wp:term":[{"taxonomy":"product_brand","embeddable":true,"href":"https:\/\/uj.adatbank.ro\/lexikon\/wp-json\/wp\/v2\/product_brand?post=13199"},{"taxonomy":"product_cat","embeddable":true,"href":"https:\/\/uj.adatbank.ro\/lexikon\/wp-json\/wp\/v2\/product_cat?post=13199"},{"taxonomy":"product_tag","embeddable":true,"href":"https:\/\/uj.adatbank.ro\/lexikon\/wp-json\/wp\/v2\/product_tag?post=13199"}],"curies":[{"name":"wp","href":"https:\/\/api.w.org\/{rel}","templated":true}]}}