{"id":13201,"date":"2025-06-29T14:53:27","date_gmt":"2025-06-29T12:53:27","guid":{"rendered":"https:\/\/uj.adatbank.ro\/lexikon\/termek\/kraft-testverek\/"},"modified":"2025-06-29T14:53:27","modified_gmt":"2025-06-29T12:53:27","slug":"kraft-testverek","status":"publish","type":"product","link":"https:\/\/uj.adatbank.ro\/lexikon\/termek\/kraft-testverek\/","title":{"rendered":"KRAFT testv\u00e9rek"},"content":{"rendered":"<p>? \u2020 ? : m\u0171szer\u00e9szek. \u2013 Orvosi m\u0171szereket gy\u00e1rtottak \u00e9s jav\u00edtottak Segesv\u00e1ron (1922\u2013). <br \/><strong>Irod.:<\/strong> Pan\u0103\u00ad<\/br><\/p>\n","protected":false},"excerpt":{"rendered":"<p>? \u2020 ? : m\u0171szer\u00e9szek. \u2013 Orvosi m\u0171szereket gy\u00e1rtottak \u00e9s jav\u00edtottak Segesv\u00e1ron (1922\u2013). Irod.: Pan\u0103\u00ad<\/p>\n","protected":false},"featured_media":0,"comment_status":"open","ping_status":"closed","template":"","meta":[],"product_brand":[],"product_cat":[137],"product_tag":[],"class_list":{"0":"post-13201","1":"product","2":"type-product","3":"status-publish","5":"product_cat-maros-megyei-eletrajzi-lexikon","7":"first","8":"instock","9":"shipping-taxable","10":"product-type-simple"},"_links":{"self":[{"href":"https:\/\/uj.adatbank.ro\/lexikon\/wp-json\/wp\/v2\/product\/13201","targetHints":{"allow":["GET"]}}],"collection":[{"href":"https:\/\/uj.adatbank.ro\/lexikon\/wp-json\/wp\/v2\/product"}],"about":[{"href":"https:\/\/uj.adatbank.ro\/lexikon\/wp-json\/wp\/v2\/types\/product"}],"replies":[{"embeddable":true,"href":"https:\/\/uj.adatbank.ro\/lexikon\/wp-json\/wp\/v2\/comments?post=13201"}],"wp:attachment":[{"href":"https:\/\/uj.adatbank.ro\/lexikon\/wp-json\/wp\/v2\/media?parent=13201"}],"wp:term":[{"taxonomy":"product_brand","embeddable":true,"href":"https:\/\/uj.adatbank.ro\/lexikon\/wp-json\/wp\/v2\/product_brand?post=13201"},{"taxonomy":"product_cat","embeddable":true,"href":"https:\/\/uj.adatbank.ro\/lexikon\/wp-json\/wp\/v2\/product_cat?post=13201"},{"taxonomy":"product_tag","embeddable":true,"href":"https:\/\/uj.adatbank.ro\/lexikon\/wp-json\/wp\/v2\/product_tag?post=13201"}],"curies":[{"name":"wp","href":"https:\/\/api.w.org\/{rel}","templated":true}]}}