{"id":13202,"date":"2025-06-29T14:53:29","date_gmt":"2025-06-29T12:53:29","guid":{"rendered":"https:\/\/uj.adatbank.ro\/lexikon\/termek\/krajla-jozsef\/"},"modified":"2025-06-29T14:53:29","modified_gmt":"2025-06-29T12:53:29","slug":"krajla-jozsef","status":"publish","type":"product","link":"https:\/\/uj.adatbank.ro\/lexikon\/termek\/krajla-jozsef\/","title":{"rendered":"KRAJLA J\u00f3zsef"},"content":{"rendered":"<p>Hossz\u00famez\u0151, 1925., \u2020 2012 : orvos. \u2013 Feles\u00e9ge: Papp Ol\u00e1h M\u00e1ria (1931\u20132011). \u2013 A m\u00e1ramarosi Hossz\u00famez\u0151n sz\u00fcletett. A MOGYI orvosi kar\u00e1n v\u00e9gzett (1952). Seb\u00e9sz f\u0151orvos, Mv.-en nyugszik. <br \/><strong>Irod.:<\/strong> Kiss-P. &#8211; P<\/br><\/p>\n","protected":false},"excerpt":{"rendered":"<p>Hossz\u00famez\u0151, 1925., \u2020 2012 : orvos. \u2013 Feles\u00e9ge: Papp Ol\u00e1h M\u00e1ria (1931\u20132011). \u2013 A m\u00e1ramarosi Hossz\u00famez\u0151n sz\u00fcletett. A MOGYI orvosi kar\u00e1n v\u00e9gzett (1952). Seb\u00e9sz f\u0151orvos, Mv.-en nyugszik. Irod.: Kiss-P. &#8211; P<\/p>\n","protected":false},"featured_media":0,"comment_status":"open","ping_status":"closed","template":"","meta":[],"product_brand":[],"product_cat":[137],"product_tag":[],"class_list":{"0":"post-13202","1":"product","2":"type-product","3":"status-publish","5":"product_cat-maros-megyei-eletrajzi-lexikon","7":"first","8":"instock","9":"shipping-taxable","10":"product-type-simple"},"_links":{"self":[{"href":"https:\/\/uj.adatbank.ro\/lexikon\/wp-json\/wp\/v2\/product\/13202","targetHints":{"allow":["GET"]}}],"collection":[{"href":"https:\/\/uj.adatbank.ro\/lexikon\/wp-json\/wp\/v2\/product"}],"about":[{"href":"https:\/\/uj.adatbank.ro\/lexikon\/wp-json\/wp\/v2\/types\/product"}],"replies":[{"embeddable":true,"href":"https:\/\/uj.adatbank.ro\/lexikon\/wp-json\/wp\/v2\/comments?post=13202"}],"wp:attachment":[{"href":"https:\/\/uj.adatbank.ro\/lexikon\/wp-json\/wp\/v2\/media?parent=13202"}],"wp:term":[{"taxonomy":"product_brand","embeddable":true,"href":"https:\/\/uj.adatbank.ro\/lexikon\/wp-json\/wp\/v2\/product_brand?post=13202"},{"taxonomy":"product_cat","embeddable":true,"href":"https:\/\/uj.adatbank.ro\/lexikon\/wp-json\/wp\/v2\/product_cat?post=13202"},{"taxonomy":"product_tag","embeddable":true,"href":"https:\/\/uj.adatbank.ro\/lexikon\/wp-json\/wp\/v2\/product_tag?post=13202"}],"curies":[{"name":"wp","href":"https:\/\/api.w.org\/{rel}","templated":true}]}}