{"id":13207,"date":"2025-06-29T14:53:40","date_gmt":"2025-06-29T12:53:40","guid":{"rendered":"https:\/\/uj.adatbank.ro\/lexikon\/termek\/krakkai-sandor\/"},"modified":"2025-06-29T14:53:40","modified_gmt":"2025-06-29T12:53:40","slug":"krakkai-sandor","status":"publish","type":"product","link":"https:\/\/uj.adatbank.ro\/lexikon\/termek\/krakkai-sandor\/","title":{"rendered":"KRAKKAI S\u00e1ndor"},"content":{"rendered":"<p>Sz\u00e9kelys\u00e1rd, 1924. okt. 12., \u2020 Cser\u00e9pv\u00e1ralja, 1944. nov. 17.: honv\u00e9d. \u2013 Anyja: Kiss Krisztina. \u2013 A 70. gyalogezred z\u00e1szl\u00f3alj ban honv\u00e9d. <br \/><strong>Irod.:<\/strong> Berekm\u00e9ri 2015<\/br><\/p>\n","protected":false},"excerpt":{"rendered":"<p>Sz\u00e9kelys\u00e1rd, 1924. okt. 12., \u2020 Cser\u00e9pv\u00e1ralja, 1944. nov. 17.: honv\u00e9d. \u2013 Anyja: Kiss Krisztina. \u2013 A 70. gyalogezred z\u00e1szl\u00f3alj ban honv\u00e9d. Irod.: Berekm\u00e9ri 2015<\/p>\n","protected":false},"featured_media":0,"comment_status":"open","ping_status":"closed","template":"","meta":[],"product_brand":[],"product_cat":[137],"product_tag":[],"class_list":{"0":"post-13207","1":"product","2":"type-product","3":"status-publish","5":"product_cat-maros-megyei-eletrajzi-lexikon","7":"first","8":"instock","9":"shipping-taxable","10":"product-type-simple"},"_links":{"self":[{"href":"https:\/\/uj.adatbank.ro\/lexikon\/wp-json\/wp\/v2\/product\/13207","targetHints":{"allow":["GET"]}}],"collection":[{"href":"https:\/\/uj.adatbank.ro\/lexikon\/wp-json\/wp\/v2\/product"}],"about":[{"href":"https:\/\/uj.adatbank.ro\/lexikon\/wp-json\/wp\/v2\/types\/product"}],"replies":[{"embeddable":true,"href":"https:\/\/uj.adatbank.ro\/lexikon\/wp-json\/wp\/v2\/comments?post=13207"}],"wp:attachment":[{"href":"https:\/\/uj.adatbank.ro\/lexikon\/wp-json\/wp\/v2\/media?parent=13207"}],"wp:term":[{"taxonomy":"product_brand","embeddable":true,"href":"https:\/\/uj.adatbank.ro\/lexikon\/wp-json\/wp\/v2\/product_brand?post=13207"},{"taxonomy":"product_cat","embeddable":true,"href":"https:\/\/uj.adatbank.ro\/lexikon\/wp-json\/wp\/v2\/product_cat?post=13207"},{"taxonomy":"product_tag","embeddable":true,"href":"https:\/\/uj.adatbank.ro\/lexikon\/wp-json\/wp\/v2\/product_tag?post=13207"}],"curies":[{"name":"wp","href":"https:\/\/api.w.org\/{rel}","templated":true}]}}