{"id":13213,"date":"2025-06-29T14:53:52","date_gmt":"2025-06-29T12:53:52","guid":{"rendered":"https:\/\/uj.adatbank.ro\/lexikon\/termek\/kraner-friedrich\/"},"modified":"2025-06-29T14:53:52","modified_gmt":"2025-06-29T12:53:52","slug":"kraner-friedrich","status":"publish","type":"product","link":"https:\/\/uj.adatbank.ro\/lexikon\/termek\/kraner-friedrich\/","title":{"rendered":"KRANER, Friedrich"},"content":{"rendered":"<p>? \u2020 ?: kiad\u00f3, nyomd\u00e1sz. \u2013Kiad\u00e1s\u00e1ban adt\u00e1k ki az els\u0151 segesv\u00e1ri hetilapot Sch\u00e4sische Volksblat c\u00edm\u0171t, \u00e9s nyomt\u00e1k a Friedrich Kraner &#038; Friederich J\u00f6rdens nyomd\u00e1ban (1869) \u00f6sszesen 10 h\u00f3napig. A kapcsolat elromlott a nyomdatulajdonosok k\u00f6z\u00f6tt \u00e9s egyed\u00fcli tuladonosk\u00e9nt vette \u00e1t a nyomd\u00e1t \u00e9s a lapot Friederich J\u00f6rdens (1872). <br \/><strong>Irod.:<\/strong> Te\u015fcul\u0103, Nicolae: Promotori ai culturii la Sighi\u015foara: Tipografii (Vatra veche, nr. 8., 2009)<\/br><\/p>\n","protected":false},"excerpt":{"rendered":"<p>? \u2020 ?: kiad\u00f3, nyomd\u00e1sz. \u2013Kiad\u00e1s\u00e1ban adt\u00e1k ki az els\u0151 segesv\u00e1ri hetilapot Sch\u00e4sische Volksblat c\u00edm\u0171t, \u00e9s nyomt\u00e1k a Friedrich Kraner &#038; Friederich J\u00f6rdens nyomd\u00e1ban (1869) \u00f6sszesen 10 h\u00f3napig. A kapcsolat elromlott a nyomdatulajdonosok k\u00f6z\u00f6tt \u00e9s egyed\u00fcli tuladonosk\u00e9nt vette \u00e1t a nyomd\u00e1t \u00e9s a lapot Friederich J\u00f6rdens (1872). Irod.: Te\u015fcul\u0103, Nicolae: Promotori ai culturii la Sighi\u015foara: [&hellip;]<\/p>\n","protected":false},"featured_media":0,"comment_status":"open","ping_status":"closed","template":"","meta":[],"product_brand":[],"product_cat":[137],"product_tag":[],"class_list":{"0":"post-13213","1":"product","2":"type-product","3":"status-publish","5":"product_cat-maros-megyei-eletrajzi-lexikon","7":"first","8":"instock","9":"shipping-taxable","10":"product-type-simple"},"_links":{"self":[{"href":"https:\/\/uj.adatbank.ro\/lexikon\/wp-json\/wp\/v2\/product\/13213","targetHints":{"allow":["GET"]}}],"collection":[{"href":"https:\/\/uj.adatbank.ro\/lexikon\/wp-json\/wp\/v2\/product"}],"about":[{"href":"https:\/\/uj.adatbank.ro\/lexikon\/wp-json\/wp\/v2\/types\/product"}],"replies":[{"embeddable":true,"href":"https:\/\/uj.adatbank.ro\/lexikon\/wp-json\/wp\/v2\/comments?post=13213"}],"wp:attachment":[{"href":"https:\/\/uj.adatbank.ro\/lexikon\/wp-json\/wp\/v2\/media?parent=13213"}],"wp:term":[{"taxonomy":"product_brand","embeddable":true,"href":"https:\/\/uj.adatbank.ro\/lexikon\/wp-json\/wp\/v2\/product_brand?post=13213"},{"taxonomy":"product_cat","embeddable":true,"href":"https:\/\/uj.adatbank.ro\/lexikon\/wp-json\/wp\/v2\/product_cat?post=13213"},{"taxonomy":"product_tag","embeddable":true,"href":"https:\/\/uj.adatbank.ro\/lexikon\/wp-json\/wp\/v2\/product_tag?post=13213"}],"curies":[{"name":"wp","href":"https:\/\/api.w.org\/{rel}","templated":true}]}}