{"id":13214,"date":"2025-06-29T14:53:54","date_gmt":"2025-06-29T12:53:54","guid":{"rendered":"https:\/\/uj.adatbank.ro\/lexikon\/termek\/krasznay-erno\/"},"modified":"2025-06-29T14:53:54","modified_gmt":"2025-06-29T12:53:54","slug":"krasznay-erno","status":"publish","type":"product","link":"https:\/\/uj.adatbank.ro\/lexikon\/termek\/krasznay-erno\/","title":{"rendered":"KRASZNAY Ern\u0151"},"content":{"rendered":"<p>Bp., 1880. nov. 22., \u2020 Bp., 1953. m\u00e1j. 3.: sz\u00edn\u00e9sz, sz\u00ednigazgat\u00f3. \u2013 A Sz\u00ednm\u0171v\u00e9szeti Akad\u00e9mi\u00e1n v\u00e9gzett (1900). Kv.-ra szerz\u0151d\u00f6tt (1901). A hatalomv\u00e1lt\u00e1s ut\u00e1n Oravicab\u00e1ny\u00e1n j\u00e1tszott (1920). A VII. ker\u00fclet igazgat\u00f3ja lett (1921) : Bel\u00e9nyes, Segesv\u00e1r, Medgyes H\u00e1tszeg, Resicab\u00e1nya, Kar\u00e1nsebes, M\u00e1riaradna. Lippa, Oravicab\u00e1nya, St\u00e1jerlak, Anina, Dics\u0151szentm\u00e1rton, Nagyszalonta, Orsova telep\u00fcl\u00e9seken. \u2013 <strong>F. sz.:<\/strong> Rinaldo (Szirmay Albert-Bakonyi K\u00e1roly- G\u00e1bor Andor : Gr\u00f3f Rinald\u00f3); Lyon rabbi (Br\u00f3dy : Lyon Lea); Schubert : H\u00e1rom a kisl\u00e1ny; Bakonyi \u2013K\u00e1lm\u00e1n : Az obsitos. <br \/><strong>Irod.:<\/strong> K\u00f6t\u0151<\/br><\/p>\n","protected":false},"excerpt":{"rendered":"<p>Bp., 1880. nov. 22., \u2020 Bp., 1953. m\u00e1j. 3.: sz\u00edn\u00e9sz, sz\u00ednigazgat\u00f3. \u2013 A Sz\u00ednm\u0171v\u00e9szeti Akad\u00e9mi\u00e1n v\u00e9gzett (1900). Kv.-ra szerz\u0151d\u00f6tt (1901). A hatalomv\u00e1lt\u00e1s ut\u00e1n Oravicab\u00e1ny\u00e1n j\u00e1tszott (1920). A VII. ker\u00fclet igazgat\u00f3ja lett (1921) : Bel\u00e9nyes, Segesv\u00e1r, Medgyes H\u00e1tszeg, Resicab\u00e1nya, Kar\u00e1nsebes, M\u00e1riaradna. Lippa, Oravicab\u00e1nya, St\u00e1jerlak, Anina, Dics\u0151szentm\u00e1rton, Nagyszalonta, Orsova telep\u00fcl\u00e9seken. \u2013 F. sz.: Rinaldo (Szirmay Albert-Bakonyi K\u00e1roly- [&hellip;]<\/p>\n","protected":false},"featured_media":0,"comment_status":"open","ping_status":"closed","template":"","meta":[],"product_brand":[],"product_cat":[137],"product_tag":[],"class_list":{"0":"post-13214","1":"product","2":"type-product","3":"status-publish","5":"product_cat-maros-megyei-eletrajzi-lexikon","7":"first","8":"instock","9":"shipping-taxable","10":"product-type-simple"},"_links":{"self":[{"href":"https:\/\/uj.adatbank.ro\/lexikon\/wp-json\/wp\/v2\/product\/13214","targetHints":{"allow":["GET"]}}],"collection":[{"href":"https:\/\/uj.adatbank.ro\/lexikon\/wp-json\/wp\/v2\/product"}],"about":[{"href":"https:\/\/uj.adatbank.ro\/lexikon\/wp-json\/wp\/v2\/types\/product"}],"replies":[{"embeddable":true,"href":"https:\/\/uj.adatbank.ro\/lexikon\/wp-json\/wp\/v2\/comments?post=13214"}],"wp:attachment":[{"href":"https:\/\/uj.adatbank.ro\/lexikon\/wp-json\/wp\/v2\/media?parent=13214"}],"wp:term":[{"taxonomy":"product_brand","embeddable":true,"href":"https:\/\/uj.adatbank.ro\/lexikon\/wp-json\/wp\/v2\/product_brand?post=13214"},{"taxonomy":"product_cat","embeddable":true,"href":"https:\/\/uj.adatbank.ro\/lexikon\/wp-json\/wp\/v2\/product_cat?post=13214"},{"taxonomy":"product_tag","embeddable":true,"href":"https:\/\/uj.adatbank.ro\/lexikon\/wp-json\/wp\/v2\/product_tag?post=13214"}],"curies":[{"name":"wp","href":"https:\/\/api.w.org\/{rel}","templated":true}]}}