{"id":13216,"date":"2025-06-29T14:53:58","date_gmt":"2025-06-29T12:53:58","guid":{"rendered":"https:\/\/uj.adatbank.ro\/lexikon\/termek\/kraus-johann-janos\/"},"modified":"2025-06-29T14:53:58","modified_gmt":"2025-06-29T12:53:58","slug":"kraus-johann-janos","status":"publish","type":"product","link":"https:\/\/uj.adatbank.ro\/lexikon\/termek\/kraus-johann-janos\/","title":{"rendered":"KRAUS Johann; J\u00e1nos"},"content":{"rendered":"<p>Segesv\u00e1r, ? \u2020 1781.: ev. lelk\u00e9sz. \u2013 A J\u00e9nai egyetem hallgat\u00f3ja volt (1732). Pr\u00e1zsm\u00e1ron lelk\u00e9sz. \u2013 <strong>F. m.:<\/strong> Das himmlisch gesinnte Herz vom zuk\u00fcnftigen Leben oder glaubensvolle, heilige, nothwendige Gedanken, ewig selig zu werden in Frag und Antwort k\u00fcrzlich abgefasst und mit Approbation Sr. Hochw. Des H. Jesai\u00e4 Friedrich Weissenborn\u2019s, der gottesf\u00fcrchtigen Jugend zur seeligen Aufmunterung vorgestellt. (Jena und Leipzig, 1733). <br \/><strong>Irod.:<\/strong> Szinnyei.<\/br><\/p>\n","protected":false},"excerpt":{"rendered":"<p>Segesv\u00e1r, ? \u2020 1781.: ev. lelk\u00e9sz. \u2013 A J\u00e9nai egyetem hallgat\u00f3ja volt (1732). Pr\u00e1zsm\u00e1ron lelk\u00e9sz. \u2013 F. m.: Das himmlisch gesinnte Herz vom zuk\u00fcnftigen Leben oder glaubensvolle, heilige, nothwendige Gedanken, ewig selig zu werden in Frag und Antwort k\u00fcrzlich abgefasst und mit Approbation Sr. Hochw. Des H. Jesai\u00e4 Friedrich Weissenborn\u2019s, der gottesf\u00fcrchtigen Jugend zur seeligen [&hellip;]<\/p>\n","protected":false},"featured_media":0,"comment_status":"open","ping_status":"closed","template":"","meta":[],"product_brand":[],"product_cat":[137],"product_tag":[],"class_list":{"0":"post-13216","1":"product","2":"type-product","3":"status-publish","5":"product_cat-maros-megyei-eletrajzi-lexikon","7":"first","8":"instock","9":"shipping-taxable","10":"product-type-simple"},"_links":{"self":[{"href":"https:\/\/uj.adatbank.ro\/lexikon\/wp-json\/wp\/v2\/product\/13216","targetHints":{"allow":["GET"]}}],"collection":[{"href":"https:\/\/uj.adatbank.ro\/lexikon\/wp-json\/wp\/v2\/product"}],"about":[{"href":"https:\/\/uj.adatbank.ro\/lexikon\/wp-json\/wp\/v2\/types\/product"}],"replies":[{"embeddable":true,"href":"https:\/\/uj.adatbank.ro\/lexikon\/wp-json\/wp\/v2\/comments?post=13216"}],"wp:attachment":[{"href":"https:\/\/uj.adatbank.ro\/lexikon\/wp-json\/wp\/v2\/media?parent=13216"}],"wp:term":[{"taxonomy":"product_brand","embeddable":true,"href":"https:\/\/uj.adatbank.ro\/lexikon\/wp-json\/wp\/v2\/product_brand?post=13216"},{"taxonomy":"product_cat","embeddable":true,"href":"https:\/\/uj.adatbank.ro\/lexikon\/wp-json\/wp\/v2\/product_cat?post=13216"},{"taxonomy":"product_tag","embeddable":true,"href":"https:\/\/uj.adatbank.ro\/lexikon\/wp-json\/wp\/v2\/product_tag?post=13216"}],"curies":[{"name":"wp","href":"https:\/\/api.w.org\/{rel}","templated":true}]}}