{"id":13217,"date":"2025-06-29T14:54:00","date_gmt":"2025-06-29T12:54:00","guid":{"rendered":"https:\/\/uj.adatbank.ro\/lexikon\/termek\/kraus-fritz\/"},"modified":"2025-06-29T14:54:00","modified_gmt":"2025-06-29T12:54:00","slug":"kraus-fritz","status":"publish","type":"product","link":"https:\/\/uj.adatbank.ro\/lexikon\/termek\/kraus-fritz\/","title":{"rendered":"KRAUS, Fritz"},"content":{"rendered":"<p>Segesv\u00e1r, 1878. m\u00e1j. 20., \u2020 Nagyszeben, 1961. nov. 14.: A Transilvani Biztos\u00edt\u00f3t\u00e1rsas\u00e1g igazgat\u00f3ja (1915\u201340). <br \/><strong>Irod.:<\/strong> LSS<\/br><\/p>\n","protected":false},"excerpt":{"rendered":"<p>Segesv\u00e1r, 1878. m\u00e1j. 20., \u2020 Nagyszeben, 1961. nov. 14.: A Transilvani Biztos\u00edt\u00f3t\u00e1rsas\u00e1g igazgat\u00f3ja (1915\u201340). Irod.: LSS<\/p>\n","protected":false},"featured_media":0,"comment_status":"open","ping_status":"closed","template":"","meta":[],"product_brand":[],"product_cat":[137],"product_tag":[],"class_list":{"0":"post-13217","1":"product","2":"type-product","3":"status-publish","5":"product_cat-maros-megyei-eletrajzi-lexikon","7":"first","8":"instock","9":"shipping-taxable","10":"product-type-simple"},"_links":{"self":[{"href":"https:\/\/uj.adatbank.ro\/lexikon\/wp-json\/wp\/v2\/product\/13217","targetHints":{"allow":["GET"]}}],"collection":[{"href":"https:\/\/uj.adatbank.ro\/lexikon\/wp-json\/wp\/v2\/product"}],"about":[{"href":"https:\/\/uj.adatbank.ro\/lexikon\/wp-json\/wp\/v2\/types\/product"}],"replies":[{"embeddable":true,"href":"https:\/\/uj.adatbank.ro\/lexikon\/wp-json\/wp\/v2\/comments?post=13217"}],"wp:attachment":[{"href":"https:\/\/uj.adatbank.ro\/lexikon\/wp-json\/wp\/v2\/media?parent=13217"}],"wp:term":[{"taxonomy":"product_brand","embeddable":true,"href":"https:\/\/uj.adatbank.ro\/lexikon\/wp-json\/wp\/v2\/product_brand?post=13217"},{"taxonomy":"product_cat","embeddable":true,"href":"https:\/\/uj.adatbank.ro\/lexikon\/wp-json\/wp\/v2\/product_cat?post=13217"},{"taxonomy":"product_tag","embeddable":true,"href":"https:\/\/uj.adatbank.ro\/lexikon\/wp-json\/wp\/v2\/product_tag?post=13217"}],"curies":[{"name":"wp","href":"https:\/\/api.w.org\/{rel}","templated":true}]}}