{"id":13219,"date":"2025-06-29T14:54:04","date_gmt":"2025-06-29T12:54:04","guid":{"rendered":"https:\/\/uj.adatbank.ro\/lexikon\/termek\/kraus-georg-%c2%a7-krauss-georgius-krauss-gyorgy-krausz-gyorgy\/"},"modified":"2025-06-29T14:54:04","modified_gmt":"2025-06-29T12:54:04","slug":"kraus-georg-%c2%a7-krauss-georgius-krauss-gyorgy-krausz-gyorgy","status":"publish","type":"product","link":"https:\/\/uj.adatbank.ro\/lexikon\/termek\/kraus-georg-%c2%a7-krauss-georgius-krauss-gyorgy-krausz-gyorgy\/","title":{"rendered":"KRAUS, Georg, \u00a7 Krauss Georgius, Krauss Gy\u00f6rgy, Krausz Gy\u00f6rgy"},"content":{"rendered":"<p>Nagyszeben, 1607. szept. 17., \u2020 Segesv\u00e1r, 1679. jan. 26.: v\u00e1rosi jegyz\u0151, kr\u00f3nik\u00e1s. \u2013 Adam Kraus szebeni keresked\u0151 \u00e9s Agnetha L\u00f6w fia. Feles\u00e9ge: 1. Katharina Seraphin (1631. dec. 1. &#8211; elhunyt le\u00e1nyuk sz\u00fclet\u00e9sekor, 1633. febr. 16.), 2. Margaretha Schincker (1634. febr. 24. -Segesv\u00e1r, 1646. szept. 26., pestisben hunyt el), 3. Martin Mutter Sara (1648. m\u00e1j. 7. \u2013), fi\u00fak: Georg Kraus (1650\u20131712). Elemi iskol\u00e1t sz\u00fcl\u0151v\u00e1ros\u00e1ban v\u00e9gezte, magyarul Kv.-on tanult (1622\u2013), majd Szebenben tanult (1625\u201331), a Kassai Istv\u00e1n kancell\u00e1ri\u00e1j\u00e1ban joggyakornok, itt tanulta meg a legfontosabb hivatali teend\u0151ket. K\u00fclf\u00f6ldi peregrin\u00e1ci\u00f3ra ment (1628\u201329), f\u00e9l \u00e9vig B\u00e9csben egy cs\u00e1sz\u00e1ri tan\u00e1csos irod\u00e1j\u00e1ban dolgozott. K\u00fclf\u00f6ldi egyetemeken Bethlen G\u00e1bor t\u00e1mogat\u00e1s\u00e1val folytatta tanulm\u00e1nyait: Strassburg (1626\u2013), B\u00e9cs, P\u00e1dua (1628\u2013) a jogakad\u00e9mi\u00e1n; utaz\u00e1st tett Rom\u00e1ba, N\u00e1polyba, Pozzuoliba, ahol ismerkedett a m\u0171v\u00e9szeti alkot\u00e1sokkal \u00e9s r\u00e9g\u00e9szettel; \u00e1tutazott Szicili\u00e1n, M\u00e1lt\u00e1n; visszat\u00e9rt B\u00e9csbe, Kass\u00e1ra (1631) majd Szebenbe (1631. \u00e1pr. 20.), ahol keresked\u0151 (1631\u201345). A szebeni plebejusfelkel\u00e9s alkalm\u00e1val (1645), plebejusellenes magatart\u00e1st tan\u00fas\u00edtott, val\u00f3sz\u00edn\u0171 emiatt kellett elhagynia sz\u00fcl\u0151v\u00e1ros\u00e1t. Elfogadta a segesv\u00e1ri Tan\u00e1cs megh\u00edv\u00e1s\u00e1t, itt telepedett le, ahol hal\u00e1l\u00e1ig a v\u00e1ros jegyz\u0151je (1646. \u00e1pr. 7. \u2013 1679), t\u00f6bbsz\u00f6r volt oszt\u00f3b\u00edr\u00f3 (1646\u201351). Kor\u00e1nak leggazdagabb segesv\u00e1ri polg\u00e1ra. K\u00fclf\u00f6ldi tanulm\u00e1nyai, nyelvismerete alkalmass\u00e1 tette a jegyz\u0151i hivatal bet\u00f6lt\u00e9s\u00e9re. Andreas Keisser segesv\u00e1ri kir\u00e1lyb\u00edr\u00f3val \u00e9s k\u00e9t nemesemberrel a a sarcot vitt\u00e9k Ali pas\u00e1hoz V\u00e1radra (1660. dec.). Meg\u00edrta jelent\u0151s t\u00f6rt\u00e9nelmi munk\u00e1it, amelyek Segesv\u00e1r \u00e9s k\u00f6rny\u00e9ke t\u00f6rt\u00e9nelmi, t\u00e1rsadalmi esem\u00e9nyeit \u00e1br\u00e1zolja a 12. sz. -t\u00f3l a 17. sz.-ig. Die kleine Chronik c. munk\u00e1j\u00e1ban szem\u00e9lyes \u00e9lm\u00e9nyeit \u00e9s Segesv\u00e1r t\u00f6rt\u00e9nelmi esem\u00e9nyeit mutatja be az 1646-os, 1650-es, 1653\u201354-es, 1657\u201359-es \u00e9s 1667-es \u00e9vekb\u0151l. F\u0151m\u0171ve a Codex Kraussio-Kelpianus oder merkw\u00fcrdige Geschichten in Siebenb\u00fcrgen und dessen umliegende benachbarten L\u00e4ndern von 1608 bis 1665 mit vielen Urkunden, amelyet Fritz Mild adott ki Aus den Zeiten tiefster Not c., hiteles adatai ma is t\u00f6rt\u00e9nelmi forr\u00e1s\u00e9rt\u00e9ket jelentenek. T\u00f6bb alkalommal mint k\u00f6vet j\u00e1rt a fejedelmi udvarn\u00e1l \u00e9s a sz\u00e1sz nemzegy\u0171l\u00e9sre mint k\u00f6vet k\u00fcldt\u00e9k ki. Segesv\u00e1r k\u00e9pviselet\u00e9ben r\u00e9szt vett valamennyi ogy.-en (1657\u20131663), ezekr\u0151l teh\u00e1t szem\u00e9lyes \u00e9lm\u00e9nyei alapj\u00e1n sz\u00e1molt be. Erd\u00e9ly legjelent\u0151sebb kr\u00f3nik\u00e1sainak egyike. \u2013 <strong>F. m.:<\/strong> Tractus rerum tam bellicarum, quam etiam aliarum ab anno 1599 usque 1606 inclusive Transylvania interventarum per G. Krauss (Klausenburg, 1839); Erd\u00e9ly t\u00f6rt\u00e9nete (magyarra ford. Kem\u00e9ny J\u00f3zsef; Kv., 1839); Siebenb\u00fcrgische Chronik des Sch\u00e4ssburger Stadtschreibers\u2026 1608\u20131665 (Wien, 1862); Aus den Zeiten tiefster Not: Zwei chronistische Berichte aus der F\u00fcrstenzeit Sibenb\u00fcrgens (Sch\u00e4ssburg, 1926); Cronica Transilvaniei 1608\u20131665. (ford., bevez. G. Duzinchevici, E. Reus-M\u00e2rza, Buc., 1965); Erd\u00e9lyi kr\u00f3nika, 1608\u20131665 (Vogel S\u00e1ndor ford., bevez. \u00e9s jegyzeteivel; Cs\u00edkszereda, 2006; 2. \u00e1tdolg. kiad. 2008.); <strong>antol\u00f3g.:<\/strong> Deutsche Fundgruben der Geschichte Siebenb\u00fcrgens (Klausenburg (1839); Le\u00edr\u00e1sa mind a hadi dolgoknak, mind az egyebeknek, amelyek 1595-t\u0151l 1606-ig Erd\u00e9lyben t\u00f6rt\u00e9ntek  =  Erd\u00e9ly \u00f6r\u00f6ks\u00e9ge, 3.; <strong>K\u00e9ziratban:<\/strong> Mikor 1780 ban a segesv\u00e1ri nagy toronyot \u00fajrafedt\u00e9k a toronygombott levett\u00e9k abban a k\u00f6vetkez\u0151 k\u00e9ziratra tal\u00e1ltak : Memorial und kurzer wahrer Bericht, was \u00fcber diese unsere Stadt Sch\u00e4ssburg, als in der Ordnung der s\u00e4chsichen k\u00f6nigl. St\u00e4dte in Siebenb\u00fcrgen, nach der Hauptstadt Hermannstadt die Erste, innerhalb 485 Jahren ihrer Erbauung bis in dieses ungl\u00fcckselige 1676. Jahr, in Belagerungen der Stadt, Feuersbr\u00fcnsten, andern zuf\u00e4lligen Ungl\u00fccksf\u00e4llen und Pestzeiten, bei unseren, unserer Eltern und Voreltern Gedenkzeiten ergangen gewesen, auf Befehl eines Hochweisen Raths und der L\u00f6bl. Hundertmannschaft durch mich Georgium Krauss 31 j\u00e4hrigen Juratum Notarium aufgesetzt und verzeichnet. <br \/><strong>Irod.:<\/strong> Bartoniek Emma: Magyar t\u00f6rt\u00e9neti forr\u00e1skiadv\u00e1nyok (Bp., 1929); Czir\u00e1ki Zsuzsanna: Az erd\u00e9lyi sz\u00e1szok t\u00f6rt\u00e9nete \u2013 Erd\u00e9lyi sz\u00e1sz irodalomt\u00f6rt\u00e9net (Koz\u00e1rmisleny, 2006); Erd\u00e9ly \u00f6r\u00f6ks\u00e9ge 5 (Bp., 1941\u201342); Homan; Hor\u00e1nyi; Id\u0151t\u00e1r 1; MNL; Marczali Henrik: A magyar t\u00f6rt\u00e9net k\u00fatf\u0151inek k\u00e9zik\u00f6nyve (Bp., 1901); Mv. T\u00f6rt. 2.; Profiluri mure\u015fene 1.; RMK; Szinnyei, Todea 2013; Veress (\u00daj Kezdet, 2. sz., 2006. febr.)<\/br><\/p>\n","protected":false},"excerpt":{"rendered":"<p>Nagyszeben, 1607. szept. 17., \u2020 Segesv\u00e1r, 1679. jan. 26.: v\u00e1rosi jegyz\u0151, kr\u00f3nik\u00e1s. \u2013 Adam Kraus szebeni keresked\u0151 \u00e9s Agnetha L\u00f6w fia. Feles\u00e9ge: 1. Katharina Seraphin (1631. dec. 1. &#8211; elhunyt le\u00e1nyuk sz\u00fclet\u00e9sekor, 1633. febr. 16.), 2. Margaretha Schincker (1634. febr. 24. -Segesv\u00e1r, 1646. szept. 26., pestisben hunyt el), 3. Martin Mutter Sara (1648. m\u00e1j. 7. [&hellip;]<\/p>\n","protected":false},"featured_media":0,"comment_status":"open","ping_status":"closed","template":"","meta":[],"product_brand":[],"product_cat":[137],"product_tag":[],"class_list":{"0":"post-13219","1":"product","2":"type-product","3":"status-publish","5":"product_cat-maros-megyei-eletrajzi-lexikon","7":"first","8":"instock","9":"shipping-taxable","10":"product-type-simple"},"_links":{"self":[{"href":"https:\/\/uj.adatbank.ro\/lexikon\/wp-json\/wp\/v2\/product\/13219","targetHints":{"allow":["GET"]}}],"collection":[{"href":"https:\/\/uj.adatbank.ro\/lexikon\/wp-json\/wp\/v2\/product"}],"about":[{"href":"https:\/\/uj.adatbank.ro\/lexikon\/wp-json\/wp\/v2\/types\/product"}],"replies":[{"embeddable":true,"href":"https:\/\/uj.adatbank.ro\/lexikon\/wp-json\/wp\/v2\/comments?post=13219"}],"wp:attachment":[{"href":"https:\/\/uj.adatbank.ro\/lexikon\/wp-json\/wp\/v2\/media?parent=13219"}],"wp:term":[{"taxonomy":"product_brand","embeddable":true,"href":"https:\/\/uj.adatbank.ro\/lexikon\/wp-json\/wp\/v2\/product_brand?post=13219"},{"taxonomy":"product_cat","embeddable":true,"href":"https:\/\/uj.adatbank.ro\/lexikon\/wp-json\/wp\/v2\/product_cat?post=13219"},{"taxonomy":"product_tag","embeddable":true,"href":"https:\/\/uj.adatbank.ro\/lexikon\/wp-json\/wp\/v2\/product_tag?post=13219"}],"curies":[{"name":"wp","href":"https:\/\/api.w.org\/{rel}","templated":true}]}}