{"id":13220,"date":"2025-06-29T14:54:05","date_gmt":"2025-06-29T12:54:05","guid":{"rendered":"https:\/\/uj.adatbank.ro\/lexikon\/termek\/kraus-martin-krausz-marton\/"},"modified":"2025-06-29T14:54:05","modified_gmt":"2025-06-29T12:54:05","slug":"kraus-martin-krausz-marton","status":"publish","type":"product","link":"https:\/\/uj.adatbank.ro\/lexikon\/termek\/kraus-martin-krausz-marton\/","title":{"rendered":"KRAUS, Martin, Krausz M\u00e1rton"},"content":{"rendered":"<p>?, \u2020 ? : f\u00f6ldbirtokos. \u2013 Gyul\u00e1son voltak birtokai. Amikor az osztr. -magyar adminisztr\u00e1ci\u00f3 a faluban megsz\u00fcntette a tev\u00e9kenys\u00e9g\u00e9t, mert m\u00e1r k\u00e9sz\u00fcltek az egyes\u00fcl\u00e9sre, f\u00f6ldbirtokait Opri\u015for Anania a lui Tunarura b\u00edzta, \u00e9s Mv. -re k\u00f6lt\u00f6z\u00f6tt, ahol t\u00f6bbek k\u00f6z\u00f6tt cukorkagy\u00e1ra volt. A faluban homb\u00e1rjaiban n\u00e9h\u00e1ny vagon gabon\u00e1t t\u00e1rolt, pinc\u00e9i tele voltak borral. A falu lakoss\u00e1ga felt\u00f6rte pinc\u00e9it, homb\u00e1rjai \u00e9s sz\u00e9thordt\u00e1k minden\u00e9t. Nagy dinom \u2013 d\u00e1nomot csaptak. A f\u00f6ldbirtokos, megtudta a t\u00f6rt\u00e9nteket, katonai seg\u00edts\u00e9ggel \u00e9rkezett a faluba vagyona ment\u00e9s\u00e9re, de a katon\u00e1k tehetetlenek voltak, s\u0151t bekapcsol\u00f3dtak a mulatoz\u00e1sba. Kraus a marad\u00e9k vagyon\u00e1t Mv. -re sz\u00e1ll\u00edttatta (1918. nov. 21.). <br \/><strong>Irod.:<\/strong> Giulu\u015f<\/br><\/p>\n","protected":false},"excerpt":{"rendered":"<p>?, \u2020 ? : f\u00f6ldbirtokos. \u2013 Gyul\u00e1son voltak birtokai. Amikor az osztr. -magyar adminisztr\u00e1ci\u00f3 a faluban megsz\u00fcntette a tev\u00e9kenys\u00e9g\u00e9t, mert m\u00e1r k\u00e9sz\u00fcltek az egyes\u00fcl\u00e9sre, f\u00f6ldbirtokait Opri\u015for Anania a lui Tunarura b\u00edzta, \u00e9s Mv. -re k\u00f6lt\u00f6z\u00f6tt, ahol t\u00f6bbek k\u00f6z\u00f6tt cukorkagy\u00e1ra volt. A faluban homb\u00e1rjaiban n\u00e9h\u00e1ny vagon gabon\u00e1t t\u00e1rolt, pinc\u00e9i tele voltak borral. A falu lakoss\u00e1ga felt\u00f6rte [&hellip;]<\/p>\n","protected":false},"featured_media":0,"comment_status":"open","ping_status":"closed","template":"","meta":[],"product_brand":[],"product_cat":[137],"product_tag":[],"class_list":{"0":"post-13220","1":"product","2":"type-product","3":"status-publish","5":"product_cat-maros-megyei-eletrajzi-lexikon","7":"first","8":"instock","9":"shipping-taxable","10":"product-type-simple"},"_links":{"self":[{"href":"https:\/\/uj.adatbank.ro\/lexikon\/wp-json\/wp\/v2\/product\/13220","targetHints":{"allow":["GET"]}}],"collection":[{"href":"https:\/\/uj.adatbank.ro\/lexikon\/wp-json\/wp\/v2\/product"}],"about":[{"href":"https:\/\/uj.adatbank.ro\/lexikon\/wp-json\/wp\/v2\/types\/product"}],"replies":[{"embeddable":true,"href":"https:\/\/uj.adatbank.ro\/lexikon\/wp-json\/wp\/v2\/comments?post=13220"}],"wp:attachment":[{"href":"https:\/\/uj.adatbank.ro\/lexikon\/wp-json\/wp\/v2\/media?parent=13220"}],"wp:term":[{"taxonomy":"product_brand","embeddable":true,"href":"https:\/\/uj.adatbank.ro\/lexikon\/wp-json\/wp\/v2\/product_brand?post=13220"},{"taxonomy":"product_cat","embeddable":true,"href":"https:\/\/uj.adatbank.ro\/lexikon\/wp-json\/wp\/v2\/product_cat?post=13220"},{"taxonomy":"product_tag","embeddable":true,"href":"https:\/\/uj.adatbank.ro\/lexikon\/wp-json\/wp\/v2\/product_tag?post=13220"}],"curies":[{"name":"wp","href":"https:\/\/api.w.org\/{rel}","templated":true}]}}