{"id":13221,"date":"2025-06-29T14:54:07","date_gmt":"2025-06-29T12:54:07","guid":{"rendered":"https:\/\/uj.adatbank.ro\/lexikon\/termek\/kraus-paulinus-paulus\/"},"modified":"2025-06-29T14:54:07","modified_gmt":"2025-06-29T12:54:07","slug":"kraus-paulinus-paulus","status":"publish","type":"product","link":"https:\/\/uj.adatbank.ro\/lexikon\/termek\/kraus-paulinus-paulus\/","title":{"rendered":"KRAUS, Paulinus Paulus"},"content":{"rendered":"<p>Apold (Maros), ? \u2020 H\u00e9gen (Szeben), 1773. dec. 8.: tan\u00e1r, pap. \u2013 J\u00e9n\u00e1ban tanu, Andreas ; lt (1740(; lektor Segesv\u00e1ron majd pap. <br \/><strong>Irod.:<\/strong> Szab\u00f3\u2013Sz\u00f6gi<\/br><\/p>\n","protected":false},"excerpt":{"rendered":"<p>Apold (Maros), ? \u2020 H\u00e9gen (Szeben), 1773. dec. 8.: tan\u00e1r, pap. \u2013 J\u00e9n\u00e1ban tanu, Andreas ; lt (1740(; lektor Segesv\u00e1ron majd pap. Irod.: Szab\u00f3\u2013Sz\u00f6gi<\/p>\n","protected":false},"featured_media":0,"comment_status":"open","ping_status":"closed","template":"","meta":[],"product_brand":[],"product_cat":[137],"product_tag":[],"class_list":{"0":"post-13221","1":"product","2":"type-product","3":"status-publish","5":"product_cat-maros-megyei-eletrajzi-lexikon","7":"first","8":"instock","9":"shipping-taxable","10":"product-type-simple"},"_links":{"self":[{"href":"https:\/\/uj.adatbank.ro\/lexikon\/wp-json\/wp\/v2\/product\/13221","targetHints":{"allow":["GET"]}}],"collection":[{"href":"https:\/\/uj.adatbank.ro\/lexikon\/wp-json\/wp\/v2\/product"}],"about":[{"href":"https:\/\/uj.adatbank.ro\/lexikon\/wp-json\/wp\/v2\/types\/product"}],"replies":[{"embeddable":true,"href":"https:\/\/uj.adatbank.ro\/lexikon\/wp-json\/wp\/v2\/comments?post=13221"}],"wp:attachment":[{"href":"https:\/\/uj.adatbank.ro\/lexikon\/wp-json\/wp\/v2\/media?parent=13221"}],"wp:term":[{"taxonomy":"product_brand","embeddable":true,"href":"https:\/\/uj.adatbank.ro\/lexikon\/wp-json\/wp\/v2\/product_brand?post=13221"},{"taxonomy":"product_cat","embeddable":true,"href":"https:\/\/uj.adatbank.ro\/lexikon\/wp-json\/wp\/v2\/product_cat?post=13221"},{"taxonomy":"product_tag","embeddable":true,"href":"https:\/\/uj.adatbank.ro\/lexikon\/wp-json\/wp\/v2\/product_tag?post=13221"}],"curies":[{"name":"wp","href":"https:\/\/api.w.org\/{rel}","templated":true}]}}