{"id":13224,"date":"2025-06-29T14:54:14","date_gmt":"2025-06-29T12:54:14","guid":{"rendered":"https:\/\/uj.adatbank.ro\/lexikon\/termek\/krauss-andreas-krausz-andras\/"},"modified":"2025-06-29T14:54:14","modified_gmt":"2025-06-29T12:54:14","slug":"krauss-andreas-krausz-andras","status":"publish","type":"product","link":"https:\/\/uj.adatbank.ro\/lexikon\/termek\/krauss-andreas-krausz-andras\/","title":{"rendered":"KRAUSS Andreas; Krausz Andr\u00e1s"},"content":{"rendered":"<p>Segesv\u00e1r, ? \u2020 Apold, 1729. nov. 25.: ev. lelk\u00e9sz. \u2013 J\u00e9n\u00e1ban tanult (1696\u2013). Rektor Segesv\u00e1ron (1699\u2013); lelk\u00e9sz Segesden (1705\u201306), majd Apoldon hal\u00e1l\u00e1ig (1715\u201329). \u2013 <strong>F. m.:<\/strong> Logica Memorialis Dichotomica, Methodo gaudens planissima et hoc novitatis involvente, ut illae Logices Doctrinae, quae propter alias ejusdem doctrinas sunt, ad illas, propter quas sunt, proxime referantur, atque sic statim, quo eaedem conducant, perspici possit. Praeside M. Jo. Philippo. Treiber. (Jenae, 1698); Dissertationvm De Svmmis Rervm Generibvs Tertia, in qua Paradoxon hoc Logicum: Accidens Praedicabile et Praedicamentale Plane Non Differunt, Benignissimo permissu Amplissimae Facultatis Philosophicae In Alma Salana D. v. Aprilis MDCIC publice discutiendum exhibebit. Praeside M. Jo. Philippo Treiber. Respondens. (Jenae, ? ). <br \/><strong>Irod.:<\/strong> Apold; Magyar t\u00f6rt\u00e9nemi t\u00e1r (Pest., 1855\u201363); Szinnyei<\/br><\/p>\n","protected":false},"excerpt":{"rendered":"<p>Segesv\u00e1r, ? \u2020 Apold, 1729. nov. 25.: ev. lelk\u00e9sz. \u2013 J\u00e9n\u00e1ban tanult (1696\u2013). Rektor Segesv\u00e1ron (1699\u2013); lelk\u00e9sz Segesden (1705\u201306), majd Apoldon hal\u00e1l\u00e1ig (1715\u201329). \u2013 F. m.: Logica Memorialis Dichotomica, Methodo gaudens planissima et hoc novitatis involvente, ut illae Logices Doctrinae, quae propter alias ejusdem doctrinas sunt, ad illas, propter quas sunt, proxime referantur, atque sic [&hellip;]<\/p>\n","protected":false},"featured_media":0,"comment_status":"open","ping_status":"closed","template":"","meta":[],"product_brand":[],"product_cat":[137],"product_tag":[],"class_list":{"0":"post-13224","1":"product","2":"type-product","3":"status-publish","5":"product_cat-maros-megyei-eletrajzi-lexikon","7":"first","8":"instock","9":"shipping-taxable","10":"product-type-simple"},"_links":{"self":[{"href":"https:\/\/uj.adatbank.ro\/lexikon\/wp-json\/wp\/v2\/product\/13224","targetHints":{"allow":["GET"]}}],"collection":[{"href":"https:\/\/uj.adatbank.ro\/lexikon\/wp-json\/wp\/v2\/product"}],"about":[{"href":"https:\/\/uj.adatbank.ro\/lexikon\/wp-json\/wp\/v2\/types\/product"}],"replies":[{"embeddable":true,"href":"https:\/\/uj.adatbank.ro\/lexikon\/wp-json\/wp\/v2\/comments?post=13224"}],"wp:attachment":[{"href":"https:\/\/uj.adatbank.ro\/lexikon\/wp-json\/wp\/v2\/media?parent=13224"}],"wp:term":[{"taxonomy":"product_brand","embeddable":true,"href":"https:\/\/uj.adatbank.ro\/lexikon\/wp-json\/wp\/v2\/product_brand?post=13224"},{"taxonomy":"product_cat","embeddable":true,"href":"https:\/\/uj.adatbank.ro\/lexikon\/wp-json\/wp\/v2\/product_cat?post=13224"},{"taxonomy":"product_tag","embeddable":true,"href":"https:\/\/uj.adatbank.ro\/lexikon\/wp-json\/wp\/v2\/product_tag?post=13224"}],"curies":[{"name":"wp","href":"https:\/\/api.w.org\/{rel}","templated":true}]}}