{"id":13225,"date":"2025-06-29T14:54:15","date_gmt":"2025-06-29T12:54:15","guid":{"rendered":"https:\/\/uj.adatbank.ro\/lexikon\/termek\/krauss-emil\/"},"modified":"2025-06-29T14:54:15","modified_gmt":"2025-06-29T12:54:15","slug":"krauss-emil","status":"publish","type":"product","link":"https:\/\/uj.adatbank.ro\/lexikon\/termek\/krauss-emil\/","title":{"rendered":"KRAUSS, Emil"},"content":{"rendered":"<p>Segesv\u00e1r, 1840. j\u00fan. 1., \u2020 Hamburg, 1889. szept. 1.: opera\u00e9nekes. \u2013 Els\u0151 szerz\u0151d\u00e9se a b\u00e9csi udvari oper\u00e1ban volt (1871\u201375), azut\u00e1n Z\u00fcrichben \u00e9s Chemnitzben, majd K\u00f6lnben (1878\u201381), v\u00e9g\u00fcl Hamburgban az \u00c1llami oper\u00e1ban \u00e9nekelt, ahol hal\u00e1l\u00e1ig m\u0171k\u00f6d\u00f6tt. Vend\u00e9gm\u0171v\u00e9szk\u00e9nt fell\u00e9pett Szebenbn \u00e9s Segesv\u00e1ron (1875 \u00e9s 1876-ban). <br \/><strong>Irod.:<\/strong> LSS<\/br><\/p>\n","protected":false},"excerpt":{"rendered":"<p>Segesv\u00e1r, 1840. j\u00fan. 1., \u2020 Hamburg, 1889. szept. 1.: opera\u00e9nekes. \u2013 Els\u0151 szerz\u0151d\u00e9se a b\u00e9csi udvari oper\u00e1ban volt (1871\u201375), azut\u00e1n Z\u00fcrichben \u00e9s Chemnitzben, majd K\u00f6lnben (1878\u201381), v\u00e9g\u00fcl Hamburgban az \u00c1llami oper\u00e1ban \u00e9nekelt, ahol hal\u00e1l\u00e1ig m\u0171k\u00f6d\u00f6tt. Vend\u00e9gm\u0171v\u00e9szk\u00e9nt fell\u00e9pett Szebenbn \u00e9s Segesv\u00e1ron (1875 \u00e9s 1876-ban). Irod.: LSS<\/p>\n","protected":false},"featured_media":0,"comment_status":"open","ping_status":"closed","template":"","meta":[],"product_brand":[],"product_cat":[137],"product_tag":[],"class_list":{"0":"post-13225","1":"product","2":"type-product","3":"status-publish","5":"product_cat-maros-megyei-eletrajzi-lexikon","7":"first","8":"instock","9":"shipping-taxable","10":"product-type-simple"},"_links":{"self":[{"href":"https:\/\/uj.adatbank.ro\/lexikon\/wp-json\/wp\/v2\/product\/13225","targetHints":{"allow":["GET"]}}],"collection":[{"href":"https:\/\/uj.adatbank.ro\/lexikon\/wp-json\/wp\/v2\/product"}],"about":[{"href":"https:\/\/uj.adatbank.ro\/lexikon\/wp-json\/wp\/v2\/types\/product"}],"replies":[{"embeddable":true,"href":"https:\/\/uj.adatbank.ro\/lexikon\/wp-json\/wp\/v2\/comments?post=13225"}],"wp:attachment":[{"href":"https:\/\/uj.adatbank.ro\/lexikon\/wp-json\/wp\/v2\/media?parent=13225"}],"wp:term":[{"taxonomy":"product_brand","embeddable":true,"href":"https:\/\/uj.adatbank.ro\/lexikon\/wp-json\/wp\/v2\/product_brand?post=13225"},{"taxonomy":"product_cat","embeddable":true,"href":"https:\/\/uj.adatbank.ro\/lexikon\/wp-json\/wp\/v2\/product_cat?post=13225"},{"taxonomy":"product_tag","embeddable":true,"href":"https:\/\/uj.adatbank.ro\/lexikon\/wp-json\/wp\/v2\/product_tag?post=13225"}],"curies":[{"name":"wp","href":"https:\/\/api.w.org\/{rel}","templated":true}]}}