{"id":13230,"date":"2025-06-29T14:54:25","date_gmt":"2025-06-29T12:54:25","guid":{"rendered":"https:\/\/uj.adatbank.ro\/lexikon\/termek\/krauss-georg-gregorius\/"},"modified":"2025-06-29T14:54:25","modified_gmt":"2025-06-29T12:54:25","slug":"krauss-georg-gregorius","status":"publish","type":"product","link":"https:\/\/uj.adatbank.ro\/lexikon\/termek\/krauss-georg-gregorius\/","title":{"rendered":"KRAUSS, Georg, Gregorius"},"content":{"rendered":"<p>Segesv\u00e1r, 1650. jan. 25., \u2020 Berethalom (Szeben), 1712. aug. 5.: ev. lelk\u00e9sz, p\u00fcsp\u00f6k, Kraus G. el\u0151bbinek fia, \u2013 Akad\u00e9miai p\u00e1ly\u00e1j\u00e1t Pozsonyban kezdte (1668 k\u00f6r\u00fcl) ; a lipcsei egyetem hallgat\u00f3ja volt (1669); segesdi lelk\u00e9sz lett (1678\u201384); a segesv\u00e1riak v\u00e1lasztott\u00e1k meg lelk\u00e9sz\u00fcknek (1684), szuperintendensnek (1711. jan. 19\u20131712). Erd\u00e9ly t\u00f6rt\u00e9net\u00e9re vonatkoz\u00f3 iratai csal\u00e1dja k\u00f6r\u00e9ben elkall\u00f3dtak. \u2013 <strong>F. m.:<\/strong> Hagar Sarae, hoc est, Philosophia prima Theologia ancilla se se submittens, quae partem Metaphysicae generalem, sectione exegetica brevi praemissa, porismaticam exhibet, principiorum omnium et singulorum theologicum usum uberrimum aperiendo, et nefandissimum abusum detegendo. Cuius disputationem praesentem, Praeside Joanne Faustio. solenniter sistit. (Argentorati, 1668). <br \/><strong>Irod.:<\/strong> Apold; LSS; Profiluri Mure\u015fene. 1.; Szinnyei<\/br><\/p>\n","protected":false},"excerpt":{"rendered":"<p>Segesv\u00e1r, 1650. jan. 25., \u2020 Berethalom (Szeben), 1712. aug. 5.: ev. lelk\u00e9sz, p\u00fcsp\u00f6k, Kraus G. el\u0151bbinek fia, \u2013 Akad\u00e9miai p\u00e1ly\u00e1j\u00e1t Pozsonyban kezdte (1668 k\u00f6r\u00fcl) ; a lipcsei egyetem hallgat\u00f3ja volt (1669); segesdi lelk\u00e9sz lett (1678\u201384); a segesv\u00e1riak v\u00e1lasztott\u00e1k meg lelk\u00e9sz\u00fcknek (1684), szuperintendensnek (1711. jan. 19\u20131712). Erd\u00e9ly t\u00f6rt\u00e9net\u00e9re vonatkoz\u00f3 iratai csal\u00e1dja k\u00f6r\u00e9ben elkall\u00f3dtak. \u2013 F. m.: [&hellip;]<\/p>\n","protected":false},"featured_media":0,"comment_status":"open","ping_status":"closed","template":"","meta":[],"product_brand":[],"product_cat":[137],"product_tag":[],"class_list":{"0":"post-13230","1":"product","2":"type-product","3":"status-publish","5":"product_cat-maros-megyei-eletrajzi-lexikon","7":"first","8":"instock","9":"shipping-taxable","10":"product-type-simple"},"_links":{"self":[{"href":"https:\/\/uj.adatbank.ro\/lexikon\/wp-json\/wp\/v2\/product\/13230","targetHints":{"allow":["GET"]}}],"collection":[{"href":"https:\/\/uj.adatbank.ro\/lexikon\/wp-json\/wp\/v2\/product"}],"about":[{"href":"https:\/\/uj.adatbank.ro\/lexikon\/wp-json\/wp\/v2\/types\/product"}],"replies":[{"embeddable":true,"href":"https:\/\/uj.adatbank.ro\/lexikon\/wp-json\/wp\/v2\/comments?post=13230"}],"wp:attachment":[{"href":"https:\/\/uj.adatbank.ro\/lexikon\/wp-json\/wp\/v2\/media?parent=13230"}],"wp:term":[{"taxonomy":"product_brand","embeddable":true,"href":"https:\/\/uj.adatbank.ro\/lexikon\/wp-json\/wp\/v2\/product_brand?post=13230"},{"taxonomy":"product_cat","embeddable":true,"href":"https:\/\/uj.adatbank.ro\/lexikon\/wp-json\/wp\/v2\/product_cat?post=13230"},{"taxonomy":"product_tag","embeddable":true,"href":"https:\/\/uj.adatbank.ro\/lexikon\/wp-json\/wp\/v2\/product_tag?post=13230"}],"curies":[{"name":"wp","href":"https:\/\/api.w.org\/{rel}","templated":true}]}}