{"id":13231,"date":"2025-06-29T14:54:27","date_gmt":"2025-06-29T12:54:27","guid":{"rendered":"https:\/\/uj.adatbank.ro\/lexikon\/termek\/krauss-johann-georg\/"},"modified":"2025-06-29T14:54:27","modified_gmt":"2025-06-29T12:54:27","slug":"krauss-johann-georg","status":"publish","type":"product","link":"https:\/\/uj.adatbank.ro\/lexikon\/termek\/krauss-johann-georg\/","title":{"rendered":"KRAUSS, Johann Georg"},"content":{"rendered":"<p>Segesv\u00e1r ? \u2020 Pr\u00e1zsm\u00e1r (Brass\u00f3), 1781.: ev. lelk\u00e9sz. \u2013 Hazai tanulm\u00e1nyai befejezt\u00e9vel k\u00fclf\u00f6ldre ment, J\u00e9n\u00e1ban fejlesztette tud\u00e1s\u00e1t mint egyetemi hallgat\u00f3 (1732). Hazat\u00e9rve lel\u0151bb m\u00e1sidpap Segesv\u00e1rt, majd lelk\u00e9sz Pr\u00e1zsm\u00e1ron, Nagysinken. Pietista hat\u00e1sra k\u00e9sz\u00fclt m\u0171ve. \u2013 <strong>F. m.:<\/strong> Das himmlisch gesinnte Herz vom zuk\u00fcnftigen Leben oder glaubensvolle, heilige, nothwendige Gedanken, ewig selig zu werden in Frag und Antwort k\u00fcrzlich abgefasst und mit Approbation Sr. Hochw. Des H. Jesai\u00e4 Friedrich Weissenborn\u2019s, der gottesf\u00fcrchtigen Jugend zur seeligen Aufmunterung vorgestellt. (Jena und Leipzig, 1733). <br \/><strong>Irod.:<\/strong> Szab\u00f3\u2013Sz\u00f6gi; Szinnyei; Zov\u00e1nyi<\/br><\/p>\n","protected":false},"excerpt":{"rendered":"<p>Segesv\u00e1r ? \u2020 Pr\u00e1zsm\u00e1r (Brass\u00f3), 1781.: ev. lelk\u00e9sz. \u2013 Hazai tanulm\u00e1nyai befejezt\u00e9vel k\u00fclf\u00f6ldre ment, J\u00e9n\u00e1ban fejlesztette tud\u00e1s\u00e1t mint egyetemi hallgat\u00f3 (1732). Hazat\u00e9rve lel\u0151bb m\u00e1sidpap Segesv\u00e1rt, majd lelk\u00e9sz Pr\u00e1zsm\u00e1ron, Nagysinken. Pietista hat\u00e1sra k\u00e9sz\u00fclt m\u0171ve. \u2013 F. m.: Das himmlisch gesinnte Herz vom zuk\u00fcnftigen Leben oder glaubensvolle, heilige, nothwendige Gedanken, ewig selig zu werden in Frag und [&hellip;]<\/p>\n","protected":false},"featured_media":0,"comment_status":"open","ping_status":"closed","template":"","meta":[],"product_brand":[],"product_cat":[137],"product_tag":[],"class_list":{"0":"post-13231","1":"product","2":"type-product","3":"status-publish","5":"product_cat-maros-megyei-eletrajzi-lexikon","7":"first","8":"instock","9":"shipping-taxable","10":"product-type-simple"},"_links":{"self":[{"href":"https:\/\/uj.adatbank.ro\/lexikon\/wp-json\/wp\/v2\/product\/13231","targetHints":{"allow":["GET"]}}],"collection":[{"href":"https:\/\/uj.adatbank.ro\/lexikon\/wp-json\/wp\/v2\/product"}],"about":[{"href":"https:\/\/uj.adatbank.ro\/lexikon\/wp-json\/wp\/v2\/types\/product"}],"replies":[{"embeddable":true,"href":"https:\/\/uj.adatbank.ro\/lexikon\/wp-json\/wp\/v2\/comments?post=13231"}],"wp:attachment":[{"href":"https:\/\/uj.adatbank.ro\/lexikon\/wp-json\/wp\/v2\/media?parent=13231"}],"wp:term":[{"taxonomy":"product_brand","embeddable":true,"href":"https:\/\/uj.adatbank.ro\/lexikon\/wp-json\/wp\/v2\/product_brand?post=13231"},{"taxonomy":"product_cat","embeddable":true,"href":"https:\/\/uj.adatbank.ro\/lexikon\/wp-json\/wp\/v2\/product_cat?post=13231"},{"taxonomy":"product_tag","embeddable":true,"href":"https:\/\/uj.adatbank.ro\/lexikon\/wp-json\/wp\/v2\/product_tag?post=13231"}],"curies":[{"name":"wp","href":"https:\/\/api.w.org\/{rel}","templated":true}]}}