{"id":13234,"date":"2025-06-29T14:54:35","date_gmt":"2025-06-29T12:54:35","guid":{"rendered":"https:\/\/uj.adatbank.ro\/lexikon\/termek\/krausz-david-%c2%a7\/"},"modified":"2025-06-29T14:54:35","modified_gmt":"2025-06-29T12:54:35","slug":"krausz-david-%c2%a7","status":"publish","type":"product","link":"https:\/\/uj.adatbank.ro\/lexikon\/termek\/krausz-david-%c2%a7\/","title":{"rendered":"KRAUSZ D\u00e1vid, \u00a7"},"content":{"rendered":"<p>Sz\u00e1szvessz\u0151d (Szeben), 1890., \u2020 ?: b\u0151rkeresked\u0151. \u2013 A Krausz csal\u00e1d \u0151sei hossz\u00fa \u00e9vsz\u00e1zadok \u00f3ta \u00e9ltek Erd\u00e9lyben \u00e9s mint f\u00f6ldbirtokosok \u00e9s keresked\u0151k tev\u00e9kenykedtek. Iskol\u00e1i elv\u00e9gz\u00e9se ut\u00e1n keresked\u00e9st tanult. Az els\u0151 vh.-ban (1914. aug. \u2013 16. aug.) az orosz fronton megsebes\u00fclt, jobb karj\u00e1t elvesztette. <strong>Kit\u00fcntet\u00e9sei:<\/strong> O1, O 2., K\u00e1roly cs. k. ig. a. Konyak-, lik\u00f6r- rum- \u00e9s bor rakt\u00e1rat l\u00e9tes\u00edtettek (1920). \u0150n\u00e1ll\u00f3 Mv.-en (1922\u2013). A Krausz Testv\u00e9rek c\u00e9ge Mv.-en 1903 \u00f3ta m\u0171k\u00f6d\u00f6tt. D\u00e1vid, Vilmos \u00e9s \u00d6d\u00f6n tulajdon\u00e1ban volt a mv.-i Krausz Testv\u00e9rek cukorkagy\u00e1ra n\u00e9vvel alap\u00edtott gy\u00e1r (1922) \u00e9s konyak, lik\u00f6r, rum \u00e9s borrakt\u00e1r \u00e1r\u00facikkeivel az eg\u00e9sz Sz\u00e9kelyf\u00f6ldet \u00e9s k\u00f6rny\u00e9k\u00e9t ell\u00e1ta. J\u00f3 h\u00edrn\u00e9vnek \u00f6rvend\u0151 c\u00e9g\u00fck 48 alkalmazottat foglalkoztatott. H\u00e1rom testv\u00e9r Hazafias \u00e9s kultur\u00e1lis egyes\u00fcletek t\u00e1mogat\u00f3ja volt. Egyike a mv.-i 5 kiv\u00e9telezett zsid\u00f3nak, akit nem h\u00farcoltak az Auschwitz-Birkenau hal\u00e1lt\u00e1borba (1944. m\u00e1j. 29.) <br \/><strong>Irod.:<\/strong> EBKL; M. hadviselt zsid\u00f3k; Mv. zsid\u00f3s\u00e1ga; Pan\u0103; Sz\u00e9kelyf\u00f6ld \u00ed. k.<\/br><\/p>\n","protected":false},"excerpt":{"rendered":"<p>Sz\u00e1szvessz\u0151d (Szeben), 1890., \u2020 ?: b\u0151rkeresked\u0151. \u2013 A Krausz csal\u00e1d \u0151sei hossz\u00fa \u00e9vsz\u00e1zadok \u00f3ta \u00e9ltek Erd\u00e9lyben \u00e9s mint f\u00f6ldbirtokosok \u00e9s keresked\u0151k tev\u00e9kenykedtek. Iskol\u00e1i elv\u00e9gz\u00e9se ut\u00e1n keresked\u00e9st tanult. Az els\u0151 vh.-ban (1914. aug. \u2013 16. aug.) az orosz fronton megsebes\u00fclt, jobb karj\u00e1t elvesztette. Kit\u00fcntet\u00e9sei: O1, O 2., K\u00e1roly cs. k. ig. a. Konyak-, lik\u00f6r- rum- \u00e9s [&hellip;]<\/p>\n","protected":false},"featured_media":0,"comment_status":"open","ping_status":"closed","template":"","meta":[],"product_brand":[],"product_cat":[137],"product_tag":[],"class_list":{"0":"post-13234","1":"product","2":"type-product","3":"status-publish","5":"product_cat-maros-megyei-eletrajzi-lexikon","7":"first","8":"instock","9":"shipping-taxable","10":"product-type-simple"},"_links":{"self":[{"href":"https:\/\/uj.adatbank.ro\/lexikon\/wp-json\/wp\/v2\/product\/13234","targetHints":{"allow":["GET"]}}],"collection":[{"href":"https:\/\/uj.adatbank.ro\/lexikon\/wp-json\/wp\/v2\/product"}],"about":[{"href":"https:\/\/uj.adatbank.ro\/lexikon\/wp-json\/wp\/v2\/types\/product"}],"replies":[{"embeddable":true,"href":"https:\/\/uj.adatbank.ro\/lexikon\/wp-json\/wp\/v2\/comments?post=13234"}],"wp:attachment":[{"href":"https:\/\/uj.adatbank.ro\/lexikon\/wp-json\/wp\/v2\/media?parent=13234"}],"wp:term":[{"taxonomy":"product_brand","embeddable":true,"href":"https:\/\/uj.adatbank.ro\/lexikon\/wp-json\/wp\/v2\/product_brand?post=13234"},{"taxonomy":"product_cat","embeddable":true,"href":"https:\/\/uj.adatbank.ro\/lexikon\/wp-json\/wp\/v2\/product_cat?post=13234"},{"taxonomy":"product_tag","embeddable":true,"href":"https:\/\/uj.adatbank.ro\/lexikon\/wp-json\/wp\/v2\/product_tag?post=13234"}],"curies":[{"name":"wp","href":"https:\/\/api.w.org\/{rel}","templated":true}]}}