{"id":13236,"date":"2025-06-29T14:54:38","date_gmt":"2025-06-29T12:54:38","guid":{"rendered":"https:\/\/uj.adatbank.ro\/lexikon\/termek\/krausz-gabor-%c2%a7\/"},"modified":"2025-06-29T14:54:38","modified_gmt":"2025-06-29T12:54:38","slug":"krausz-gabor-%c2%a7","status":"publish","type":"product","link":"https:\/\/uj.adatbank.ro\/lexikon\/termek\/krausz-gabor-%c2%a7\/","title":{"rendered":"KRAUSZ G\u00e1bor, \u00a7"},"content":{"rendered":"<p>Erzs\u00e9betv\u00e1ros 1899., \u2020 ? : f\u0171szerkeresked\u0151. \u2013 Iskol\u00e1it Dics\u0151szentm\u00e1rtonban v\u00e9gezte, a f\u0171szerszakm\u00e1t Medgyesen \u00e9s \u00e9desapja \u00fczlet\u00e9ben saj\u00e1t\u00edtotta el. Az els\u0151 vh.-ban az 50. gy. ezr.-ben az olasz fronton teljes\u00edtett szolg\u00e1latot mint gyalogos, telefonos. Kit\u00fcntet\u00e9se: K\u00e1roly cs. k. ig. a. \u00d6n\u00e1ll\u00f3 lett Mv.-en (1927\u2013). Mv.-r\u0151l deport\u00e1lt\u00e1k feles\u00e9g\u00e9vel (1909\u2013) egy\u00fctt (1944. m\u00e1j. 29.). <br \/><strong>Irod.:<\/strong> M. hadviselt zsid\u00f3k; Mv. Zsid\u00f3s\u00e1ga; Sz\u00e9kelyf\u00f6ld \u00ed. k.<\/br><\/p>\n","protected":false},"excerpt":{"rendered":"<p>Erzs\u00e9betv\u00e1ros 1899., \u2020 ? : f\u0171szerkeresked\u0151. \u2013 Iskol\u00e1it Dics\u0151szentm\u00e1rtonban v\u00e9gezte, a f\u0171szerszakm\u00e1t Medgyesen \u00e9s \u00e9desapja \u00fczlet\u00e9ben saj\u00e1t\u00edtotta el. Az els\u0151 vh.-ban az 50. gy. ezr.-ben az olasz fronton teljes\u00edtett szolg\u00e1latot mint gyalogos, telefonos. Kit\u00fcntet\u00e9se: K\u00e1roly cs. k. ig. a. \u00d6n\u00e1ll\u00f3 lett Mv.-en (1927\u2013). Mv.-r\u0151l deport\u00e1lt\u00e1k feles\u00e9g\u00e9vel (1909\u2013) egy\u00fctt (1944. m\u00e1j. 29.). Irod.: M. hadviselt zsid\u00f3k; [&hellip;]<\/p>\n","protected":false},"featured_media":0,"comment_status":"open","ping_status":"closed","template":"","meta":[],"product_brand":[],"product_cat":[137],"product_tag":[],"class_list":{"0":"post-13236","1":"product","2":"type-product","3":"status-publish","5":"product_cat-maros-megyei-eletrajzi-lexikon","7":"first","8":"instock","9":"shipping-taxable","10":"product-type-simple"},"_links":{"self":[{"href":"https:\/\/uj.adatbank.ro\/lexikon\/wp-json\/wp\/v2\/product\/13236","targetHints":{"allow":["GET"]}}],"collection":[{"href":"https:\/\/uj.adatbank.ro\/lexikon\/wp-json\/wp\/v2\/product"}],"about":[{"href":"https:\/\/uj.adatbank.ro\/lexikon\/wp-json\/wp\/v2\/types\/product"}],"replies":[{"embeddable":true,"href":"https:\/\/uj.adatbank.ro\/lexikon\/wp-json\/wp\/v2\/comments?post=13236"}],"wp:attachment":[{"href":"https:\/\/uj.adatbank.ro\/lexikon\/wp-json\/wp\/v2\/media?parent=13236"}],"wp:term":[{"taxonomy":"product_brand","embeddable":true,"href":"https:\/\/uj.adatbank.ro\/lexikon\/wp-json\/wp\/v2\/product_brand?post=13236"},{"taxonomy":"product_cat","embeddable":true,"href":"https:\/\/uj.adatbank.ro\/lexikon\/wp-json\/wp\/v2\/product_cat?post=13236"},{"taxonomy":"product_tag","embeddable":true,"href":"https:\/\/uj.adatbank.ro\/lexikon\/wp-json\/wp\/v2\/product_tag?post=13236"}],"curies":[{"name":"wp","href":"https:\/\/api.w.org\/{rel}","templated":true}]}}