{"id":13238,"date":"2025-06-29T14:54:43","date_gmt":"2025-06-29T12:54:43","guid":{"rendered":"https:\/\/uj.adatbank.ro\/lexikon\/termek\/krausz-gyorgy\/"},"modified":"2025-06-29T14:54:43","modified_gmt":"2025-06-29T12:54:43","slug":"krausz-gyorgy","status":"publish","type":"product","link":"https:\/\/uj.adatbank.ro\/lexikon\/termek\/krausz-gyorgy\/","title":{"rendered":"KRAUSZ Gy\u00f6rgy"},"content":{"rendered":"<p>? \u2020 ? : fazekas. \u2013 Kv.-on tev\u00e9kenykedett (1798\u201322). H\u00e9derf\u00e1j\u00e1n a Bethlen S\u00e1muel kast\u00e9ly\u00e1ba k\u00e9sz\u00edtett z\u00f6ld \u00e9s feh\u00e9r k\u00e1lyh\u00e1kat (1804). <br \/><strong>Irod.:<\/strong> B. Nagy Margit 1970<\/br><\/p>\n","protected":false},"excerpt":{"rendered":"<p>? \u2020 ? : fazekas. \u2013 Kv.-on tev\u00e9kenykedett (1798\u201322). H\u00e9derf\u00e1j\u00e1n a Bethlen S\u00e1muel kast\u00e9ly\u00e1ba k\u00e9sz\u00edtett z\u00f6ld \u00e9s feh\u00e9r k\u00e1lyh\u00e1kat (1804). Irod.: B. Nagy Margit 1970<\/p>\n","protected":false},"featured_media":0,"comment_status":"open","ping_status":"closed","template":"","meta":[],"product_brand":[],"product_cat":[137],"product_tag":[],"class_list":{"0":"post-13238","1":"product","2":"type-product","3":"status-publish","5":"product_cat-maros-megyei-eletrajzi-lexikon","7":"first","8":"instock","9":"shipping-taxable","10":"product-type-simple"},"_links":{"self":[{"href":"https:\/\/uj.adatbank.ro\/lexikon\/wp-json\/wp\/v2\/product\/13238","targetHints":{"allow":["GET"]}}],"collection":[{"href":"https:\/\/uj.adatbank.ro\/lexikon\/wp-json\/wp\/v2\/product"}],"about":[{"href":"https:\/\/uj.adatbank.ro\/lexikon\/wp-json\/wp\/v2\/types\/product"}],"replies":[{"embeddable":true,"href":"https:\/\/uj.adatbank.ro\/lexikon\/wp-json\/wp\/v2\/comments?post=13238"}],"wp:attachment":[{"href":"https:\/\/uj.adatbank.ro\/lexikon\/wp-json\/wp\/v2\/media?parent=13238"}],"wp:term":[{"taxonomy":"product_brand","embeddable":true,"href":"https:\/\/uj.adatbank.ro\/lexikon\/wp-json\/wp\/v2\/product_brand?post=13238"},{"taxonomy":"product_cat","embeddable":true,"href":"https:\/\/uj.adatbank.ro\/lexikon\/wp-json\/wp\/v2\/product_cat?post=13238"},{"taxonomy":"product_tag","embeddable":true,"href":"https:\/\/uj.adatbank.ro\/lexikon\/wp-json\/wp\/v2\/product_tag?post=13238"}],"curies":[{"name":"wp","href":"https:\/\/api.w.org\/{rel}","templated":true}]}}