{"id":13240,"date":"2025-06-29T14:54:46","date_gmt":"2025-06-29T12:54:46","guid":{"rendered":"https:\/\/uj.adatbank.ro\/lexikon\/termek\/krausz-marton-%c2%a7\/"},"modified":"2025-06-29T14:54:46","modified_gmt":"2025-06-29T12:54:46","slug":"krausz-marton-%c2%a7","status":"publish","type":"product","link":"https:\/\/uj.adatbank.ro\/lexikon\/termek\/krausz-marton-%c2%a7\/","title":{"rendered":"KRAUSZ M\u00e1rton, \u00a7"},"content":{"rendered":"<p>Erzs\u00e9betv\u00e1ros, 1897., \u2020 ? : keresked\u0151. \u2013 Iskol\u00e1it Dics\u0151szentm\u00e1rtonban, Medgyesen \u00e9s Tapolc\u00e1n v\u00e9gezte. Az I. vh.-ban a 21. h. gy. e., majd a 4. h. gy. e.-ben honv\u00e9d (1916. okt. \u2013 18. nov.), az orosz harct\u00e9ren teljes\u00edtett arcvonalszolg\u00e1latot. <strong>Kit\u00fcntet\u00e9sei:<\/strong> K\u00e1roly cs. k., Ob ig. a. Mv.-en nyitott \u00fczletet (1918). Mint kis- \u00e9s nagybani keresked\u0151 kilenc embert foglalkoztatott, az Iparkamara tagja volt. Mv.-r\u0151l deport\u00e1lt\u00e1k feles\u00e9g\u00e9vel (1905\u2013) egy\u00fctt (1944. m\u00e1j. 29.). <br \/><strong>Irod.:<\/strong> M. hadviselt zsid\u00f3k; Mv. Zsid\u00f3s\u00e1ga; Sz\u00e9kelyf\u00f6ld \u00ed. k.<\/br><\/p>\n","protected":false},"excerpt":{"rendered":"<p>Erzs\u00e9betv\u00e1ros, 1897., \u2020 ? : keresked\u0151. \u2013 Iskol\u00e1it Dics\u0151szentm\u00e1rtonban, Medgyesen \u00e9s Tapolc\u00e1n v\u00e9gezte. Az I. vh.-ban a 21. h. gy. e., majd a 4. h. gy. e.-ben honv\u00e9d (1916. okt. \u2013 18. nov.), az orosz harct\u00e9ren teljes\u00edtett arcvonalszolg\u00e1latot. Kit\u00fcntet\u00e9sei: K\u00e1roly cs. k., Ob ig. a. Mv.-en nyitott \u00fczletet (1918). Mint kis- \u00e9s nagybani keresked\u0151 kilenc [&hellip;]<\/p>\n","protected":false},"featured_media":0,"comment_status":"open","ping_status":"closed","template":"","meta":[],"product_brand":[],"product_cat":[137],"product_tag":[],"class_list":{"0":"post-13240","1":"product","2":"type-product","3":"status-publish","5":"product_cat-maros-megyei-eletrajzi-lexikon","7":"first","8":"instock","9":"shipping-taxable","10":"product-type-simple"},"_links":{"self":[{"href":"https:\/\/uj.adatbank.ro\/lexikon\/wp-json\/wp\/v2\/product\/13240","targetHints":{"allow":["GET"]}}],"collection":[{"href":"https:\/\/uj.adatbank.ro\/lexikon\/wp-json\/wp\/v2\/product"}],"about":[{"href":"https:\/\/uj.adatbank.ro\/lexikon\/wp-json\/wp\/v2\/types\/product"}],"replies":[{"embeddable":true,"href":"https:\/\/uj.adatbank.ro\/lexikon\/wp-json\/wp\/v2\/comments?post=13240"}],"wp:attachment":[{"href":"https:\/\/uj.adatbank.ro\/lexikon\/wp-json\/wp\/v2\/media?parent=13240"}],"wp:term":[{"taxonomy":"product_brand","embeddable":true,"href":"https:\/\/uj.adatbank.ro\/lexikon\/wp-json\/wp\/v2\/product_brand?post=13240"},{"taxonomy":"product_cat","embeddable":true,"href":"https:\/\/uj.adatbank.ro\/lexikon\/wp-json\/wp\/v2\/product_cat?post=13240"},{"taxonomy":"product_tag","embeddable":true,"href":"https:\/\/uj.adatbank.ro\/lexikon\/wp-json\/wp\/v2\/product_tag?post=13240"}],"curies":[{"name":"wp","href":"https:\/\/api.w.org\/{rel}","templated":true}]}}