{"id":13241,"date":"2025-06-29T14:54:47","date_gmt":"2025-06-29T12:54:47","guid":{"rendered":"https:\/\/uj.adatbank.ro\/lexikon\/termek\/krausz-mor-krausz-moricz\/"},"modified":"2025-06-29T14:54:47","modified_gmt":"2025-06-29T12:54:47","slug":"krausz-mor-krausz-moricz","status":"publish","type":"product","link":"https:\/\/uj.adatbank.ro\/lexikon\/termek\/krausz-mor-krausz-moricz\/","title":{"rendered":"KRAUSZ M\u00f3r, Krausz M\u00f3ricz"},"content":{"rendered":"<p>? \u2020 ?: dr. \u00fcgyv\u00e9d, v\u00e1llalkoz\u00f3, igazgat\u00f3. \u2013 Cionista meggy\u0151z\u0151d\u00e9s\u0171 volt, az Erd\u00e9lyi Zsid\u00f3 V\u00e1laszt\u00e1si Blokk vez\u00e9re (1928). A mv.-i Cukorgy\u00e1r f\u0151igazgat\u00f3ja (1940\u201345. m\u00e1rc.). <br \/><strong>Irod.:<\/strong> Ferenczi ; Id\u0151t\u00e1r 3.<\/br><\/p>\n","protected":false},"excerpt":{"rendered":"<p>? \u2020 ?: dr. \u00fcgyv\u00e9d, v\u00e1llalkoz\u00f3, igazgat\u00f3. \u2013 Cionista meggy\u0151z\u0151d\u00e9s\u0171 volt, az Erd\u00e9lyi Zsid\u00f3 V\u00e1laszt\u00e1si Blokk vez\u00e9re (1928). A mv.-i Cukorgy\u00e1r f\u0151igazgat\u00f3ja (1940\u201345. m\u00e1rc.). Irod.: Ferenczi ; Id\u0151t\u00e1r 3.<\/p>\n","protected":false},"featured_media":0,"comment_status":"open","ping_status":"closed","template":"","meta":[],"product_brand":[],"product_cat":[137],"product_tag":[],"class_list":{"0":"post-13241","1":"product","2":"type-product","3":"status-publish","5":"product_cat-maros-megyei-eletrajzi-lexikon","7":"first","8":"instock","9":"shipping-taxable","10":"product-type-simple"},"_links":{"self":[{"href":"https:\/\/uj.adatbank.ro\/lexikon\/wp-json\/wp\/v2\/product\/13241","targetHints":{"allow":["GET"]}}],"collection":[{"href":"https:\/\/uj.adatbank.ro\/lexikon\/wp-json\/wp\/v2\/product"}],"about":[{"href":"https:\/\/uj.adatbank.ro\/lexikon\/wp-json\/wp\/v2\/types\/product"}],"replies":[{"embeddable":true,"href":"https:\/\/uj.adatbank.ro\/lexikon\/wp-json\/wp\/v2\/comments?post=13241"}],"wp:attachment":[{"href":"https:\/\/uj.adatbank.ro\/lexikon\/wp-json\/wp\/v2\/media?parent=13241"}],"wp:term":[{"taxonomy":"product_brand","embeddable":true,"href":"https:\/\/uj.adatbank.ro\/lexikon\/wp-json\/wp\/v2\/product_brand?post=13241"},{"taxonomy":"product_cat","embeddable":true,"href":"https:\/\/uj.adatbank.ro\/lexikon\/wp-json\/wp\/v2\/product_cat?post=13241"},{"taxonomy":"product_tag","embeddable":true,"href":"https:\/\/uj.adatbank.ro\/lexikon\/wp-json\/wp\/v2\/product_tag?post=13241"}],"curies":[{"name":"wp","href":"https:\/\/api.w.org\/{rel}","templated":true}]}}