{"id":13244,"date":"2025-06-29T14:54:54","date_gmt":"2025-06-29T12:54:54","guid":{"rendered":"https:\/\/uj.adatbank.ro\/lexikon\/termek\/krautner-samuel\/"},"modified":"2025-06-29T14:54:54","modified_gmt":"2025-06-29T12:54:54","slug":"krautner-samuel","status":"publish","type":"product","link":"https:\/\/uj.adatbank.ro\/lexikon\/termek\/krautner-samuel\/","title":{"rendered":"KR\u00c4UTNER Samuel"},"content":{"rendered":"<p>Petele (Maros), 1750. jan. 22., \u2020 Szeben, 1797. m\u00e1j. 14.: gy\u00f3gyszer\u00e9sz. \u2013 Elemi iskol\u00e1it elv\u00e9gezve gy\u00f3gyszer\u00e9szseg\u00e9d Beszterc\u00e9n (1765\u201371), Kv.-on a T. Mauksch gy\u00f3gyszert\u00e1rban gyakornok (1771\u201377); B\u00e9csben v\u00e9gzett gy\u00f3gyszer\u00e9szeti, orvosi, k\u00e9miai \u00e9s botanikai tanulm\u00e1nyokat (1777\u2013) Tanulm\u00e1nyai befejez\u00e9se ut\u00e1n (1780) Szebenben \u00e1tvette a Theiss patik\u00e1t, majd megv\u00e1s\u00e1rolta a Zum Schwarzen B\u00e4ren patik\u00e1t (1783). Hivat\u00e1sa mellett k\u00e9mi\u00e1val \u00e9s botanik\u00e1val foglalkozott, ismer\u0151je volt az erd\u00e9lyi gy\u00f3gyn\u00f6v\u00e9nyeknek. Kiigaz\u00edt\u00e1sokat \u00e9s kieg\u00e9sz\u00edt\u00e9seket k\u00f6z\u00f6lt Siegerius: Verzeichnis der in Siebenb\u00fcrgen heimischen offizinellen Pflanzen c. munk\u00e1j\u00e1hoz a Siebenb\u00fcrgen Quartalsschrift \u2013ben (1793, 1801). <br \/><strong>Irod.:<\/strong> LSS; Szab\u00f3\u2013Sz\u00f6gi; Szinnyei<\/br><\/p>\n","protected":false},"excerpt":{"rendered":"<p>Petele (Maros), 1750. jan. 22., \u2020 Szeben, 1797. m\u00e1j. 14.: gy\u00f3gyszer\u00e9sz. \u2013 Elemi iskol\u00e1it elv\u00e9gezve gy\u00f3gyszer\u00e9szseg\u00e9d Beszterc\u00e9n (1765\u201371), Kv.-on a T. Mauksch gy\u00f3gyszert\u00e1rban gyakornok (1771\u201377); B\u00e9csben v\u00e9gzett gy\u00f3gyszer\u00e9szeti, orvosi, k\u00e9miai \u00e9s botanikai tanulm\u00e1nyokat (1777\u2013) Tanulm\u00e1nyai befejez\u00e9se ut\u00e1n (1780) Szebenben \u00e1tvette a Theiss patik\u00e1t, majd megv\u00e1s\u00e1rolta a Zum Schwarzen B\u00e4ren patik\u00e1t (1783). Hivat\u00e1sa mellett k\u00e9mi\u00e1val \u00e9s [&hellip;]<\/p>\n","protected":false},"featured_media":0,"comment_status":"open","ping_status":"closed","template":"","meta":[],"product_brand":[],"product_cat":[137],"product_tag":[],"class_list":{"0":"post-13244","1":"product","2":"type-product","3":"status-publish","5":"product_cat-maros-megyei-eletrajzi-lexikon","7":"first","8":"instock","9":"shipping-taxable","10":"product-type-simple"},"_links":{"self":[{"href":"https:\/\/uj.adatbank.ro\/lexikon\/wp-json\/wp\/v2\/product\/13244","targetHints":{"allow":["GET"]}}],"collection":[{"href":"https:\/\/uj.adatbank.ro\/lexikon\/wp-json\/wp\/v2\/product"}],"about":[{"href":"https:\/\/uj.adatbank.ro\/lexikon\/wp-json\/wp\/v2\/types\/product"}],"replies":[{"embeddable":true,"href":"https:\/\/uj.adatbank.ro\/lexikon\/wp-json\/wp\/v2\/comments?post=13244"}],"wp:attachment":[{"href":"https:\/\/uj.adatbank.ro\/lexikon\/wp-json\/wp\/v2\/media?parent=13244"}],"wp:term":[{"taxonomy":"product_brand","embeddable":true,"href":"https:\/\/uj.adatbank.ro\/lexikon\/wp-json\/wp\/v2\/product_brand?post=13244"},{"taxonomy":"product_cat","embeddable":true,"href":"https:\/\/uj.adatbank.ro\/lexikon\/wp-json\/wp\/v2\/product_cat?post=13244"},{"taxonomy":"product_tag","embeddable":true,"href":"https:\/\/uj.adatbank.ro\/lexikon\/wp-json\/wp\/v2\/product_tag?post=13244"}],"curies":[{"name":"wp","href":"https:\/\/api.w.org\/{rel}","templated":true}]}}