{"id":13245,"date":"2025-06-29T14:54:55","date_gmt":"2025-06-29T12:54:55","guid":{"rendered":"https:\/\/uj.adatbank.ro\/lexikon\/termek\/krautner-traugott\/"},"modified":"2025-06-29T14:54:55","modified_gmt":"2025-06-29T12:54:55","slug":"krautner-traugott","status":"publish","type":"product","link":"https:\/\/uj.adatbank.ro\/lexikon\/termek\/krautner-traugott\/","title":{"rendered":"KR\u00c4UTNER, Traugott"},"content":{"rendered":"<p>Ludv\u00e9g (Maros), ? \u2020 K\u00e9kes\u00fajfalu (Sz\u00e1sz\u00fajfalu) (Beszterce), 1879. m\u00e1rc. 22.: tan\u00e1r, lelk\u00e9sz. \u2013 Tanult B\u00e9csben a m\u0171egyetem m\u00e9rn\u00f6ki kar\u00e1n. Lelk\u00e9sz Sz\u00e1sz\u00fajfalun (1847\u201379). <br \/><strong>Irod.:<\/strong> Szab\u00f3\u2013Sz\u00f6gi<\/br><\/p>\n","protected":false},"excerpt":{"rendered":"<p>Ludv\u00e9g (Maros), ? \u2020 K\u00e9kes\u00fajfalu (Sz\u00e1sz\u00fajfalu) (Beszterce), 1879. m\u00e1rc. 22.: tan\u00e1r, lelk\u00e9sz. \u2013 Tanult B\u00e9csben a m\u0171egyetem m\u00e9rn\u00f6ki kar\u00e1n. Lelk\u00e9sz Sz\u00e1sz\u00fajfalun (1847\u201379). Irod.: Szab\u00f3\u2013Sz\u00f6gi<\/p>\n","protected":false},"featured_media":0,"comment_status":"open","ping_status":"closed","template":"","meta":[],"product_brand":[],"product_cat":[137],"product_tag":[],"class_list":{"0":"post-13245","1":"product","2":"type-product","3":"status-publish","5":"product_cat-maros-megyei-eletrajzi-lexikon","7":"first","8":"instock","9":"shipping-taxable","10":"product-type-simple"},"_links":{"self":[{"href":"https:\/\/uj.adatbank.ro\/lexikon\/wp-json\/wp\/v2\/product\/13245","targetHints":{"allow":["GET"]}}],"collection":[{"href":"https:\/\/uj.adatbank.ro\/lexikon\/wp-json\/wp\/v2\/product"}],"about":[{"href":"https:\/\/uj.adatbank.ro\/lexikon\/wp-json\/wp\/v2\/types\/product"}],"replies":[{"embeddable":true,"href":"https:\/\/uj.adatbank.ro\/lexikon\/wp-json\/wp\/v2\/comments?post=13245"}],"wp:attachment":[{"href":"https:\/\/uj.adatbank.ro\/lexikon\/wp-json\/wp\/v2\/media?parent=13245"}],"wp:term":[{"taxonomy":"product_brand","embeddable":true,"href":"https:\/\/uj.adatbank.ro\/lexikon\/wp-json\/wp\/v2\/product_brand?post=13245"},{"taxonomy":"product_cat","embeddable":true,"href":"https:\/\/uj.adatbank.ro\/lexikon\/wp-json\/wp\/v2\/product_cat?post=13245"},{"taxonomy":"product_tag","embeddable":true,"href":"https:\/\/uj.adatbank.ro\/lexikon\/wp-json\/wp\/v2\/product_tag?post=13245"}],"curies":[{"name":"wp","href":"https:\/\/api.w.org\/{rel}","templated":true}]}}