{"id":13246,"date":"2025-06-29T14:54:56","date_gmt":"2025-06-29T12:54:56","guid":{"rendered":"https:\/\/uj.adatbank.ro\/lexikon\/termek\/krecsak-gyula-%c2%a7\/"},"modified":"2025-06-29T14:54:56","modified_gmt":"2025-06-29T12:54:56","slug":"krecsak-gyula-%c2%a7","status":"publish","type":"product","link":"https:\/\/uj.adatbank.ro\/lexikon\/termek\/krecsak-gyula-%c2%a7\/","title":{"rendered":"KRECS\u00c1K Gyula, \u00a7"},"content":{"rendered":"<p>Zilah, 1891, \u2020 ?: tisztvisel\u0151, f\u0151sz\u00e1mvev\u0151. \u2013 Irodaigazgat\u00f3 volt Mv.-en. R\u00e9szt vett az els\u0151 vh.-ban (1914\u201319), az orosz, rom\u00e1n, \u00e9s olasz fronton harcolt, majd olasz fogs\u00e1gba esett. Mint f\u0151hadnagy szerlet le kit\u00fcntet\u00e9sekkel. A v\u00e1rtemplom presbiter (1938). Az atl\u00e9tika, szertorna \u00e9s v\u00edv\u00f3-sportban tev\u00e9kenykedett Bp.-en \u00e9s Zilahon (1909\u201311); a MSE v\u00e1lasztm\u00e1nyi tagja (1920\u2013), ellen\u0151re, fel\u00fcgyel\u0151bizotts\u00e1gi tagja. B\u00e1tor elsz\u00e1nts\u00e1ggal k\u00fczd\u00f6tt a magyar sport \u00e9rdek\u00e9ben a hat\u00f3s\u00e1gokkal szemben, ez\u00e9rt egyes\u00fclete \u00f6r\u00f6k\u00f6s tiszteletbeli tagj\u00e1v\u00e1 v\u00e1lasztotta (1941). <br \/><strong>Irod.:<\/strong> Erd\u00e9lyi ezredek, Id\u0151t\u00e1r 3; Pluh\u00e1r<\/br><\/p>\n","protected":false},"excerpt":{"rendered":"<p>Zilah, 1891, \u2020 ?: tisztvisel\u0151, f\u0151sz\u00e1mvev\u0151. \u2013 Irodaigazgat\u00f3 volt Mv.-en. R\u00e9szt vett az els\u0151 vh.-ban (1914\u201319), az orosz, rom\u00e1n, \u00e9s olasz fronton harcolt, majd olasz fogs\u00e1gba esett. Mint f\u0151hadnagy szerlet le kit\u00fcntet\u00e9sekkel. A v\u00e1rtemplom presbiter (1938). Az atl\u00e9tika, szertorna \u00e9s v\u00edv\u00f3-sportban tev\u00e9kenykedett Bp.-en \u00e9s Zilahon (1909\u201311); a MSE v\u00e1lasztm\u00e1nyi tagja (1920\u2013), ellen\u0151re, fel\u00fcgyel\u0151bizotts\u00e1gi tagja. B\u00e1tor [&hellip;]<\/p>\n","protected":false},"featured_media":0,"comment_status":"open","ping_status":"closed","template":"","meta":[],"product_brand":[],"product_cat":[137],"product_tag":[],"class_list":{"0":"post-13246","1":"product","2":"type-product","3":"status-publish","5":"product_cat-maros-megyei-eletrajzi-lexikon","7":"first","8":"instock","9":"shipping-taxable","10":"product-type-simple"},"_links":{"self":[{"href":"https:\/\/uj.adatbank.ro\/lexikon\/wp-json\/wp\/v2\/product\/13246","targetHints":{"allow":["GET"]}}],"collection":[{"href":"https:\/\/uj.adatbank.ro\/lexikon\/wp-json\/wp\/v2\/product"}],"about":[{"href":"https:\/\/uj.adatbank.ro\/lexikon\/wp-json\/wp\/v2\/types\/product"}],"replies":[{"embeddable":true,"href":"https:\/\/uj.adatbank.ro\/lexikon\/wp-json\/wp\/v2\/comments?post=13246"}],"wp:attachment":[{"href":"https:\/\/uj.adatbank.ro\/lexikon\/wp-json\/wp\/v2\/media?parent=13246"}],"wp:term":[{"taxonomy":"product_brand","embeddable":true,"href":"https:\/\/uj.adatbank.ro\/lexikon\/wp-json\/wp\/v2\/product_brand?post=13246"},{"taxonomy":"product_cat","embeddable":true,"href":"https:\/\/uj.adatbank.ro\/lexikon\/wp-json\/wp\/v2\/product_cat?post=13246"},{"taxonomy":"product_tag","embeddable":true,"href":"https:\/\/uj.adatbank.ro\/lexikon\/wp-json\/wp\/v2\/product_tag?post=13246"}],"curies":[{"name":"wp","href":"https:\/\/api.w.org\/{rel}","templated":true}]}}