{"id":13248,"date":"2025-06-29T14:55:00","date_gmt":"2025-06-29T12:55:00","guid":{"rendered":"https:\/\/uj.adatbank.ro\/lexikon\/termek\/kreisz-sandor\/"},"modified":"2025-06-29T14:55:00","modified_gmt":"2025-06-29T12:55:00","slug":"kreisz-sandor","status":"publish","type":"product","link":"https:\/\/uj.adatbank.ro\/lexikon\/termek\/kreisz-sandor\/","title":{"rendered":"KREISZ S\u00e1ndor"},"content":{"rendered":"<p>? 1909. okt. 24., \u2020 ? : g\u00e9plakatos, munk\u00e1sigazgat\u00f3. \u2013 R\u00e9genben a Foresta Transilv\u0103nean\u0103 F\u0171r\u00e9sz\u00e1ru \u00e9s L\u00e1dagy\u00e1r f\u0151g\u00e9plakatosa (1945\u2013). Tagja a RMP. -nak (1947\u2013). A gy\u00e1r \u00e1llamos\u00edt\u00e1si bizotts\u00e1g\u00e1nak egyik vezet\u0151je, \u00e9s m\u0171szaki igazgat\u00f3nak nevezt\u00e9k ki (1948. j\u00fan. 11). <br \/><strong>Irod.:<\/strong> Bartos Zolt\u00e1n<\/br><\/p>\n","protected":false},"excerpt":{"rendered":"<p>? 1909. okt. 24., \u2020 ? : g\u00e9plakatos, munk\u00e1sigazgat\u00f3. \u2013 R\u00e9genben a Foresta Transilv\u0103nean\u0103 F\u0171r\u00e9sz\u00e1ru \u00e9s L\u00e1dagy\u00e1r f\u0151g\u00e9plakatosa (1945\u2013). Tagja a RMP. -nak (1947\u2013). A gy\u00e1r \u00e1llamos\u00edt\u00e1si bizotts\u00e1g\u00e1nak egyik vezet\u0151je, \u00e9s m\u0171szaki igazgat\u00f3nak nevezt\u00e9k ki (1948. j\u00fan. 11). Irod.: Bartos Zolt\u00e1n<\/p>\n","protected":false},"featured_media":0,"comment_status":"open","ping_status":"closed","template":"","meta":[],"product_brand":[],"product_cat":[137],"product_tag":[],"class_list":{"0":"post-13248","1":"product","2":"type-product","3":"status-publish","5":"product_cat-maros-megyei-eletrajzi-lexikon","7":"first","8":"instock","9":"shipping-taxable","10":"product-type-simple"},"_links":{"self":[{"href":"https:\/\/uj.adatbank.ro\/lexikon\/wp-json\/wp\/v2\/product\/13248","targetHints":{"allow":["GET"]}}],"collection":[{"href":"https:\/\/uj.adatbank.ro\/lexikon\/wp-json\/wp\/v2\/product"}],"about":[{"href":"https:\/\/uj.adatbank.ro\/lexikon\/wp-json\/wp\/v2\/types\/product"}],"replies":[{"embeddable":true,"href":"https:\/\/uj.adatbank.ro\/lexikon\/wp-json\/wp\/v2\/comments?post=13248"}],"wp:attachment":[{"href":"https:\/\/uj.adatbank.ro\/lexikon\/wp-json\/wp\/v2\/media?parent=13248"}],"wp:term":[{"taxonomy":"product_brand","embeddable":true,"href":"https:\/\/uj.adatbank.ro\/lexikon\/wp-json\/wp\/v2\/product_brand?post=13248"},{"taxonomy":"product_cat","embeddable":true,"href":"https:\/\/uj.adatbank.ro\/lexikon\/wp-json\/wp\/v2\/product_cat?post=13248"},{"taxonomy":"product_tag","embeddable":true,"href":"https:\/\/uj.adatbank.ro\/lexikon\/wp-json\/wp\/v2\/product_tag?post=13248"}],"curies":[{"name":"wp","href":"https:\/\/api.w.org\/{rel}","templated":true}]}}